{"id":141342,"date":"2017-05-12T18:46:11","date_gmt":"2017-05-12T18:46:11","guid":{"rendered":"https:\/\/www.delideli.zoner.dev\/tuote\/kuivattu-herkkutatti\/"},"modified":"2026-05-04T16:08:05","modified_gmt":"2026-05-04T16:08:05","slug":"kuivattu-herkkutatti","status":"publish","type":"product","link":"https:\/\/www.delideli.zoner.dev\/fin\/tuote\/kuivattu-herkkutatti\/","title":{"rendered":"Kuivattu herkkutatti 25g"},"content":{"rendered":"<p>Kuivattu herkkutatti on helppok\u00e4ytt\u00f6inen ja herkullinen raaka-aine moneen ruokalajiin. Liota sieni\u00e4 15 minuuttia haaleassa vedess\u00e4 ennen k\u00e4ytt\u00f6\u00e4, mink\u00e4 j\u00e4lkeen niit\u00e4 voi k\u00e4ytt\u00e4\u00e4 kuin tuoreitakin sieni\u00e4. K\u00e4yt\u00e4 hyv\u00e4ksesi my\u00f6s aromeja t\u00e4ynn\u00e4 oleva liotusvesi esimerkiksi risoton liemen\u00e4. Kuivattuja herkkutatteja voi k\u00e4ytt\u00e4\u00e4 esimerkiksi kastikkeessa my\u00f6s suoraan sellaisenaan murennettuna. T\u00e4ll\u00f6in on hyv\u00e4 ottaa huomioon kastikkeen nestem\u00e4\u00e4r\u00e4.<\/p>\n","protected":false},"excerpt":{"rendered":"<p>Kuivattu herkkutatti on arvostettu raaka-aine my\u00f6s ranskalaisessa keitti\u00f6ss\u00e4. La Maison Godardin kuivatuilla herkkutateilla valmistat herkulliset risotot, pastakastikkeet ja piiraat, vaikka sienionni ei olisikaan osunut kohdalle!<\/p>\n","protected":false},"featured_media":139631,"comment_status":"open","ping_status":"open","template":"","meta":{"_acf_changed":false},"product_brand":[635],"product_cat":[676,714],"product_tag":[],"class_list":{"0":"post-141342","1":"product","2":"type-product","3":"status-publish","4":"has-post-thumbnail","6":"product_brand-godard","7":"product_cat-suolaiset","8":"product_cat-tryffeli","9":"product_shipping_class-shipping-discount","10":"pa_alkuperamaa-ranska","12":"first","13":"instock","14":"taxable","15":"shipping-taxable","16":"purchasable","17":"product-type-simple","swatches":"rey-swatches","show_selected":""},"acf":[],"_links":{"self":[{"href":"https:\/\/www.delideli.zoner.dev\/fin\/wp-json\/wp\/v2\/product\/141342","targetHints":{"allow":["GET"]}}],"collection":[{"href":"https:\/\/www.delideli.zoner.dev\/fin\/wp-json\/wp\/v2\/product"}],"about":[{"href":"https:\/\/www.delideli.zoner.dev\/fin\/wp-json\/wp\/v2\/types\/product"}],"replies":[{"embeddable":true,"href":"https:\/\/www.delideli.zoner.dev\/fin\/wp-json\/wp\/v2\/comments?post=141342"}],"version-history":[{"count":0,"href":"https:\/\/www.delideli.zoner.dev\/fin\/wp-json\/wp\/v2\/product\/141342\/revisions"}],"wp:featuredmedia":[{"embeddable":true,"href":"https:\/\/www.delideli.zoner.dev\/fin\/wp-json\/wp\/v2\/media\/139631"}],"wp:attachment":[{"href":"https:\/\/www.delideli.zoner.dev\/fin\/wp-json\/wp\/v2\/media?parent=141342"}],"wp:term":[{"taxonomy":"product_brand","embeddable":true,"href":"https:\/\/www.delideli.zoner.dev\/fin\/wp-json\/wp\/v2\/product_brand?post=141342"},{"taxonomy":"product_cat","embeddable":true,"href":"https:\/\/www.delideli.zoner.dev\/fin\/wp-json\/wp\/v2\/product_cat?post=141342"},{"taxonomy":"product_tag","embeddable":true,"href":"https:\/\/www.delideli.zoner.dev\/fin\/wp-json\/wp\/v2\/product_tag?post=141342"}],"curies":[{"name":"wp","href":"https:\/\/api.w.org\/{rel}","templated":true}]}}