{"id":141346,"date":"2017-05-12T18:46:15","date_gmt":"2017-05-12T18:46:15","guid":{"rendered":"https:\/\/www.delideli.zoner.dev\/tuote\/kokonainen-ankanmaksa-lounais-ranska\/"},"modified":"2026-05-04T16:08:06","modified_gmt":"2026-05-04T16:08:06","slug":"kokonainen-ankanmaksa-lounais-ranska","status":"publish","type":"product","link":"https:\/\/www.delideli.zoner.dev\/fin\/tuote\/kokonainen-ankanmaksa-lounais-ranska\/","title":{"rendered":"Kokonainen ankanmaksa, Lounais-Ranska 125g"},"content":{"rendered":"<p>La Maison Godardin kokonainen ankanmaksa sis\u00e4lt\u00e4\u00e4 yhden kokonaisen ankanmaksan tai osan kokonaisesta maksasta, joka on s\u00e4il\u00f6tty ja kevyesti maustettu. Kyseess\u00e4 on herkkusuiden korkeasti arvostama, perinteinen ranskalaisen keitti\u00f6n tuote.<br \/>\nMaksa on ker\u00e4tty Lounais-Ranskassa ulkoilmassa kasvaneilta ja maissilla sy\u00f6tetyilt\u00e4 ankoilta. Ankkojen kasvattajat ovat lintujen hyvinvointiin sitoutuneita pientilallisia, jotka monesti kasvattavat ruokinnassa k\u00e4ytett\u00e4v\u00e4n maissin itse. La Maison Godardilla on my\u00f6s maksan alkuper\u00e4n vahvistava IGP-sertifiointi. Sertifiointi takaa tiukkojen laatukriteereiden t\u00e4yttymisen sek\u00e4 tuotteen j\u00e4ljitett\u00e4vyyden alkuper\u00e4iselle tilalle.<br \/>\nKokonainen ankanmaksa valmistetaan perinteisell\u00e4 tavalla ja suositellaan tarjoiltavan viile\u00e4n\u00e4. Se on terveellinen herkku, joka sis\u00e4lt\u00e4\u00e4 paljon hyvi\u00e4 rasvoja, rautaa, A-vitamiinia sek\u00e4 B9-vitamiinia eli foolihappoa.<br \/>\nVinkki: Laita kokonainen ankanmaksa pakkauksessaan j\u00e4\u00e4kaappiin muutamaa tuntia ennen tarjoilua. Ota se ulos noin 15 minuuttia ennen tarjoilua ja viipaloi se foie gras\u2019n paloitteluun tarkoitetulla viipaloijalla tai hienoter\u00e4isell\u00e4 veitsell\u00e4, jonka ter\u00e4 on kastettu kuumaan veteen. Tarjoile viipaleet kevyesti paahdettujen maalaisleip\u00e4viipaleiden kanssa.<\/p>\n","protected":false},"excerpt":{"rendered":"<p>Kokonainen ankanmaksa on ranskalaisessa keitti\u00f6ss\u00e4 arvostettu herkku. La Maison Godardin ankanmaksa on tuotettu valvotuissa ja el\u00e4inten hyvinvoinnin varmistavissa olosuhteissa. Tarjoile sellaisenaan viipaloituna paahdetun maalaisleiv\u00e4n p\u00e4\u00e4ll\u00e4 ja hyv\u00e4n viinin kera!<\/p>\n","protected":false},"featured_media":139635,"comment_status":"open","ping_status":"open","template":"","meta":{"_acf_changed":false},"product_brand":[635],"product_cat":[697,676],"product_tag":[180,181],"class_list":{"0":"post-141346","1":"product","2":"type-product","3":"status-publish","4":"has-post-thumbnail","6":"product_brand-godard","7":"product_cat-foie-gras","8":"product_cat-suolaiset","9":"product_tag-foie-gras","10":"product_tag-godard","11":"product_shipping_class-shipping-discount","12":"pa_alkuperamaa-ranska","14":"first","15":"instock","16":"taxable","17":"shipping-taxable","18":"purchasable","19":"product-type-simple","swatches":"rey-swatches","show_selected":""},"acf":[],"_links":{"self":[{"href":"https:\/\/www.delideli.zoner.dev\/fin\/wp-json\/wp\/v2\/product\/141346","targetHints":{"allow":["GET"]}}],"collection":[{"href":"https:\/\/www.delideli.zoner.dev\/fin\/wp-json\/wp\/v2\/product"}],"about":[{"href":"https:\/\/www.delideli.zoner.dev\/fin\/wp-json\/wp\/v2\/types\/product"}],"replies":[{"embeddable":true,"href":"https:\/\/www.delideli.zoner.dev\/fin\/wp-json\/wp\/v2\/comments?post=141346"}],"version-history":[{"count":0,"href":"https:\/\/www.delideli.zoner.dev\/fin\/wp-json\/wp\/v2\/product\/141346\/revisions"}],"wp:featuredmedia":[{"embeddable":true,"href":"https:\/\/www.delideli.zoner.dev\/fin\/wp-json\/wp\/v2\/media\/139635"}],"wp:attachment":[{"href":"https:\/\/www.delideli.zoner.dev\/fin\/wp-json\/wp\/v2\/media?parent=141346"}],"wp:term":[{"taxonomy":"product_brand","embeddable":true,"href":"https:\/\/www.delideli.zoner.dev\/fin\/wp-json\/wp\/v2\/product_brand?post=141346"},{"taxonomy":"product_cat","embeddable":true,"href":"https:\/\/www.delideli.zoner.dev\/fin\/wp-json\/wp\/v2\/product_cat?post=141346"},{"taxonomy":"product_tag","embeddable":true,"href":"https:\/\/www.delideli.zoner.dev\/fin\/wp-json\/wp\/v2\/product_tag?post=141346"}],"curies":[{"name":"wp","href":"https:\/\/api.w.org\/{rel}","templated":true}]}}