{"id":141349,"date":"2017-05-12T18:46:20","date_gmt":"2017-05-12T18:46:20","guid":{"rendered":"https:\/\/www.delideli.zoner.dev\/tuote\/suolakeksi\/"},"modified":"2026-05-04T16:08:13","modified_gmt":"2026-05-04T16:08:13","slug":"suolakeksi","status":"publish","type":"product","link":"https:\/\/www.delideli.zoner.dev\/fin\/tuote\/suolakeksi\/","title":{"rendered":"Suolakeksi 150g"},"content":{"rendered":"<p>Suolakeksi<br \/>\nTerrenostren perinteisten reseptien mukaan leivotut tuotteet tuovat aidon Puglian maun ruokap\u00f6yt\u00e4\u00e4si.<br \/>\nBruschette-suolakeksit on valmistettu kokonaan ilman lis\u00e4aineita.<br \/>\nNiiden neutraali maku sopii t\u00e4ydellisesti erilaisten levitteiden ja juustojen kera. Kokeile suolakeksej\u00e4 pateiden, kalapateiden tai tapenadejen seurana. Aidon italialaisen bruschetta-alkupalan saat helposti aikaiseksi valkosipulibruschettamme avulla. Suolakeksit ovat my\u00f6s oiva lisuke kalakeitolle: sipaise keksien p\u00e4\u00e4lle nokare rouille-kastiketta ja tarjoile kalakeiton kera.<\/p>\n","protected":false},"excerpt":{"rendered":"<p>Terrenostren perinteisten reseptien mukaan leivotut tuotteet tuovat aidon Puglian maun ruokap\u00f6yt\u00e4\u00e4si.<br \/>\nBruschette-suolakeksit on valmistettu kokonaan ilman lis\u00e4aineita.<br \/>\nNiiden neutraali maku sopii t\u00e4ydellisesti erilaisten levitteiden ja juustojen kera. Kokeile suolakeksej\u00e4 pateiden, kalapateiden tai tapenadejen seurana. Aidon italialaisen bruschetta-alkupalan saat helposti aikaiseksi valkosipulibruschettamme avulla. Suolakeksit ovat my\u00f6s oiva lisuke kalakeitolle: sipaise keksien p\u00e4\u00e4lle nokare rouille-kastiketta ja tarjoile kalakeiton kera.<\/p>\n","protected":false},"featured_media":139639,"comment_status":"open","ping_status":"open","template":"","meta":{"_acf_changed":false},"product_brand":[654],"product_cat":[676,724],"product_tag":[],"class_list":{"0":"post-141349","1":"product","2":"type-product","3":"status-publish","4":"has-post-thumbnail","6":"product_brand-polo-sud","7":"product_cat-suolaiset","8":"product_cat-suolakeksit","9":"product_shipping_class-shipping-discount","10":"pa_alkuperamaa-italia","12":"first","13":"instock","14":"taxable","15":"shipping-taxable","16":"purchasable","17":"product-type-simple","swatches":"rey-swatches","show_selected":""},"acf":[],"_links":{"self":[{"href":"https:\/\/www.delideli.zoner.dev\/fin\/wp-json\/wp\/v2\/product\/141349","targetHints":{"allow":["GET"]}}],"collection":[{"href":"https:\/\/www.delideli.zoner.dev\/fin\/wp-json\/wp\/v2\/product"}],"about":[{"href":"https:\/\/www.delideli.zoner.dev\/fin\/wp-json\/wp\/v2\/types\/product"}],"replies":[{"embeddable":true,"href":"https:\/\/www.delideli.zoner.dev\/fin\/wp-json\/wp\/v2\/comments?post=141349"}],"version-history":[{"count":0,"href":"https:\/\/www.delideli.zoner.dev\/fin\/wp-json\/wp\/v2\/product\/141349\/revisions"}],"wp:featuredmedia":[{"embeddable":true,"href":"https:\/\/www.delideli.zoner.dev\/fin\/wp-json\/wp\/v2\/media\/139639"}],"wp:attachment":[{"href":"https:\/\/www.delideli.zoner.dev\/fin\/wp-json\/wp\/v2\/media?parent=141349"}],"wp:term":[{"taxonomy":"product_brand","embeddable":true,"href":"https:\/\/www.delideli.zoner.dev\/fin\/wp-json\/wp\/v2\/product_brand?post=141349"},{"taxonomy":"product_cat","embeddable":true,"href":"https:\/\/www.delideli.zoner.dev\/fin\/wp-json\/wp\/v2\/product_cat?post=141349"},{"taxonomy":"product_tag","embeddable":true,"href":"https:\/\/www.delideli.zoner.dev\/fin\/wp-json\/wp\/v2\/product_tag?post=141349"}],"curies":[{"name":"wp","href":"https:\/\/api.w.org\/{rel}","templated":true}]}}