{"id":141350,"date":"2017-05-12T18:46:21","date_gmt":"2017-05-12T18:46:21","guid":{"rendered":"https:\/\/www.delideli.zoner.dev\/tuote\/villisikapate-maustettu-armagnacilla\/"},"modified":"2026-05-04T16:08:13","modified_gmt":"2026-05-04T16:08:13","slug":"villisikapate-maustettu-armagnacilla","status":"publish","type":"product","link":"https:\/\/www.delideli.zoner.dev\/fin\/tuote\/villisikapate-maustettu-armagnacilla\/","title":{"rendered":"Villisikapate maustettu Armagnacilla 70g"},"content":{"rendered":"<p>Ranskalaisen La Maison Godardin armanjakilla maustettu villisikapatee on valmistettu etel\u00e4ranskalaisen keitti\u00f6n perinteit\u00e4 kunnioittaen vain puhtaista raaka-aineista. Se sopii loistavasti sellaisenaan tarjoiltavaksi alkupalana tai suolaisena suupalana. Kokeile sit\u00e4 my\u00f6s ruokaisana t\u00e4ytteen\u00e4 ev\u00e4sleiville piknikill\u00e4 tai retkell\u00e4!<\/p>\n","protected":false},"excerpt":{"rendered":"<p>La Maison Godardin rustiikkinen armanjakilla maustettu villisikapatee on herkullinen valinta syksyn ja talven juhliin ja illanistujaisiin. Armanjakki korostaa hienosti riistan makua ja luo pateeseen sen ominaisen, miellytt\u00e4v\u00e4n aromin. Pateessa ei k\u00e4ytet\u00e4 lainkaan turhia lis\u00e4- ja s\u00e4il\u00f6nt\u00e4aineita tai keinotekoisia aromeja.<\/p>\n","protected":false},"featured_media":139641,"comment_status":"open","ping_status":"open","template":"","meta":{"_acf_changed":false},"product_brand":[635],"product_cat":[729,676],"product_tag":[181],"class_list":{"0":"post-141350","1":"product","2":"type-product","3":"status-publish","4":"has-post-thumbnail","6":"product_brand-godard","7":"product_cat-lihatuotteet","8":"product_cat-suolaiset","9":"product_tag-godard","10":"product_shipping_class-shipping-discount","11":"pa_alkuperamaa-ranska","13":"first","14":"instock","15":"taxable","16":"shipping-taxable","17":"purchasable","18":"product-type-simple","swatches":"rey-swatches","show_selected":""},"acf":[],"_links":{"self":[{"href":"https:\/\/www.delideli.zoner.dev\/fin\/wp-json\/wp\/v2\/product\/141350","targetHints":{"allow":["GET"]}}],"collection":[{"href":"https:\/\/www.delideli.zoner.dev\/fin\/wp-json\/wp\/v2\/product"}],"about":[{"href":"https:\/\/www.delideli.zoner.dev\/fin\/wp-json\/wp\/v2\/types\/product"}],"replies":[{"embeddable":true,"href":"https:\/\/www.delideli.zoner.dev\/fin\/wp-json\/wp\/v2\/comments?post=141350"}],"version-history":[{"count":0,"href":"https:\/\/www.delideli.zoner.dev\/fin\/wp-json\/wp\/v2\/product\/141350\/revisions"}],"wp:featuredmedia":[{"embeddable":true,"href":"https:\/\/www.delideli.zoner.dev\/fin\/wp-json\/wp\/v2\/media\/139641"}],"wp:attachment":[{"href":"https:\/\/www.delideli.zoner.dev\/fin\/wp-json\/wp\/v2\/media?parent=141350"}],"wp:term":[{"taxonomy":"product_brand","embeddable":true,"href":"https:\/\/www.delideli.zoner.dev\/fin\/wp-json\/wp\/v2\/product_brand?post=141350"},{"taxonomy":"product_cat","embeddable":true,"href":"https:\/\/www.delideli.zoner.dev\/fin\/wp-json\/wp\/v2\/product_cat?post=141350"},{"taxonomy":"product_tag","embeddable":true,"href":"https:\/\/www.delideli.zoner.dev\/fin\/wp-json\/wp\/v2\/product_tag?post=141350"}],"curies":[{"name":"wp","href":"https:\/\/api.w.org\/{rel}","templated":true}]}}