{"id":141352,"date":"2017-05-12T18:46:23","date_gmt":"2017-05-12T18:46:23","guid":{"rendered":"https:\/\/www.delideli.zoner.dev\/tuote\/balsamico-valkoinen\/"},"modified":"2026-05-04T16:08:14","modified_gmt":"2026-05-04T16:08:14","slug":"balsamico-valkoinen","status":"publish","type":"product","link":"https:\/\/www.delideli.zoner.dev\/fin\/tuote\/balsamico-valkoinen\/","title":{"rendered":"Valkoinen balsamico 250 ml"},"content":{"rendered":"<p>Valkoinen balsamico on tehnyt tuloaan ruokap\u00f6ytiin viime vuosina, eik\u00e4 syytt\u00e4. Sen pehme\u00e4 hapokkuus ja kevyet hedelm\u00e4iset aromit tuovat raikkautta moneen ruokaan. Valkoinen balsamico valmistetaan p\u00e4\u00e4asiassa kuten tumma balsamicokin, mutta sen keittoaika on huomattavasti tummaa balsamicoa lyhyempi.<br \/>\nDeliDelin valkoisessa balsamicossa on k\u00e4ytetty ainoastaan vaaleaa Trebbiano-ryp\u00e4leest\u00e4 puristettua ryp\u00e4lemehua sek\u00e4 valkoviinietikkaa. Valkoinen balsamico on saanut kypsy\u00e4 kellareiden viileydess\u00e4 suljetuissa tynnyreiss\u00e4 ja samoissa tynnyreiss\u00e4 koko kypsytyksen ajan. Tummaa balsamicoa voidaan kypsytell\u00e4 jopa 100 vuotta, mutta valkoista balsamicoa kypsytet\u00e4\u00e4n vain enint\u00e4\u00e4n 6 vuotta.<br \/>\nLopputuloksena on aromikas valkoinen balsamico, josta voi aistia niin hunajan, viikunan kuin sitruunan aromeja sek\u00e4 sopivan pehme\u00e4\u00e4 hapokkuutta.<\/p>\n","protected":false},"excerpt":{"rendered":"<p>DeliDelin valkoinen balsamico on huolella ja perinteisesti valmistettu vaalea balsamietikka. Sen hienovaraiset hedelm\u00e4iset aromit sopivat t\u00e4ydellisesti salaattien maustamiseen. Kokeile valkoista balsamicoa my\u00f6s kalalle ja merenel\u00e4ville ja jopa hedelm\u00e4salaattiin!<\/p>\n","protected":false},"featured_media":139645,"comment_status":"open","ping_status":"open","template":"","meta":{"_acf_changed":false},"product_brand":[625],"product_cat":[730,678],"product_tag":[],"class_list":{"0":"post-141352","1":"product","2":"type-product","3":"status-publish","4":"has-post-thumbnail","6":"product_brand-delideli","7":"product_cat-balsamicot","8":"product_cat-oljyt-etikat","9":"product_shipping_class-shipping-discount","10":"pa_alkuperamaa-italia","12":"first","13":"instock","14":"taxable","15":"shipping-taxable","16":"purchasable","17":"product-type-simple","swatches":"rey-swatches","show_selected":""},"acf":[],"_links":{"self":[{"href":"https:\/\/www.delideli.zoner.dev\/fin\/wp-json\/wp\/v2\/product\/141352","targetHints":{"allow":["GET"]}}],"collection":[{"href":"https:\/\/www.delideli.zoner.dev\/fin\/wp-json\/wp\/v2\/product"}],"about":[{"href":"https:\/\/www.delideli.zoner.dev\/fin\/wp-json\/wp\/v2\/types\/product"}],"replies":[{"embeddable":true,"href":"https:\/\/www.delideli.zoner.dev\/fin\/wp-json\/wp\/v2\/comments?post=141352"}],"version-history":[{"count":0,"href":"https:\/\/www.delideli.zoner.dev\/fin\/wp-json\/wp\/v2\/product\/141352\/revisions"}],"wp:featuredmedia":[{"embeddable":true,"href":"https:\/\/www.delideli.zoner.dev\/fin\/wp-json\/wp\/v2\/media\/139645"}],"wp:attachment":[{"href":"https:\/\/www.delideli.zoner.dev\/fin\/wp-json\/wp\/v2\/media?parent=141352"}],"wp:term":[{"taxonomy":"product_brand","embeddable":true,"href":"https:\/\/www.delideli.zoner.dev\/fin\/wp-json\/wp\/v2\/product_brand?post=141352"},{"taxonomy":"product_cat","embeddable":true,"href":"https:\/\/www.delideli.zoner.dev\/fin\/wp-json\/wp\/v2\/product_cat?post=141352"},{"taxonomy":"product_tag","embeddable":true,"href":"https:\/\/www.delideli.zoner.dev\/fin\/wp-json\/wp\/v2\/product_tag?post=141352"}],"curies":[{"name":"wp","href":"https:\/\/api.w.org\/{rel}","templated":true}]}}