{"id":141353,"date":"2017-05-12T18:46:24","date_gmt":"2017-05-12T18:46:24","guid":{"rendered":"https:\/\/www.delideli.zoner.dev\/tuote\/punaviinietikka-12-kk\/"},"modified":"2026-05-04T16:08:14","modified_gmt":"2026-05-04T16:08:14","slug":"punaviinietikka-12-kk","status":"publish","type":"product","link":"https:\/\/www.delideli.zoner.dev\/fin\/tuote\/punaviinietikka-12-kk\/","title":{"rendered":"Punaviinietikka 12 KK 250ml"},"content":{"rendered":"<p>Syv\u00e4n rubiininpunainen punaviinietikka valmistetaan tarkkaan valikoiduista ryp\u00e4leist\u00e4. Kuten viinienkin kohdalla, t\u00e4ss\u00e4 ranskalaisessa viinietikassa voi maistaa moniulotteisen bukeen tai ranskalaisittain bouquet\u2019een. Punaviinietikka kypsytet\u00e4\u00e4n 12 kuukauden ajan tammitynnyreiss\u00e4 valmistajan omassa kellarissa, mik\u00e4 saa aikaan etikkaan py\u00f6re\u00e4n suutuntuman sek\u00e4 tammisia aromeja. Etikan happopitoisuus on 7 %. Ranskalaisittain punaviinietikka sopii loistavasti niin salaateille, liharuokiin kuin j\u00e4lkiruokiinkin.<\/p>\n","protected":false},"excerpt":{"rendered":"<p>DeliDelin punaviinietikka on valmistettu tarkkaan valikoiduista ryp\u00e4leist\u00e4 ja kypsytetty 12 kuukautta tammitynnyreiss\u00e4. Kypsytyksen ansiosta punaviinietikka saa ominaisen py\u00f6re\u00e4n ja tammisen arominsa. Etikassa k\u00e4ytetyt ryp\u00e4leet taas tuovat etikkaan aromien lis\u00e4ksi sen syv\u00e4n rubiininpunaisen v\u00e4rin. Punaviinietikkamme sopii hyvin niin salaatteihin kuin liharuokiin.<\/p>\n","protected":false},"featured_media":139647,"comment_status":"open","ping_status":"open","template":"","meta":{"_acf_changed":false},"product_brand":[625],"product_cat":[687,678],"product_tag":[],"class_list":{"0":"post-141353","1":"product","2":"type-product","3":"status-publish","4":"has-post-thumbnail","6":"product_brand-delideli","7":"product_cat-etikat","8":"product_cat-oljyt-etikat","9":"product_shipping_class-shipping-discount","10":"pa_alkuperamaa-ranska","12":"first","13":"instock","14":"taxable","15":"shipping-taxable","16":"purchasable","17":"product-type-simple","swatches":"rey-swatches","show_selected":""},"acf":[],"_links":{"self":[{"href":"https:\/\/www.delideli.zoner.dev\/fin\/wp-json\/wp\/v2\/product\/141353","targetHints":{"allow":["GET"]}}],"collection":[{"href":"https:\/\/www.delideli.zoner.dev\/fin\/wp-json\/wp\/v2\/product"}],"about":[{"href":"https:\/\/www.delideli.zoner.dev\/fin\/wp-json\/wp\/v2\/types\/product"}],"replies":[{"embeddable":true,"href":"https:\/\/www.delideli.zoner.dev\/fin\/wp-json\/wp\/v2\/comments?post=141353"}],"version-history":[{"count":0,"href":"https:\/\/www.delideli.zoner.dev\/fin\/wp-json\/wp\/v2\/product\/141353\/revisions"}],"wp:featuredmedia":[{"embeddable":true,"href":"https:\/\/www.delideli.zoner.dev\/fin\/wp-json\/wp\/v2\/media\/139647"}],"wp:attachment":[{"href":"https:\/\/www.delideli.zoner.dev\/fin\/wp-json\/wp\/v2\/media?parent=141353"}],"wp:term":[{"taxonomy":"product_brand","embeddable":true,"href":"https:\/\/www.delideli.zoner.dev\/fin\/wp-json\/wp\/v2\/product_brand?post=141353"},{"taxonomy":"product_cat","embeddable":true,"href":"https:\/\/www.delideli.zoner.dev\/fin\/wp-json\/wp\/v2\/product_cat?post=141353"},{"taxonomy":"product_tag","embeddable":true,"href":"https:\/\/www.delideli.zoner.dev\/fin\/wp-json\/wp\/v2\/product_tag?post=141353"}],"curies":[{"name":"wp","href":"https:\/\/api.w.org\/{rel}","templated":true}]}}