{"id":141365,"date":"2017-05-12T18:46:38","date_gmt":"2017-05-12T18:46:38","guid":{"rendered":"https:\/\/www.delideli.zoner.dev\/tuote\/kesatryffelicarpaccio-godard\/"},"modified":"2026-05-04T16:08:25","modified_gmt":"2026-05-04T16:08:25","slug":"kesatryffelicarpaccio-godard","status":"publish","type":"product","link":"https:\/\/www.delideli.zoner.dev\/fin\/tuote\/kesatryffelicarpaccio-godard\/","title":{"rendered":"Kes\u00e4tryffelicarpaccio  \u2013 Godard 20g"},"content":{"rendered":"<p>La Maison Godardin kes\u00e4tryffelicarpaccio on arvostettua ja aromikasta kes\u00e4tryffeli\u00e4, saatavilla ymp\u00e4ri vuoden. Ohuen ohuiksi viipaloidut kes\u00e4tryffelit on s\u00e4il\u00f6tty laadukkaaseen ekstraneitsytoliivi\u00f6ljyyn. Tryffelin paino tuotteesta valutettuna on 10 g.<\/p>\n","protected":false},"excerpt":{"rendered":"<p>Ranskalaisen La Maison Godardin kes\u00e4tryffelicarpaccio on oliivi\u00f6ljyyn s\u00e4il\u00f6ttyj\u00e4 hienoja kes\u00e4tryffelin viipaleita. Tarjoile sellaisenaan paahtoleiv\u00e4n kanssa tai esimerkiksi perinteisen carpaccion p\u00e4\u00e4ll\u00e4!<\/p>\n","protected":false},"featured_media":139653,"comment_status":"open","ping_status":"open","template":"","meta":{"_acf_changed":false},"product_brand":[635],"product_cat":[755,676,734,714],"product_tag":[181],"class_list":{"0":"post-141365","1":"product","2":"type-product","3":"status-publish","4":"has-post-thumbnail","6":"product_brand-godard","7":"product_cat-pizza-ainekset","8":"product_cat-suolaiset","9":"product_cat-teemat","10":"product_cat-tryffeli","11":"product_tag-godard","12":"product_shipping_class-shipping-discount","13":"pa_alkuperamaa-ranska","15":"first","16":"instock","17":"taxable","18":"shipping-taxable","19":"purchasable","20":"product-type-simple","swatches":"rey-swatches","show_selected":""},"acf":[],"_links":{"self":[{"href":"https:\/\/www.delideli.zoner.dev\/fin\/wp-json\/wp\/v2\/product\/141365","targetHints":{"allow":["GET"]}}],"collection":[{"href":"https:\/\/www.delideli.zoner.dev\/fin\/wp-json\/wp\/v2\/product"}],"about":[{"href":"https:\/\/www.delideli.zoner.dev\/fin\/wp-json\/wp\/v2\/types\/product"}],"replies":[{"embeddable":true,"href":"https:\/\/www.delideli.zoner.dev\/fin\/wp-json\/wp\/v2\/comments?post=141365"}],"version-history":[{"count":0,"href":"https:\/\/www.delideli.zoner.dev\/fin\/wp-json\/wp\/v2\/product\/141365\/revisions"}],"wp:featuredmedia":[{"embeddable":true,"href":"https:\/\/www.delideli.zoner.dev\/fin\/wp-json\/wp\/v2\/media\/139653"}],"wp:attachment":[{"href":"https:\/\/www.delideli.zoner.dev\/fin\/wp-json\/wp\/v2\/media?parent=141365"}],"wp:term":[{"taxonomy":"product_brand","embeddable":true,"href":"https:\/\/www.delideli.zoner.dev\/fin\/wp-json\/wp\/v2\/product_brand?post=141365"},{"taxonomy":"product_cat","embeddable":true,"href":"https:\/\/www.delideli.zoner.dev\/fin\/wp-json\/wp\/v2\/product_cat?post=141365"},{"taxonomy":"product_tag","embeddable":true,"href":"https:\/\/www.delideli.zoner.dev\/fin\/wp-json\/wp\/v2\/product_tag?post=141365"}],"curies":[{"name":"wp","href":"https:\/\/api.w.org\/{rel}","templated":true}]}}