{"id":141368,"date":"2017-05-12T18:46:40","date_gmt":"2017-05-12T18:46:40","guid":{"rendered":"https:\/\/www.delideli.zoner.dev\/tuote\/beluga-linssi-le-bon-semeur\/"},"modified":"2026-05-04T16:08:26","modified_gmt":"2026-05-04T16:08:26","slug":"beluga-linssi-le-bon-semeur","status":"publish","type":"product","link":"https:\/\/www.delideli.zoner.dev\/fin\/tuote\/beluga-linssi-le-bon-semeur\/","title":{"rendered":"Beluga linssi Le Bon Semeur 500g"},"content":{"rendered":"<p>Linssien kaviaariksi kutsutut belugalinssit eiv\u00e4t syytt\u00e4 ole my\u00f6s monen huippukokin suosiossa. Makunsa lis\u00e4ksi ne ovat n\u00e4ytt\u00e4v\u00e4 lisuke tai p\u00e4\u00e4ruoka lautasella. Le Bon Semeurin korkealaatuiset belugalinssit viljell\u00e4\u00e4n Kanadassa. Niit\u00e4 ei tarvitse erikseen liottaa ennen k\u00e4ytt\u00f6\u00e4, vaan pelkk\u00e4 ohjeiden mukainen keitto riitt\u00e4\u00e4.<\/p>\n","protected":false},"excerpt":{"rendered":"<p>Belugalinssej\u00e4 kutsutaan monesti linssien kaviaariksi. Niit\u00e4 pidet\u00e4\u00e4n linssien parhaimmistona linssin tasaisen py\u00f6re\u00e4n muodon, mustan v\u00e4rin ja sile\u00e4n pinnan ansiosta. Herkullisen maun ja ryhdikk\u00e4\u00e4n koostumuksen lis\u00e4ksi belugalinsseiss\u00e4 on runsaasti kuituja, proteiineja ja kivenn\u00e4isaineita.<\/p>\n","protected":false},"featured_media":139657,"comment_status":"open","ping_status":"open","template":"","meta":{"_acf_changed":false},"product_brand":[636],"product_cat":[682,722],"product_tag":[],"class_list":{"0":"post-141368","1":"product","2":"type-product","3":"status-publish","4":"has-post-thumbnail","6":"product_brand-la-ponote","7":"product_cat-kuivatuotteet","8":"product_cat-pavut-linssit","9":"product_shipping_class-shipping-discount","10":"pa_alkuperamaa-ranska","12":"first","13":"instock","14":"taxable","15":"shipping-taxable","16":"purchasable","17":"product-type-simple","swatches":"rey-swatches","show_selected":""},"acf":[],"_links":{"self":[{"href":"https:\/\/www.delideli.zoner.dev\/fin\/wp-json\/wp\/v2\/product\/141368","targetHints":{"allow":["GET"]}}],"collection":[{"href":"https:\/\/www.delideli.zoner.dev\/fin\/wp-json\/wp\/v2\/product"}],"about":[{"href":"https:\/\/www.delideli.zoner.dev\/fin\/wp-json\/wp\/v2\/types\/product"}],"replies":[{"embeddable":true,"href":"https:\/\/www.delideli.zoner.dev\/fin\/wp-json\/wp\/v2\/comments?post=141368"}],"version-history":[{"count":0,"href":"https:\/\/www.delideli.zoner.dev\/fin\/wp-json\/wp\/v2\/product\/141368\/revisions"}],"wp:featuredmedia":[{"embeddable":true,"href":"https:\/\/www.delideli.zoner.dev\/fin\/wp-json\/wp\/v2\/media\/139657"}],"wp:attachment":[{"href":"https:\/\/www.delideli.zoner.dev\/fin\/wp-json\/wp\/v2\/media?parent=141368"}],"wp:term":[{"taxonomy":"product_brand","embeddable":true,"href":"https:\/\/www.delideli.zoner.dev\/fin\/wp-json\/wp\/v2\/product_brand?post=141368"},{"taxonomy":"product_cat","embeddable":true,"href":"https:\/\/www.delideli.zoner.dev\/fin\/wp-json\/wp\/v2\/product_cat?post=141368"},{"taxonomy":"product_tag","embeddable":true,"href":"https:\/\/www.delideli.zoner.dev\/fin\/wp-json\/wp\/v2\/product_tag?post=141368"}],"curies":[{"name":"wp","href":"https:\/\/api.w.org\/{rel}","templated":true}]}}