{"id":141369,"date":"2017-05-12T18:46:42","date_gmt":"2017-05-12T18:46:42","guid":{"rendered":"https:\/\/www.delideli.zoner.dev\/tuote\/maalaispate\/"},"modified":"2026-05-04T16:08:26","modified_gmt":"2026-05-04T16:08:26","slug":"maalaispate","status":"publish","type":"product","link":"https:\/\/www.delideli.zoner.dev\/fin\/tuote\/maalaispate\/","title":{"rendered":"Ranskalainen maalaispat\u00e9 220g"},"content":{"rendered":"<p>Ranskalaisen Lucien Georgelinin maalaispatee, \u201dP\u00e2t\u00e9 de campagne\u201d, on valmistettu perinteiseen tapaan valmistajan \u00e4idin reseptin mukaan. T\u00e4m\u00e4 korkealaatuinen maalaispatee ei sis\u00e4ll\u00e4 lainkaan keinotekoisia aromeja, v\u00e4riaineita, lis\u00e4aineita tai s\u00e4il\u00f6nt\u00e4aineita. My\u00f6s kaikki pateessa k\u00e4ytetty liha on alkuper\u00e4lt\u00e4\u00e4n t\u00e4ysin ranskalaista.<br \/>\nJos maalaispateen p\u00e4\u00e4lle on ker\u00e4\u00e4ntynyt hieman rasvaa, se johtuu ainoastaan siit\u00e4, ett\u00e4 pateessa ei ole k\u00e4ytetty lainkaan lis\u00e4- tai s\u00e4il\u00f6nt\u00e4aineita rasvan sitomiseen.<\/p>\n","protected":false},"excerpt":{"rendered":"<p>Kun haluat ruokap\u00f6yt\u00e4\u00e4si tuulahduksen Lounais-Ranskan maaseudulta, valitse tarjottavaksi Lucien Georgelinin maalaispatee. Porsaan- ja ankanlihasta valmistettu patee sis\u00e4lt\u00e4\u00e4 vain luonnollisia ainesosia ilman keinotekoisia aromeja tai s\u00e4il\u00f6nt\u00e4aineita.<\/p>\n","protected":false},"featured_media":139659,"comment_status":"open","ping_status":"open","template":"","meta":{"_acf_changed":false},"product_brand":[641],"product_cat":[729,676],"product_tag":[],"class_list":{"0":"post-141369","1":"product","2":"type-product","3":"status-publish","4":"has-post-thumbnail","6":"product_brand-lucien-georgelin","7":"product_cat-lihatuotteet","8":"product_cat-suolaiset","9":"product_shipping_class-shipping-discount","10":"pa_alkuperamaa-ranska","12":"first","13":"instock","14":"taxable","15":"shipping-taxable","16":"purchasable","17":"product-type-simple","swatches":"rey-swatches","show_selected":""},"acf":[],"_links":{"self":[{"href":"https:\/\/www.delideli.zoner.dev\/fin\/wp-json\/wp\/v2\/product\/141369","targetHints":{"allow":["GET"]}}],"collection":[{"href":"https:\/\/www.delideli.zoner.dev\/fin\/wp-json\/wp\/v2\/product"}],"about":[{"href":"https:\/\/www.delideli.zoner.dev\/fin\/wp-json\/wp\/v2\/types\/product"}],"replies":[{"embeddable":true,"href":"https:\/\/www.delideli.zoner.dev\/fin\/wp-json\/wp\/v2\/comments?post=141369"}],"version-history":[{"count":0,"href":"https:\/\/www.delideli.zoner.dev\/fin\/wp-json\/wp\/v2\/product\/141369\/revisions"}],"wp:featuredmedia":[{"embeddable":true,"href":"https:\/\/www.delideli.zoner.dev\/fin\/wp-json\/wp\/v2\/media\/139659"}],"wp:attachment":[{"href":"https:\/\/www.delideli.zoner.dev\/fin\/wp-json\/wp\/v2\/media?parent=141369"}],"wp:term":[{"taxonomy":"product_brand","embeddable":true,"href":"https:\/\/www.delideli.zoner.dev\/fin\/wp-json\/wp\/v2\/product_brand?post=141369"},{"taxonomy":"product_cat","embeddable":true,"href":"https:\/\/www.delideli.zoner.dev\/fin\/wp-json\/wp\/v2\/product_cat?post=141369"},{"taxonomy":"product_tag","embeddable":true,"href":"https:\/\/www.delideli.zoner.dev\/fin\/wp-json\/wp\/v2\/product_tag?post=141369"}],"curies":[{"name":"wp","href":"https:\/\/api.w.org\/{rel}","templated":true}]}}