{"id":141371,"date":"2017-05-12T18:46:48","date_gmt":"2017-05-12T18:46:48","guid":{"rendered":"https:\/\/www.delideli.zoner.dev\/tuote\/kastanjalevite-tuubi\/"},"modified":"2026-05-04T16:08:27","modified_gmt":"2026-05-04T16:08:27","slug":"kastanjalevite-tuubi","status":"publish","type":"product","link":"https:\/\/www.delideli.zoner.dev\/fin\/tuote\/kastanjalevite-tuubi\/","title":{"rendered":"Kastanjatahna, tuubi 78 g"},"content":{"rendered":"<p>Kondiittorimestari Cl\u00e9ment Faugier loi alun perin vuonna 1885 suositun reseptin kastanjatahnalle, joka tunnetaan Ranskassa yleisesti nimell\u00e4 \u201dCr\u00e8me de marrons de l\u2019ard\u00e8che\u201d. Kyseisest\u00e4 kastanjalevitteest\u00e4 tulikin kestosuosikki niin aamiaiselle kuin iltap\u00e4iv\u00e4n go\u00fbter-v\u00e4lipalahetkelle.<br \/>\nKastanjatahnassa yhdistyv\u00e4t rouhitut sokerikuorrutetut kastanjat (marrons glac\u00e9s), h\u00f6yrytetyt kastanjat, siirappi, sokeri ja vanilja luoden herkullisen ja vertaansa vailla olevan kastanjatahnan. Kokeile kastanjatahnaa esimerkiksi jukurttiin tai rahkaan sekoitettuna tai sellaisenaan leiv\u00e4n, sokerikakun tai suklaakakun p\u00e4\u00e4ll\u00e4. Kastanjatahna sopii my\u00f6s loistavasti erilaisten hedelmien kanssa. Jos haluat kokea oikein autenttisen ranskalaisen makuel\u00e4myksen, kuorruta cr\u00eappisi, vohvelisi tai patonginpalasi kastanjatahnalla! Se sopii my\u00f6s loistavasti leivontaan maustamaan esimerkiksi kohokkaat, vanukkaat, fondantit, j\u00e4\u00e4tel\u00f6t ja vaikka piiraat.<\/p>\n","protected":false},"excerpt":{"rendered":"<p>Kastanjalevite eli kastanjatahna on suosittu levitett\u00e4v\u00e4 herkku niin aamiaisella kuin iltap\u00e4iv\u00e4n v\u00e4lipalahetkell\u00e4 Ranskassa. Cl\u00e9ment Faugier\u2019n kastanjatahnan resepti ei ole muuttunut vuosisatojen saatossa, ja sen valmistuksessa k\u00e4ytet\u00e4\u00e4n vain luonnollisia ainesosia. Kokeile t\u00e4t\u00e4 herkullista makeaa tahnaa suoraan sellaisenaan esimerkiksi leiv\u00e4ll\u00e4, hedelm\u00e4n kanssa tai rahkassa tai leivonnassa! K\u00e4tev\u00e4\u00e4 tuubipakkausta on helppo k\u00e4ytt\u00e4\u00e4 ja s\u00e4ilytt\u00e4\u00e4.<\/p>\n","protected":false},"featured_media":139663,"comment_status":"open","ping_status":"open","template":"","meta":{"_acf_changed":false},"product_brand":[623],"product_cat":[712,681],"product_tag":[],"class_list":{"0":"post-141371","1":"product","2":"type-product","3":"status-publish","4":"has-post-thumbnail","6":"product_brand-clement-faugier","7":"product_cat-kastanjat","8":"product_cat-marjat-hedelmat","9":"product_shipping_class-shipping-discount","10":"pa_alkuperamaa-ranska","12":"first","13":"instock","14":"taxable","15":"shipping-taxable","16":"purchasable","17":"product-type-simple","swatches":"rey-swatches","show_selected":""},"acf":[],"_links":{"self":[{"href":"https:\/\/www.delideli.zoner.dev\/fin\/wp-json\/wp\/v2\/product\/141371","targetHints":{"allow":["GET"]}}],"collection":[{"href":"https:\/\/www.delideli.zoner.dev\/fin\/wp-json\/wp\/v2\/product"}],"about":[{"href":"https:\/\/www.delideli.zoner.dev\/fin\/wp-json\/wp\/v2\/types\/product"}],"replies":[{"embeddable":true,"href":"https:\/\/www.delideli.zoner.dev\/fin\/wp-json\/wp\/v2\/comments?post=141371"}],"version-history":[{"count":0,"href":"https:\/\/www.delideli.zoner.dev\/fin\/wp-json\/wp\/v2\/product\/141371\/revisions"}],"wp:featuredmedia":[{"embeddable":true,"href":"https:\/\/www.delideli.zoner.dev\/fin\/wp-json\/wp\/v2\/media\/139663"}],"wp:attachment":[{"href":"https:\/\/www.delideli.zoner.dev\/fin\/wp-json\/wp\/v2\/media?parent=141371"}],"wp:term":[{"taxonomy":"product_brand","embeddable":true,"href":"https:\/\/www.delideli.zoner.dev\/fin\/wp-json\/wp\/v2\/product_brand?post=141371"},{"taxonomy":"product_cat","embeddable":true,"href":"https:\/\/www.delideli.zoner.dev\/fin\/wp-json\/wp\/v2\/product_cat?post=141371"},{"taxonomy":"product_tag","embeddable":true,"href":"https:\/\/www.delideli.zoner.dev\/fin\/wp-json\/wp\/v2\/product_tag?post=141371"}],"curies":[{"name":"wp","href":"https:\/\/api.w.org\/{rel}","templated":true}]}}