{"id":141372,"date":"2017-05-12T18:46:50","date_gmt":"2017-05-12T18:46:50","guid":{"rendered":"https:\/\/www.delideli.zoner.dev\/tuote\/aceto-balsamico-di-modena-i-g-p-invecchiato-sigillo-oro\/"},"modified":"2026-05-04T16:08:27","modified_gmt":"2026-05-04T16:08:27","slug":"aceto-balsamico-di-modena-i-g-p-invecchiato-sigillo-oro","status":"publish","type":"product","link":"https:\/\/www.delideli.zoner.dev\/fin\/tuote\/aceto-balsamico-di-modena-i-g-p-invecchiato-sigillo-oro\/","title":{"rendered":"Aceto Balsamico di Modena IGP, Invecchiato, Sigillo Oro 250 ml"},"content":{"rendered":"<p>Modenalaisen Acetaia La Bonissiman v\u00e4hint\u00e4\u00e4n 10 vuotta kypsytetty balsamico, Sigillo Oro, on t\u00e4ynn\u00e4 intensiivisi\u00e4 ja monitahoisia aromeja. Sen maut p\u00e4\u00e4sev\u00e4t parhaiten oikeuksiinsa pirskoteltuna risoton p\u00e4\u00e4lle. Kokeile my\u00f6s maustaa paistettuja ruokia, omeletteja tai kala- ja liha-carpaccioita.<\/p>\n","protected":false},"excerpt":{"rendered":"<p>V\u00e4hint\u00e4\u00e4n kymmenen vuoden kypsyttelyn tuloksena t\u00e4m\u00e4n balsamicon tunnistaa heti sen tummuudesta ja sen j\u00e4tt\u00e4m\u00e4st\u00e4 kirkkaanv\u00e4risest\u00e4 varjosta. Sigillo Oro -balsamicon maku on samaan aikaan intensiivinen ja hienovarainen. Sen samaan aikaan katkera ja makea maku on erehtym\u00e4t\u00f6n.<\/p>\n","protected":false},"featured_media":139665,"comment_status":"open","ping_status":"open","template":"","meta":{"_acf_changed":false},"product_brand":[633],"product_cat":[730,678],"product_tag":[],"class_list":{"0":"post-141372","1":"product","2":"type-product","3":"status-publish","4":"has-post-thumbnail","6":"product_brand-la-bonissima","7":"product_cat-balsamicot","8":"product_cat-oljyt-etikat","9":"product_shipping_class-shipping-discount","10":"pa_alkuperamaa-italia","12":"first","13":"instock","14":"taxable","15":"shipping-taxable","16":"purchasable","17":"product-type-simple","swatches":"rey-swatches","show_selected":""},"acf":[],"_links":{"self":[{"href":"https:\/\/www.delideli.zoner.dev\/fin\/wp-json\/wp\/v2\/product\/141372","targetHints":{"allow":["GET"]}}],"collection":[{"href":"https:\/\/www.delideli.zoner.dev\/fin\/wp-json\/wp\/v2\/product"}],"about":[{"href":"https:\/\/www.delideli.zoner.dev\/fin\/wp-json\/wp\/v2\/types\/product"}],"replies":[{"embeddable":true,"href":"https:\/\/www.delideli.zoner.dev\/fin\/wp-json\/wp\/v2\/comments?post=141372"}],"version-history":[{"count":0,"href":"https:\/\/www.delideli.zoner.dev\/fin\/wp-json\/wp\/v2\/product\/141372\/revisions"}],"wp:featuredmedia":[{"embeddable":true,"href":"https:\/\/www.delideli.zoner.dev\/fin\/wp-json\/wp\/v2\/media\/139665"}],"wp:attachment":[{"href":"https:\/\/www.delideli.zoner.dev\/fin\/wp-json\/wp\/v2\/media?parent=141372"}],"wp:term":[{"taxonomy":"product_brand","embeddable":true,"href":"https:\/\/www.delideli.zoner.dev\/fin\/wp-json\/wp\/v2\/product_brand?post=141372"},{"taxonomy":"product_cat","embeddable":true,"href":"https:\/\/www.delideli.zoner.dev\/fin\/wp-json\/wp\/v2\/product_cat?post=141372"},{"taxonomy":"product_tag","embeddable":true,"href":"https:\/\/www.delideli.zoner.dev\/fin\/wp-json\/wp\/v2\/product_tag?post=141372"}],"curies":[{"name":"wp","href":"https:\/\/api.w.org\/{rel}","templated":true}]}}