{"id":141378,"date":"2017-05-12T18:46:54","date_gmt":"2017-05-12T18:46:54","guid":{"rendered":"https:\/\/www.delideli.zoner.dev\/tuote\/grissotti-oliivioljytikku\/"},"modified":"2026-05-04T16:08:33","modified_gmt":"2026-05-04T16:08:33","slug":"grissotti-oliivioljytikku","status":"publish","type":"product","link":"https:\/\/www.delideli.zoner.dev\/fin\/tuote\/grissotti-oliivioljytikku\/","title":{"rendered":"Grissotti-leip\u00e4tikku 300 g"},"content":{"rendered":"<p>Terre Nostren perinteisen reseptin mukaan leivotut Grissotti-leip\u00e4tikut tuovat aitoja Puglian makuja ruokap\u00f6yt\u00e4\u00e4si. Grissotti-leip\u00e4tikut on valmistettu kokonaan ilman lis\u00e4- tai s\u00e4il\u00f6nt\u00e4aineita paikallisista raaka-aineista.<br \/>\nLaadukas oliivi\u00f6ljy tuo niihin hienostuneen ja aidon v\u00e4limerellisen maun. Kokeile ihan sellaisenaan, nauti lisukkeena, luo niist\u00e4 alkupaloja tai dippaile suosikkilevitteeseesi!<\/p>\n","protected":false},"excerpt":{"rendered":"<p>Grissotti-leip\u00e4tikku on perinteinen, oliivi\u00f6ljyyn leivottu suolainen, kuivattu leip\u00e4tikku. Ne ovat maukkaita sellaisenaan naposteluun esimerkiksi viinilasillisen seurana. Kokeile niit\u00e4 my\u00f6s esimerkiksi keittojen kera perinteisen leiv\u00e4n sijaan. Grissotti-leip\u00e4tikuilla saat luotua lis\u00e4ksi maukkaita antipasteja: k\u00e4\u00e4ri tikun ymp\u00e4rille siivu ilmakuivattua kinkkua ja tarjoile esimerkiksi aurinkokuivattujen tomaattien kera!<\/p>\n","protected":false},"featured_media":139671,"comment_status":"open","ping_status":"open","template":"","meta":{"_acf_changed":false},"product_brand":[654],"product_cat":[676,724],"product_tag":[],"class_list":{"0":"post-141378","1":"product","2":"type-product","3":"status-publish","4":"has-post-thumbnail","6":"product_brand-polo-sud","7":"product_cat-suolaiset","8":"product_cat-suolakeksit","9":"product_shipping_class-shipping-discount","10":"pa_alkuperamaa-italia","12":"first","13":"instock","14":"taxable","15":"shipping-taxable","16":"purchasable","17":"product-type-simple","swatches":"rey-swatches","show_selected":""},"acf":[],"_links":{"self":[{"href":"https:\/\/www.delideli.zoner.dev\/fin\/wp-json\/wp\/v2\/product\/141378","targetHints":{"allow":["GET"]}}],"collection":[{"href":"https:\/\/www.delideli.zoner.dev\/fin\/wp-json\/wp\/v2\/product"}],"about":[{"href":"https:\/\/www.delideli.zoner.dev\/fin\/wp-json\/wp\/v2\/types\/product"}],"replies":[{"embeddable":true,"href":"https:\/\/www.delideli.zoner.dev\/fin\/wp-json\/wp\/v2\/comments?post=141378"}],"version-history":[{"count":0,"href":"https:\/\/www.delideli.zoner.dev\/fin\/wp-json\/wp\/v2\/product\/141378\/revisions"}],"wp:featuredmedia":[{"embeddable":true,"href":"https:\/\/www.delideli.zoner.dev\/fin\/wp-json\/wp\/v2\/media\/139671"}],"wp:attachment":[{"href":"https:\/\/www.delideli.zoner.dev\/fin\/wp-json\/wp\/v2\/media?parent=141378"}],"wp:term":[{"taxonomy":"product_brand","embeddable":true,"href":"https:\/\/www.delideli.zoner.dev\/fin\/wp-json\/wp\/v2\/product_brand?post=141378"},{"taxonomy":"product_cat","embeddable":true,"href":"https:\/\/www.delideli.zoner.dev\/fin\/wp-json\/wp\/v2\/product_cat?post=141378"},{"taxonomy":"product_tag","embeddable":true,"href":"https:\/\/www.delideli.zoner.dev\/fin\/wp-json\/wp\/v2\/product_tag?post=141378"}],"curies":[{"name":"wp","href":"https:\/\/api.w.org\/{rel}","templated":true}]}}