{"id":141379,"date":"2017-05-12T18:46:54","date_gmt":"2017-05-12T18:46:54","guid":{"rendered":"https:\/\/www.delideli.zoner.dev\/tuote\/hummerikeitto\/"},"modified":"2026-05-04T16:08:37","modified_gmt":"2026-05-04T16:08:37","slug":"hummerikeitto","status":"publish","type":"product","link":"https:\/\/www.delideli.zoner.dev\/fin\/tuote\/hummerikeitto\/","title":{"rendered":"Hummerikeitto 400g"},"content":{"rendered":"<p>Hummerikeitto on varma valinta kaikille herkkusuille, jotka arvostavat merenel\u00e4vien hienovaraisia ja uniikkeja aromeja. Keitto sis\u00e4lt\u00e4\u00e4 aitoa hummeria ja aitoja muita makuja muun muassa kasviksista, valkoviinist\u00e4, ekstra-neitsytoliivi\u00f6ljyst\u00e4 ja konjakista. Pelkk\u00e4 keiton l\u00e4mmitys riitt\u00e4\u00e4, ja p\u00e4\u00e4set kokemaan ranskalaista gastronomiaa parhaimmillaan!<\/p>\n","protected":false},"excerpt":{"rendered":"<p>H\u00e4iv\u00e4hdys konjakkia, hyppysellinen curry\u00e4 ja hummerin oma ainutlaatuinen maku \u2013 n\u00e4in syntyy la belle-iloisen t\u00e4ydellinen hummerikeitto!<\/p>\n<p>Hummerikeiton resepti\u00e4 valmisteltiin aikoinaan kaksi vuotta, jotta kaikki herk\u00e4t aromit p\u00e4\u00e4sisiv\u00e4t varmasti oikeuksiinsa sametinpehme\u00e4ss\u00e4 kokonaisuudessa. Kokeile sellaisenaan tai gratiinissa!<\/p>\n","protected":false},"featured_media":139673,"comment_status":"open","ping_status":"open","template":"","meta":{"_acf_changed":false},"product_brand":[632],"product_cat":[698,676],"product_tag":[],"class_list":{"0":"post-141379","1":"product","2":"type-product","3":"status-publish","4":"has-post-thumbnail","6":"product_brand-la-belle-iloise","7":"product_cat-keitot","8":"product_cat-suolaiset","9":"product_shipping_class-shipping-discount","10":"pa_alkuperamaa-ranska","12":"first","13":"instock","14":"taxable","15":"shipping-taxable","16":"purchasable","17":"product-type-simple","swatches":"rey-swatches","show_selected":""},"acf":[],"_links":{"self":[{"href":"https:\/\/www.delideli.zoner.dev\/fin\/wp-json\/wp\/v2\/product\/141379","targetHints":{"allow":["GET"]}}],"collection":[{"href":"https:\/\/www.delideli.zoner.dev\/fin\/wp-json\/wp\/v2\/product"}],"about":[{"href":"https:\/\/www.delideli.zoner.dev\/fin\/wp-json\/wp\/v2\/types\/product"}],"replies":[{"embeddable":true,"href":"https:\/\/www.delideli.zoner.dev\/fin\/wp-json\/wp\/v2\/comments?post=141379"}],"version-history":[{"count":0,"href":"https:\/\/www.delideli.zoner.dev\/fin\/wp-json\/wp\/v2\/product\/141379\/revisions"}],"wp:featuredmedia":[{"embeddable":true,"href":"https:\/\/www.delideli.zoner.dev\/fin\/wp-json\/wp\/v2\/media\/139673"}],"wp:attachment":[{"href":"https:\/\/www.delideli.zoner.dev\/fin\/wp-json\/wp\/v2\/media?parent=141379"}],"wp:term":[{"taxonomy":"product_brand","embeddable":true,"href":"https:\/\/www.delideli.zoner.dev\/fin\/wp-json\/wp\/v2\/product_brand?post=141379"},{"taxonomy":"product_cat","embeddable":true,"href":"https:\/\/www.delideli.zoner.dev\/fin\/wp-json\/wp\/v2\/product_cat?post=141379"},{"taxonomy":"product_tag","embeddable":true,"href":"https:\/\/www.delideli.zoner.dev\/fin\/wp-json\/wp\/v2\/product_tag?post=141379"}],"curies":[{"name":"wp","href":"https:\/\/api.w.org\/{rel}","templated":true}]}}