{"id":141381,"date":"2017-05-12T18:46:55","date_gmt":"2017-05-12T18:46:55","guid":{"rendered":"https:\/\/www.delideli.zoner.dev\/tuote\/sherryviinietikka-vinagre-al-pedro-ximenes\/"},"modified":"2026-05-04T16:08:38","modified_gmt":"2026-05-04T16:08:38","slug":"sherryviinietikka-vinagre-al-pedro-ximenes","status":"publish","type":"product","link":"https:\/\/www.delideli.zoner.dev\/fin\/tuote\/sherryviinietikka-vinagre-al-pedro-ximenes\/","title":{"rendered":"Sherryviinietikka Reserva al Pedro Ximenes 250ml"},"content":{"rendered":"<p>Etikka, joka on valmistettu Manzanillan spontaanista (tai luonnollisesta) happamoitumisesta, joka on vuosien ajan kypsynyt Sanl\u00facar de Barrameda -viinitiloissamme perinteist\u00e4 Soleras- ja Criaderas-menetelm\u00e4\u00e4 k\u00e4ytt\u00e4en. Pitk\u00e4n ik\u00e4\u00e4ntymisprosessinsa ja t\u00e4m\u00e4n etikan tuottamiseen k\u00e4ytettyjen viinien huomattavan laadun ansiosta se on runsas ja aromaattinen sek\u00e4 harmoninen ja voimakas . Hieman makea aromi tulee Pedro Ximenez viinin ik\u00e4\u00e4ntymisen seurauksena. Se on makeinta etikoista, mutta makeudestaan \u200b\u200bhuolimatta sen tyylik\u00e4s happamuus tulee silti l\u00e4pi. Se sopii erityisen hyvin makeiden ja happamien ruokien kanssa ja pataruuissa. Se sopii erinomaisesti my\u00f6s sipulien karamellisointiin. Aistinvaraisten ominaisuuksiensa ansiosta Pedro Xim\u00e9nez Reserve -etikka sopii erityisen hyvin liharuokiin, juustopohjaisiin salaatteihin, kokoon keitteviin kastikkeisiin ja j\u00e4lkiruokiin.<\/p>\n","protected":false},"excerpt":{"rendered":"<p>Aistinvaraisten ominaisuuksiensa ansiosta Pedro Xim\u00e9nez Reserve -etikka sopii erityisen hyvin liharuokiin, juustopohjaisiin salaatteihin, kokoon keitteviin kastikkeisiin ja j\u00e4lkiruokiin.<\/p>\n","protected":false},"featured_media":139677,"comment_status":"open","ping_status":"open","template":"","meta":{"_acf_changed":false},"product_brand":[617],"product_cat":[678,765],"product_tag":[],"class_list":{"0":"post-141381","1":"product","2":"type-product","3":"status-publish","4":"has-post-thumbnail","6":"product_brand-barbadillo","7":"product_cat-oljyt-etikat","8":"product_cat-sherryetikat","9":"product_shipping_class-shipping-discount","10":"pa_alkuperamaa-espanja","11":"pa_ruokavalio-laktoositon","12":"pa_ruokavalio-vegaanituote","14":"first","15":"instock","16":"taxable","17":"shipping-taxable","18":"purchasable","19":"product-type-simple","swatches":"rey-swatches","show_selected":""},"acf":[],"_links":{"self":[{"href":"https:\/\/www.delideli.zoner.dev\/fin\/wp-json\/wp\/v2\/product\/141381","targetHints":{"allow":["GET"]}}],"collection":[{"href":"https:\/\/www.delideli.zoner.dev\/fin\/wp-json\/wp\/v2\/product"}],"about":[{"href":"https:\/\/www.delideli.zoner.dev\/fin\/wp-json\/wp\/v2\/types\/product"}],"replies":[{"embeddable":true,"href":"https:\/\/www.delideli.zoner.dev\/fin\/wp-json\/wp\/v2\/comments?post=141381"}],"version-history":[{"count":0,"href":"https:\/\/www.delideli.zoner.dev\/fin\/wp-json\/wp\/v2\/product\/141381\/revisions"}],"wp:featuredmedia":[{"embeddable":true,"href":"https:\/\/www.delideli.zoner.dev\/fin\/wp-json\/wp\/v2\/media\/139677"}],"wp:attachment":[{"href":"https:\/\/www.delideli.zoner.dev\/fin\/wp-json\/wp\/v2\/media?parent=141381"}],"wp:term":[{"taxonomy":"product_brand","embeddable":true,"href":"https:\/\/www.delideli.zoner.dev\/fin\/wp-json\/wp\/v2\/product_brand?post=141381"},{"taxonomy":"product_cat","embeddable":true,"href":"https:\/\/www.delideli.zoner.dev\/fin\/wp-json\/wp\/v2\/product_cat?post=141381"},{"taxonomy":"product_tag","embeddable":true,"href":"https:\/\/www.delideli.zoner.dev\/fin\/wp-json\/wp\/v2\/product_tag?post=141381"}],"curies":[{"name":"wp","href":"https:\/\/api.w.org\/{rel}","templated":true}]}}