{"id":141382,"date":"2017-05-12T18:46:57","date_gmt":"2017-05-12T18:46:57","guid":{"rendered":"https:\/\/www.delideli.zoner.dev\/tuote\/crema-allaceto-balsamico-tradizionale-di-modena\/"},"modified":"2026-05-04T16:08:38","modified_gmt":"2026-05-04T16:08:38","slug":"crema-allaceto-balsamico-tradizionale-di-modena","status":"publish","type":"product","link":"https:\/\/www.delideli.zoner.dev\/fin\/tuote\/crema-allaceto-balsamico-tradizionale-di-modena\/","title":{"rendered":"Crema all\u2019Aceto Balsamico di Modena IGP 250 ml"},"content":{"rendered":"<p>Modenalaisen La Bonissiman Crema all\u2019Aceto Balsamico di Modena IGP on t\u00e4ydellinen balsamikosiirappi moneen k\u00e4ytt\u00f6\u00f6n. Sill\u00e4 sek\u00e4 maustat ett\u00e4 koristelet monet annokset aina kala- ja liharuoista j\u00e4lkiruokiin ja juustoihin. Helposti k\u00e4ytett\u00e4v\u00e4ll\u00e4 pullolla loihdit kauniita kuvioita lautaselle ohuesta langasta aina paksumpiin kuvioihin. La Bonissiman balsamicot valmistaa modenalainen De Pietrin perheyritys, joka aloitti toimintansa jo 1900-luvun alussa.<\/p>\n","protected":false},"excerpt":{"rendered":"<p>La Bonissiman balsamikosiirappi, Crema all\u2019Aceto Balsamico di Modena IGP, on t\u00e4ydellinen sekoitus keitt\u00e4m\u00e4ll\u00e4 tiivistetty\u00e4 ryp\u00e4lemehua ja aitoa modenalaista balsamicoa. Helppo pakkaus tekee siit\u00e4 t\u00e4ydellisen balsamicon p\u00f6yt\u00e4\u00e4n ja aina k\u00e4den ulottuville keitti\u00f6ss\u00e4. Kokeile niin ruokien maustajana kuin juustojen kanssa!<\/p>\n","protected":false},"featured_media":139679,"comment_status":"open","ping_status":"open","template":"","meta":{"_acf_changed":false},"product_brand":[633],"product_cat":[730,678],"product_tag":[],"class_list":{"0":"post-141382","1":"product","2":"type-product","3":"status-publish","4":"has-post-thumbnail","6":"product_brand-la-bonissima","7":"product_cat-balsamicot","8":"product_cat-oljyt-etikat","9":"product_shipping_class-shipping-discount","10":"pa_alkuperamaa-italia","12":"first","13":"instock","14":"taxable","15":"shipping-taxable","16":"purchasable","17":"product-type-simple","swatches":"rey-swatches","show_selected":""},"acf":[],"_links":{"self":[{"href":"https:\/\/www.delideli.zoner.dev\/fin\/wp-json\/wp\/v2\/product\/141382","targetHints":{"allow":["GET"]}}],"collection":[{"href":"https:\/\/www.delideli.zoner.dev\/fin\/wp-json\/wp\/v2\/product"}],"about":[{"href":"https:\/\/www.delideli.zoner.dev\/fin\/wp-json\/wp\/v2\/types\/product"}],"replies":[{"embeddable":true,"href":"https:\/\/www.delideli.zoner.dev\/fin\/wp-json\/wp\/v2\/comments?post=141382"}],"version-history":[{"count":0,"href":"https:\/\/www.delideli.zoner.dev\/fin\/wp-json\/wp\/v2\/product\/141382\/revisions"}],"wp:featuredmedia":[{"embeddable":true,"href":"https:\/\/www.delideli.zoner.dev\/fin\/wp-json\/wp\/v2\/media\/139679"}],"wp:attachment":[{"href":"https:\/\/www.delideli.zoner.dev\/fin\/wp-json\/wp\/v2\/media?parent=141382"}],"wp:term":[{"taxonomy":"product_brand","embeddable":true,"href":"https:\/\/www.delideli.zoner.dev\/fin\/wp-json\/wp\/v2\/product_brand?post=141382"},{"taxonomy":"product_cat","embeddable":true,"href":"https:\/\/www.delideli.zoner.dev\/fin\/wp-json\/wp\/v2\/product_cat?post=141382"},{"taxonomy":"product_tag","embeddable":true,"href":"https:\/\/www.delideli.zoner.dev\/fin\/wp-json\/wp\/v2\/product_tag?post=141382"}],"curies":[{"name":"wp","href":"https:\/\/api.w.org\/{rel}","templated":true}]}}