{"id":141385,"date":"2017-05-12T18:47:04","date_gmt":"2017-05-12T18:47:04","guid":{"rendered":"https:\/\/www.delideli.zoner.dev\/tuote\/maalaisterrini-maust-tryffelilla-3\/"},"modified":"2026-05-04T16:08:40","modified_gmt":"2026-05-04T16:08:40","slug":"maalaisterrini-maust-tryffelilla-3","status":"publish","type":"product","link":"https:\/\/www.delideli.zoner.dev\/fin\/tuote\/maalaisterrini-maust-tryffelilla-3\/","title":{"rendered":"Maalaisterrini maust. tryffelill\u00e4 (3%) 65g"},"content":{"rendered":"<p>T\u00e4m\u00e4 mustatryffelill\u00e4 maustettu maalaisterriini on maukas ja miellytt\u00e4v\u00e4 tuttavuus suolaisiin suupaloihin ja sellaisenaan nautittavaksi. Aidoista raaka-aineista ja ilman turhia lis\u00e4- ja s\u00e4il\u00f6nt\u00e4aineita valmistettu terriini vain paranee ajan my\u00f6t\u00e4 makujen tiivistyess\u00e4 ja kehittyess\u00e4. Terriiniss\u00e4 on aitoa tryffeli\u00e4 3 % tuotteesta. T\u00e4ss\u00e4 onkin t\u00e4ydellinen hankinta todellisille herkkusuille!<\/p>\n","protected":false},"excerpt":{"rendered":"<p>La Maison Godardin aito tryffelill\u00e4 maustettu maalaisteriini on t\u00e4ynn\u00e4 rustiikkisia, ranskalaisia makuja. Porsaanlihasta ja -maksasta valmistettu terriini on maustettu aidolla mustatryffelill\u00e4, jota on tuotteesta 3 %.<\/p>\n","protected":false},"featured_media":139682,"comment_status":"open","ping_status":"open","template":"","meta":{"_acf_changed":false},"product_brand":[635],"product_cat":[729,676],"product_tag":[181],"class_list":{"0":"post-141385","1":"product","2":"type-product","3":"status-publish","4":"has-post-thumbnail","6":"product_brand-godard","7":"product_cat-lihatuotteet","8":"product_cat-suolaiset","9":"product_tag-godard","10":"product_shipping_class-shipping-discount","11":"pa_alkuperamaa-ranska","13":"first","14":"instock","15":"taxable","16":"shipping-taxable","17":"purchasable","18":"product-type-simple","swatches":"rey-swatches","show_selected":""},"acf":[],"_links":{"self":[{"href":"https:\/\/www.delideli.zoner.dev\/fin\/wp-json\/wp\/v2\/product\/141385","targetHints":{"allow":["GET"]}}],"collection":[{"href":"https:\/\/www.delideli.zoner.dev\/fin\/wp-json\/wp\/v2\/product"}],"about":[{"href":"https:\/\/www.delideli.zoner.dev\/fin\/wp-json\/wp\/v2\/types\/product"}],"replies":[{"embeddable":true,"href":"https:\/\/www.delideli.zoner.dev\/fin\/wp-json\/wp\/v2\/comments?post=141385"}],"version-history":[{"count":0,"href":"https:\/\/www.delideli.zoner.dev\/fin\/wp-json\/wp\/v2\/product\/141385\/revisions"}],"wp:featuredmedia":[{"embeddable":true,"href":"https:\/\/www.delideli.zoner.dev\/fin\/wp-json\/wp\/v2\/media\/139682"}],"wp:attachment":[{"href":"https:\/\/www.delideli.zoner.dev\/fin\/wp-json\/wp\/v2\/media?parent=141385"}],"wp:term":[{"taxonomy":"product_brand","embeddable":true,"href":"https:\/\/www.delideli.zoner.dev\/fin\/wp-json\/wp\/v2\/product_brand?post=141385"},{"taxonomy":"product_cat","embeddable":true,"href":"https:\/\/www.delideli.zoner.dev\/fin\/wp-json\/wp\/v2\/product_cat?post=141385"},{"taxonomy":"product_tag","embeddable":true,"href":"https:\/\/www.delideli.zoner.dev\/fin\/wp-json\/wp\/v2\/product_tag?post=141385"}],"curies":[{"name":"wp","href":"https:\/\/api.w.org\/{rel}","templated":true}]}}