{"id":141386,"date":"2017-05-12T18:47:18","date_gmt":"2017-05-12T18:47:18","guid":{"rendered":"https:\/\/www.delideli.zoner.dev\/tuote\/100v-aceto-balsamico-tradizionale-di-modena-dop\/"},"modified":"2026-05-04T16:08:41","modified_gmt":"2026-05-04T16:08:41","slug":"100v-aceto-balsamico-tradizionale-di-modena-dop","status":"publish","type":"product","link":"https:\/\/www.delideli.zoner.dev\/fin\/tuote\/100v-aceto-balsamico-tradizionale-di-modena-dop\/","title":{"rendered":"Aceto Balsamico Tradizionale di Modena DOP, Il Centenario 100 ml"},"content":{"rendered":"<p>La Bonissiman Il Centenario on sata vuotta kypsytetty tumma balsamico, Aceto Balsamico Tradizionale di Modena DOP, jota on saatavilla vain 50 pullon er\u00e4. T\u00e4m\u00e4 eksklusiivinen ja ylellinen balsamico onkin todellakin heille, jotka todella osaavat arvostaa el\u00e4m\u00e4n kulinaristisia nautintoja tai haluavat antaa toiselle lahjaksi harvinaisen el\u00e4myksen.<br \/>\nItse sukupolvien yli vaalitun balsamicon lis\u00e4ksi ylellinen saksanp\u00e4hkin\u00e4puusta veistetty rasia sis\u00e4lt\u00e4\u00e4 my\u00f6s lis\u00e4varusteet maisteluun. Rasia taas on saanut ylleen seitsenkertaisen hienon lakkakerroksen, kuten konserttiviulu konsanaan. Balsamicon loputtua rasia on hieno ja uniikki s\u00e4ilytysrasia niin koruille, laadukkaille sikareille kuin rakkauskirjeille\u2026 Pakkaus sis\u00e4lt\u00e4\u00e4 my\u00f6s elegantin kirjasen, joka kertoo valmistajan perheen, Di Pietrin, sek\u00e4 t\u00e4m\u00e4n harvinaisen nektarin tarinan.<\/p>\n","protected":false},"excerpt":{"rendered":"<p>Saksanp\u00e4hkin\u00e4puusta veistetty ylellinen ja numeroitu rasia k\u00e4tkee sis\u00e4\u00e4ns\u00e4 yli 100 vuotta kypsytetyn balsamicon, La Bonissiman kruunujalokiven.\u201dIl Centenariota\u201d ovat kypsytelleet useammat sukupolvet Acetaia La Bonissiman perheyrityksess\u00e4, ja sen harvinaisista tynnyreist\u00e4 on nyt pullotettu t\u00e4m\u00e4 luksustuote, joka k\u00e4y niin eksklusiiviseksi lahjaksi kuin itsell\u00e4\u00e4n s\u00e4ilytett\u00e4v\u00e4ksi tai hedonistisesti nautittavaksi.<\/p>\n","protected":false},"featured_media":139684,"comment_status":"open","ping_status":"open","template":"","meta":{"_acf_changed":false},"product_brand":[633],"product_cat":[730,678],"product_tag":[],"class_list":{"0":"post-141386","1":"product","2":"type-product","3":"status-publish","4":"has-post-thumbnail","6":"product_brand-la-bonissima","7":"product_cat-balsamicot","8":"product_cat-oljyt-etikat","9":"product_shipping_class-shipping-discount","10":"pa_alkuperamaa-italia","12":"first","13":"instock","14":"taxable","15":"shipping-taxable","16":"purchasable","17":"product-type-simple","swatches":"rey-swatches","show_selected":""},"acf":[],"_links":{"self":[{"href":"https:\/\/www.delideli.zoner.dev\/fin\/wp-json\/wp\/v2\/product\/141386","targetHints":{"allow":["GET"]}}],"collection":[{"href":"https:\/\/www.delideli.zoner.dev\/fin\/wp-json\/wp\/v2\/product"}],"about":[{"href":"https:\/\/www.delideli.zoner.dev\/fin\/wp-json\/wp\/v2\/types\/product"}],"replies":[{"embeddable":true,"href":"https:\/\/www.delideli.zoner.dev\/fin\/wp-json\/wp\/v2\/comments?post=141386"}],"version-history":[{"count":0,"href":"https:\/\/www.delideli.zoner.dev\/fin\/wp-json\/wp\/v2\/product\/141386\/revisions"}],"wp:featuredmedia":[{"embeddable":true,"href":"https:\/\/www.delideli.zoner.dev\/fin\/wp-json\/wp\/v2\/media\/139684"}],"wp:attachment":[{"href":"https:\/\/www.delideli.zoner.dev\/fin\/wp-json\/wp\/v2\/media?parent=141386"}],"wp:term":[{"taxonomy":"product_brand","embeddable":true,"href":"https:\/\/www.delideli.zoner.dev\/fin\/wp-json\/wp\/v2\/product_brand?post=141386"},{"taxonomy":"product_cat","embeddable":true,"href":"https:\/\/www.delideli.zoner.dev\/fin\/wp-json\/wp\/v2\/product_cat?post=141386"},{"taxonomy":"product_tag","embeddable":true,"href":"https:\/\/www.delideli.zoner.dev\/fin\/wp-json\/wp\/v2\/product_tag?post=141386"}],"curies":[{"name":"wp","href":"https:\/\/api.w.org\/{rel}","templated":true}]}}