{"id":141396,"date":"2017-05-12T18:47:32","date_gmt":"2017-05-12T18:47:32","guid":{"rendered":"https:\/\/www.delideli.zoner.dev\/tuote\/provencen-yrttisekoitus-vintage\/"},"modified":"2026-05-04T16:08:51","modified_gmt":"2026-05-04T16:08:51","slug":"provencen-yrttisekoitus-vintage","status":"publish","type":"product","link":"https:\/\/www.delideli.zoner.dev\/fin\/tuote\/provencen-yrttisekoitus-vintage\/","title":{"rendered":"Provencen yrttisekoitus, Herbes de Provence, vintage-rasia 80 g"},"content":{"rendered":"<p>Ranskalainen Dynamique Proven\u00e7ale valmistaa Provencen syd\u00e4mess\u00e4 t\u00e4t\u00e4 aitoakin aidompaa maustesekoitusta. Herbes de Provence sis\u00e4lt\u00e4\u00e4 Provencessa viljelty\u00e4 ja kuivattua timjamia, kes\u00e4kynteli\u00e4, oreganoa ja rosmariinia.<br \/>\nKokeile niin liha-, siipikarja- kuin kasvisruokien mausteena. Herbes de Provence sopii my\u00f6s oikein loistavasti grilliruokien maustajaksi ja vaikka salaatinkastikkeisiin.<\/p>\n","protected":false},"excerpt":{"rendered":"<p>Provencen perinteist\u00e4kin perinteisempi yrttisekoitus \u201dHerbes de Provence\u201d on v\u00e4limerellisen keitti\u00f6n yksi kulmakivist\u00e4. Kauniiseen vintage-purkkiin on pakattu vain ensiluokkaisista yrteist\u00e4 valmistettu sekoitus, joka ei sis\u00e4ll\u00e4 lainkaan geenimuunneltuja kasveja (GMO) tai keinotekoisia v\u00e4ri-, maku- tai s\u00e4il\u00f6nt\u00e4aineita.<\/p>\n","protected":false},"featured_media":139695,"comment_status":"open","ping_status":"open","template":"","meta":{"_acf_changed":false},"product_brand":[627],"product_cat":[682,715],"product_tag":[],"class_list":{"0":"post-141396","1":"product","2":"type-product","3":"status-publish","4":"has-post-thumbnail","6":"product_brand-dynamique-provencale","7":"product_cat-kuivatuotteet","8":"product_cat-mausteet-mausteet","9":"product_shipping_class-shipping-discount","10":"pa_alkuperamaa-ranska","12":"first","13":"instock","14":"taxable","15":"shipping-taxable","16":"purchasable","17":"product-type-simple","swatches":"rey-swatches","show_selected":""},"acf":[],"_links":{"self":[{"href":"https:\/\/www.delideli.zoner.dev\/fin\/wp-json\/wp\/v2\/product\/141396","targetHints":{"allow":["GET"]}}],"collection":[{"href":"https:\/\/www.delideli.zoner.dev\/fin\/wp-json\/wp\/v2\/product"}],"about":[{"href":"https:\/\/www.delideli.zoner.dev\/fin\/wp-json\/wp\/v2\/types\/product"}],"replies":[{"embeddable":true,"href":"https:\/\/www.delideli.zoner.dev\/fin\/wp-json\/wp\/v2\/comments?post=141396"}],"version-history":[{"count":0,"href":"https:\/\/www.delideli.zoner.dev\/fin\/wp-json\/wp\/v2\/product\/141396\/revisions"}],"wp:featuredmedia":[{"embeddable":true,"href":"https:\/\/www.delideli.zoner.dev\/fin\/wp-json\/wp\/v2\/media\/139695"}],"wp:attachment":[{"href":"https:\/\/www.delideli.zoner.dev\/fin\/wp-json\/wp\/v2\/media?parent=141396"}],"wp:term":[{"taxonomy":"product_brand","embeddable":true,"href":"https:\/\/www.delideli.zoner.dev\/fin\/wp-json\/wp\/v2\/product_brand?post=141396"},{"taxonomy":"product_cat","embeddable":true,"href":"https:\/\/www.delideli.zoner.dev\/fin\/wp-json\/wp\/v2\/product_cat?post=141396"},{"taxonomy":"product_tag","embeddable":true,"href":"https:\/\/www.delideli.zoner.dev\/fin\/wp-json\/wp\/v2\/product_tag?post=141396"}],"curies":[{"name":"wp","href":"https:\/\/api.w.org\/{rel}","templated":true}]}}