{"id":141398,"date":"2017-05-12T18:47:38","date_gmt":"2017-05-12T18:47:38","guid":{"rendered":"https:\/\/www.delideli.zoner.dev\/tuote\/puyn-linssi-aop\/"},"modified":"2026-05-04T16:08:52","modified_gmt":"2026-05-04T16:08:52","slug":"puyn-linssi-aop","status":"publish","type":"product","link":"https:\/\/www.delideli.zoner.dev\/fin\/tuote\/puyn-linssi-aop\/","title":{"rendered":"Puyn linssi  Aop 0,5kg"},"content":{"rendered":"<p>Puy -linssit ovat monen, erityisesti ranskalaisen, mielest\u00e4 ainoat oikeat linssit. T\u00e4m\u00e4n lis\u00e4ksi ne ovat my\u00f6s maukas ja terveellinen lisuke monille erilaisille ruoille. Du Puy -linssit sis\u00e4lt\u00e4v\u00e4t muihin linsseihin verrattuna huomattavan paljon kivenn\u00e4isaineita, mik\u00e4 osaltaan antaa niille niiden hienostuneen maun. Puyn linssien kuori on my\u00f6s ohuempi ja sisus v\u00e4hemm\u00e4n jauhoinen kuin muilla linsseill\u00e4. EU:n alkuper\u00e4suojan alaisten Du Puy -linssien viljely on tarkkaan s\u00e4\u00e4nnelty\u00e4; esimerkiksi kastelu ja lannoitteiden k\u00e4ytt\u00f6 on kokonaan kielletty. Du Puy -linssit sis\u00e4lt\u00e4v\u00e4t paljon kuitua ja ovat v\u00e4h\u00e4rasvaisia. Ne ovat my\u00f6s hyv\u00e4 proteiinin l\u00e4hde.<\/p>\n","protected":false},"excerpt":{"rendered":"<p>La Ponoten Du Puy -linssit ovat Keski-Ranskassa, 1 100 metrin korkeudessa viljelt\u00e4vi\u00e4 vihreit\u00e4 linssej\u00e4. Linssien perinteist\u00e4 viljely\u00e4 on harrastettu alueella jo 2000 vuoden ajan. Alueen ilmasto ja maaper\u00e4antavat niille niiden ainutlaatuisen aromikkaan maun, hienon koostumuksen ja ohuen kuoren. Herkullisen makunsa lis\u00e4ksi ne sis\u00e4lt\u00e4v\u00e4t runsaasti antioksidantteja, rautaa ja magnesiumia sek\u00e4 proteiinia ja kuitua.<\/p>\n","protected":false},"featured_media":139697,"comment_status":"open","ping_status":"open","template":"","meta":{"_acf_changed":false},"product_brand":[636],"product_cat":[682,722],"product_tag":[],"class_list":{"0":"post-141398","1":"product","2":"type-product","3":"status-publish","4":"has-post-thumbnail","6":"product_brand-la-ponote","7":"product_cat-kuivatuotteet","8":"product_cat-pavut-linssit","9":"product_shipping_class-shipping-discount","10":"pa_alkuperamaa-ranska","12":"first","13":"instock","14":"taxable","15":"shipping-taxable","16":"purchasable","17":"product-type-simple","swatches":"rey-swatches","show_selected":""},"acf":[],"_links":{"self":[{"href":"https:\/\/www.delideli.zoner.dev\/fin\/wp-json\/wp\/v2\/product\/141398","targetHints":{"allow":["GET"]}}],"collection":[{"href":"https:\/\/www.delideli.zoner.dev\/fin\/wp-json\/wp\/v2\/product"}],"about":[{"href":"https:\/\/www.delideli.zoner.dev\/fin\/wp-json\/wp\/v2\/types\/product"}],"replies":[{"embeddable":true,"href":"https:\/\/www.delideli.zoner.dev\/fin\/wp-json\/wp\/v2\/comments?post=141398"}],"version-history":[{"count":0,"href":"https:\/\/www.delideli.zoner.dev\/fin\/wp-json\/wp\/v2\/product\/141398\/revisions"}],"wp:featuredmedia":[{"embeddable":true,"href":"https:\/\/www.delideli.zoner.dev\/fin\/wp-json\/wp\/v2\/media\/139697"}],"wp:attachment":[{"href":"https:\/\/www.delideli.zoner.dev\/fin\/wp-json\/wp\/v2\/media?parent=141398"}],"wp:term":[{"taxonomy":"product_brand","embeddable":true,"href":"https:\/\/www.delideli.zoner.dev\/fin\/wp-json\/wp\/v2\/product_brand?post=141398"},{"taxonomy":"product_cat","embeddable":true,"href":"https:\/\/www.delideli.zoner.dev\/fin\/wp-json\/wp\/v2\/product_cat?post=141398"},{"taxonomy":"product_tag","embeddable":true,"href":"https:\/\/www.delideli.zoner.dev\/fin\/wp-json\/wp\/v2\/product_tag?post=141398"}],"curies":[{"name":"wp","href":"https:\/\/api.w.org\/{rel}","templated":true}]}}