{"id":141399,"date":"2017-05-12T18:47:38","date_gmt":"2017-05-12T18:47:38","guid":{"rendered":"https:\/\/www.delideli.zoner.dev\/tuote\/cornichons-pikku-kurkut\/"},"modified":"2026-05-04T16:08:52","modified_gmt":"2026-05-04T16:08:52","slug":"cornichons-pikku-kurkut","status":"publish","type":"product","link":"https:\/\/www.delideli.zoner.dev\/fin\/tuote\/cornichons-pikku-kurkut\/","title":{"rendered":"Cornichons \u2013 Pikku kurkut etikassa, 370 ml"},"content":{"rendered":"<p>Percheron Freres tunnetaan korkealaatuisista ja suosituista viinietikoistaan. Sellaiseen on my\u00f6s s\u00e4il\u00f6tty valmistajan maustetut cornichon-pikkukurkut. Kurkut on k\u00e4sin poimittu ja huolella valittu vain parhaimmista.<\/p>\n","protected":false},"excerpt":{"rendered":"<p>Mit\u00e4 olisikaan ap\u00e9ro- tai tapashetki ilman pikkuisia cornichons-kurkkuja? Ranskalaisen Percheron Freres\u2019n cocktailkurkut on k\u00e4sin poimittu sek\u00e4 s\u00e4il\u00f6tty viinietikkaan korianterin ja rakuunan kanssa. Tilaa ja maista mutta varo, ettet j\u00e4\u00e4 koukkuun!<\/p>\n","protected":false},"featured_media":141400,"comment_status":"open","ping_status":"open","template":"","meta":{"_acf_changed":false},"product_brand":[649],"product_cat":[676,701],"product_tag":[],"class_list":{"0":"post-141399","1":"product","2":"type-product","3":"status-publish","4":"has-post-thumbnail","6":"product_brand-percheron-freres","7":"product_cat-suolaiset","8":"product_cat-vihannekset","9":"product_shipping_class-shipping-discount","10":"pa_alkuperamaa-ranska","12":"first","13":"instock","14":"taxable","15":"shipping-taxable","16":"purchasable","17":"product-type-simple","swatches":"rey-swatches","show_selected":""},"acf":[],"_links":{"self":[{"href":"https:\/\/www.delideli.zoner.dev\/fin\/wp-json\/wp\/v2\/product\/141399","targetHints":{"allow":["GET"]}}],"collection":[{"href":"https:\/\/www.delideli.zoner.dev\/fin\/wp-json\/wp\/v2\/product"}],"about":[{"href":"https:\/\/www.delideli.zoner.dev\/fin\/wp-json\/wp\/v2\/types\/product"}],"replies":[{"embeddable":true,"href":"https:\/\/www.delideli.zoner.dev\/fin\/wp-json\/wp\/v2\/comments?post=141399"}],"version-history":[{"count":0,"href":"https:\/\/www.delideli.zoner.dev\/fin\/wp-json\/wp\/v2\/product\/141399\/revisions"}],"wp:featuredmedia":[{"embeddable":true,"href":"https:\/\/www.delideli.zoner.dev\/fin\/wp-json\/wp\/v2\/media\/141400"}],"wp:attachment":[{"href":"https:\/\/www.delideli.zoner.dev\/fin\/wp-json\/wp\/v2\/media?parent=141399"}],"wp:term":[{"taxonomy":"product_brand","embeddable":true,"href":"https:\/\/www.delideli.zoner.dev\/fin\/wp-json\/wp\/v2\/product_brand?post=141399"},{"taxonomy":"product_cat","embeddable":true,"href":"https:\/\/www.delideli.zoner.dev\/fin\/wp-json\/wp\/v2\/product_cat?post=141399"},{"taxonomy":"product_tag","embeddable":true,"href":"https:\/\/www.delideli.zoner.dev\/fin\/wp-json\/wp\/v2\/product_tag?post=141399"}],"curies":[{"name":"wp","href":"https:\/\/api.w.org\/{rel}","templated":true}]}}