{"id":141403,"date":"2017-05-12T18:47:46","date_gmt":"2017-05-12T18:47:46","guid":{"rendered":"https:\/\/www.delideli.zoner.dev\/tuote\/marenki-pussi\/"},"modified":"2026-05-04T16:08:57","modified_gmt":"2026-05-04T16:08:57","slug":"marenki-pussi","status":"publish","type":"product","link":"https:\/\/www.delideli.zoner.dev\/fin\/tuote\/marenki-pussi\/","title":{"rendered":"Marenki pussi 140g"},"content":{"rendered":"<p>Biscuiterie du Quercyn perinteiset marengit valmistetaan k\u00e4sity\u00f6perinteiden mukaan laadukkaista raaka-aineista ilman turhia lis\u00e4- tai s\u00e4il\u00f6nt\u00e4aineita. Niiden herkullisuuden salaisuus l\u00f6ytyy pehme\u00e4st\u00e4 sisuksesta ja rapeasta ulkokuoresta. Kokeile sellaisenaan tai j\u00e4lkiruoissa, esimerkiksi mascarponevaahdon ja marjojen kera! Hyv\u00e4n s\u00e4ilyvyyden varmistamiseksi s\u00e4ilyt\u00e4 ne valolta suojattuna.<\/p>\n","protected":false},"excerpt":{"rendered":"<p>Biscuiterie du Quercy on yksi Ranskan t\u00e4rkeimmist\u00e4 artesaanimarenkien valmistajista. Sen perinteiset marengit ovat sis\u00e4lt\u00e4 ihanan pehmeit\u00e4 ja sitkoisia ja ulkoa sopivan rapeita. Pieni h\u00e4iv\u00e4hdys vaniljaa antaa marengeille hienostuneen maun.<\/p>\n","protected":false},"featured_media":139703,"comment_status":"open","ping_status":"open","template":"","meta":{"_acf_changed":false},"product_brand":[618],"product_cat":[680,707],"product_tag":[],"class_list":{"0":"post-141403","1":"product","2":"type-product","3":"status-publish","4":"has-post-thumbnail","6":"product_brand-biscuiterie-en-quercy","7":"product_cat-makeat","8":"product_cat-marengit","9":"product_shipping_class-shipping-discount","10":"pa_alkuperamaa-ranska","11":"pa_ruokavalio-ei-gluteenia","13":"first","14":"instock","15":"taxable","16":"shipping-taxable","17":"purchasable","18":"product-type-simple","swatches":"rey-swatches","show_selected":""},"acf":[],"_links":{"self":[{"href":"https:\/\/www.delideli.zoner.dev\/fin\/wp-json\/wp\/v2\/product\/141403","targetHints":{"allow":["GET"]}}],"collection":[{"href":"https:\/\/www.delideli.zoner.dev\/fin\/wp-json\/wp\/v2\/product"}],"about":[{"href":"https:\/\/www.delideli.zoner.dev\/fin\/wp-json\/wp\/v2\/types\/product"}],"replies":[{"embeddable":true,"href":"https:\/\/www.delideli.zoner.dev\/fin\/wp-json\/wp\/v2\/comments?post=141403"}],"version-history":[{"count":0,"href":"https:\/\/www.delideli.zoner.dev\/fin\/wp-json\/wp\/v2\/product\/141403\/revisions"}],"wp:featuredmedia":[{"embeddable":true,"href":"https:\/\/www.delideli.zoner.dev\/fin\/wp-json\/wp\/v2\/media\/139703"}],"wp:attachment":[{"href":"https:\/\/www.delideli.zoner.dev\/fin\/wp-json\/wp\/v2\/media?parent=141403"}],"wp:term":[{"taxonomy":"product_brand","embeddable":true,"href":"https:\/\/www.delideli.zoner.dev\/fin\/wp-json\/wp\/v2\/product_brand?post=141403"},{"taxonomy":"product_cat","embeddable":true,"href":"https:\/\/www.delideli.zoner.dev\/fin\/wp-json\/wp\/v2\/product_cat?post=141403"},{"taxonomy":"product_tag","embeddable":true,"href":"https:\/\/www.delideli.zoner.dev\/fin\/wp-json\/wp\/v2\/product_tag?post=141403"}],"curies":[{"name":"wp","href":"https:\/\/api.w.org\/{rel}","templated":true}]}}