{"id":141404,"date":"2017-05-12T18:47:46","date_gmt":"2017-05-12T18:47:46","guid":{"rendered":"https:\/\/www.delideli.zoner.dev\/tuote\/herkkukori-organic\/"},"modified":"2026-05-04T16:18:46","modified_gmt":"2026-05-04T16:18:46","slug":"herkkukori-organic","status":"publish","type":"product","link":"https:\/\/www.delideli.zoner.dev\/fin\/tuote\/herkkukori-organic\/","title":{"rendered":"Herkkukori Luomu"},"content":{"rendered":"<p>Kori sis\u00e4lt\u00e4\u00e4<br \/>\n1619 &#8211; KORI kartonkitarjotin natural neli\u00f6 iso 38x32x11cm<br \/>\n1066 &#8211; Luomu ja reilun kaupan orangettes 180g<br \/>\n1179 &#8211; Le Bon Semeur punainen luomulinssii 500g<br \/>\n218 &#8211; Luomuherne extra fins 2x190g<br \/>\n2226 &#8211; Luomu Maissipasta gluton 250g -Linguine<br \/>\n4456 &#8211; Luomu karkea dijonsinappi 190g<br \/>\n5190 &#8211; Luomu mansikkahillo 320g<br \/>\n5229 &#8211; Luomu hummus 100g<br \/>\n6305 &#8211; Luomukastanjat vakumipakkaus 200g<br \/>\n92031 &#8211; Luomu modenan balsamico 250ml<br \/>\n9223 &#8211; Luomu vegaani ragu pastakastike 300g<br \/>\n9921 &#8211; Rincon de la Subbetica luomu extra virgin oliivi\u00f6ljy 100 ml<\/p>\n<p>*Mik\u00e4li joku tuote on loppunut varastosta, voimme vaihtaa sen toiseen vastavaan.<\/p>\n","protected":false},"excerpt":{"rendered":"<p>Luomukori ihastuttaa valikoimallaan kaikkia, mutta sopii lahjaksi my\u00f6s kasvisruokavaliota noudattavalle kuin vegaanillekin. Korin sis\u00e4ll\u00f6st\u00e4 voidaan valmistaa monta ateriaa ja tuotteista on iloa pitk\u00e4ksi aikaa. Palkittu extra virgin oliivi\u00f6ljy ja luomubalsamiko salaateille on aivan ehdoton yhdistelm\u00e4. Aamun voi aloitta luomuhillolla ja luomu ja reilun kaupan suklaalla p\u00e4\u00e4llystetyt appelsiininkuoret sopivat nautittavaksi melkein milloin vain.<br \/>\nKaikki tuotteet ovat luomua.<br \/>\nT\u00e4m\u00e4 tuote voidaan pakata my\u00f6s kauniiseen juuttikassiin kartonkisen korin sijaan. Valitse pakkausvaihtoehtosi valikosta. Kori sis\u00e4lt\u00e4\u00e4<br \/>\n1619 &#8211; KORI kartonkitarjotin natural neli\u00f6 iso 38x32x11cm<br \/>\n1066 &#8211; Luomu ja reilun kaupan orangettes 180g<br \/>\n1179 &#8211; Le Bon Semeur punainen luomulinssii 500g<br \/>\n218 &#8211; Luomuherne extra fins 2x190g<br \/>\n2226 &#8211; Luomu Maissipasta gluton 250g -Linguine<br \/>\n4456 &#8211; Luomu karkea dijonsinappi 190g<br \/>\n5190 &#8211; Luomu mansikkahillo 320g<br \/>\n5229 &#8211; Luomu hummus 100g<br \/>\n6305 &#8211; Luomukastanjat vakumipakkaus 200g<br \/>\n92031 &#8211; Luomu modenan balsamico 250ml<br \/>\n9223 &#8211; Luomu vegaani ragu pastakastike 300g<br \/>\n9921 &#8211; Rincon de la Subbetica luomu extra virgin oliivi\u00f6ljy 100 ml<\/p>\n<p>*Mik\u00e4li joku tuote on loppunut varastosta, voimme vaihtaa sen toiseen vastavaan.<\/p>\n","protected":false},"featured_media":138740,"comment_status":"open","ping_status":"open","template":"","meta":{"_acf_changed":false},"product_brand":[625],"product_cat":[684,727],"product_tag":[],"class_list":{"0":"post-141404","1":"product","2":"type-product","3":"status-publish","4":"has-post-thumbnail","6":"product_brand-delideli","7":"product_cat-herkkukorit","8":"product_cat-lahjaksi","9":"product_shipping_class-shipping-discount","10":"pa_alkuperamaa-ranska","11":"pa_ruokavalio-luomu","13":"first","14":"outofstock","15":"taxable","16":"shipping-taxable","17":"purchasable","18":"product-type-variable","swatches":"rey-swatches","show_selected":""},"acf":[],"_links":{"self":[{"href":"https:\/\/www.delideli.zoner.dev\/fin\/wp-json\/wp\/v2\/product\/141404","targetHints":{"allow":["GET"]}}],"collection":[{"href":"https:\/\/www.delideli.zoner.dev\/fin\/wp-json\/wp\/v2\/product"}],"about":[{"href":"https:\/\/www.delideli.zoner.dev\/fin\/wp-json\/wp\/v2\/types\/product"}],"replies":[{"embeddable":true,"href":"https:\/\/www.delideli.zoner.dev\/fin\/wp-json\/wp\/v2\/comments?post=141404"}],"version-history":[{"count":0,"href":"https:\/\/www.delideli.zoner.dev\/fin\/wp-json\/wp\/v2\/product\/141404\/revisions"}],"wp:featuredmedia":[{"embeddable":true,"href":"https:\/\/www.delideli.zoner.dev\/fin\/wp-json\/wp\/v2\/media\/138740"}],"wp:attachment":[{"href":"https:\/\/www.delideli.zoner.dev\/fin\/wp-json\/wp\/v2\/media?parent=141404"}],"wp:term":[{"taxonomy":"product_brand","embeddable":true,"href":"https:\/\/www.delideli.zoner.dev\/fin\/wp-json\/wp\/v2\/product_brand?post=141404"},{"taxonomy":"product_cat","embeddable":true,"href":"https:\/\/www.delideli.zoner.dev\/fin\/wp-json\/wp\/v2\/product_cat?post=141404"},{"taxonomy":"product_tag","embeddable":true,"href":"https:\/\/www.delideli.zoner.dev\/fin\/wp-json\/wp\/v2\/product_tag?post=141404"}],"curies":[{"name":"wp","href":"https:\/\/api.w.org\/{rel}","templated":true}]}}