{"id":141407,"date":"2017-05-12T18:47:47","date_gmt":"2017-05-12T18:47:47","guid":{"rendered":"https:\/\/www.delideli.zoner.dev\/tuote\/luomutomaatti-passata-pullo\/"},"modified":"2026-05-04T16:09:01","modified_gmt":"2026-05-04T16:09:01","slug":"luomutomaatti-passata-pullo","status":"publish","type":"product","link":"https:\/\/www.delideli.zoner.dev\/fin\/tuote\/luomutomaatti-passata-pullo\/","title":{"rendered":"Tomaattipassata, luomu 690 g"},"content":{"rendered":"<p>Kes\u00e4n parhaimpana hetken\u00e4 poimitaan k\u00e4sin Mariangela Prunotton tomaattipassatassa k\u00e4ytett\u00e4v\u00e4t luomutomaatit. Poiminnan j\u00e4lkeen ne vied\u00e4\u00e4n suoraan jalostettavaksi herkulliseksi tomaattipassataksi 48 tunnin kuluessa poimimisesta. Tomaattipassatan tomaatit eli paseeratut tomaatit kypsennet\u00e4\u00e4n ilman suolaa. Valmiiseen passataan ei my\u00f6sk\u00e4\u00e4n lis\u00e4t\u00e4 lainkaan sokeria, yrttej\u00e4 tai muita ainesosia. Pelk\u00e4t auringon kypsytt\u00e4m\u00e4t italialaiset luomutomaatit riitt\u00e4v\u00e4t.<br \/>\nTomaattipassata on valmis k\u00e4ytett\u00e4v\u00e4ksi heti sellaisenaan, esimerkiksi pastakastikkeena oliivi\u00f6ljyn kera. Voit k\u00e4ytt\u00e4\u00e4 passataa my\u00f6s mihin tahansa reseptiin tuoreen tomaatin sijaan. Lis\u00e4\u00e4m\u00e4ll\u00e4 siihen valkosipulia ja oliivi\u00f6ljy\u00e4 saat t\u00e4ydellisen tomaattikastikkeen niin pastalle, pizzalle kuin bruschetalle.<\/p>\n","protected":false},"excerpt":{"rendered":"<p>Mariangela Prunotton luomutomaattipassata on valmistettu auringon kypsytt\u00e4mist\u00e4 italialaisista tomaateista, jotka on poimittu juuri oikealla hetkell\u00e4. Tomaattipassatta eli paseeratut tomaatit on keitetty ja s\u00e4il\u00f6tty pelkist\u00e4 luomutomaateista, eik\u00e4 siihen ole lis\u00e4tty mit\u00e4\u00e4n muuta. K\u00e4yt\u00e4 sellaisenaan tomaattikastikkeena tai muun kastikkeen pohjana.<\/p>\n","protected":false},"featured_media":139706,"comment_status":"open","ping_status":"open","template":"","meta":{"_acf_changed":false},"product_brand":[645],"product_cat":[677,688,699,733,755,676,734,748],"product_tag":[174],"class_list":{"0":"post-141407","1":"product","2":"type-product","3":"status-publish","4":"has-post-thumbnail","6":"product_brand-mariangela-prunotto","7":"product_cat-ajankohtaisia","8":"product_cat-kastikkeet","9":"product_cat-luomutuotteet","10":"product_cat-pasta-italiana","11":"product_cat-pizza-ainekset","12":"product_cat-suolaiset","13":"product_cat-teemat","14":"product_cat-tomaatit-osasto","15":"product_tag-luomu","16":"product_shipping_class-shipping-discount","17":"pa_alkuperamaa-italia","18":"pa_ruokavalio-luomu","19":"pa_ruokavalio-vegaanituote","21":"first","22":"instock","23":"taxable","24":"shipping-taxable","25":"purchasable","26":"product-type-simple","swatches":"rey-swatches","show_selected":""},"acf":[],"_links":{"self":[{"href":"https:\/\/www.delideli.zoner.dev\/fin\/wp-json\/wp\/v2\/product\/141407","targetHints":{"allow":["GET"]}}],"collection":[{"href":"https:\/\/www.delideli.zoner.dev\/fin\/wp-json\/wp\/v2\/product"}],"about":[{"href":"https:\/\/www.delideli.zoner.dev\/fin\/wp-json\/wp\/v2\/types\/product"}],"replies":[{"embeddable":true,"href":"https:\/\/www.delideli.zoner.dev\/fin\/wp-json\/wp\/v2\/comments?post=141407"}],"version-history":[{"count":0,"href":"https:\/\/www.delideli.zoner.dev\/fin\/wp-json\/wp\/v2\/product\/141407\/revisions"}],"wp:featuredmedia":[{"embeddable":true,"href":"https:\/\/www.delideli.zoner.dev\/fin\/wp-json\/wp\/v2\/media\/139706"}],"wp:attachment":[{"href":"https:\/\/www.delideli.zoner.dev\/fin\/wp-json\/wp\/v2\/media?parent=141407"}],"wp:term":[{"taxonomy":"product_brand","embeddable":true,"href":"https:\/\/www.delideli.zoner.dev\/fin\/wp-json\/wp\/v2\/product_brand?post=141407"},{"taxonomy":"product_cat","embeddable":true,"href":"https:\/\/www.delideli.zoner.dev\/fin\/wp-json\/wp\/v2\/product_cat?post=141407"},{"taxonomy":"product_tag","embeddable":true,"href":"https:\/\/www.delideli.zoner.dev\/fin\/wp-json\/wp\/v2\/product_tag?post=141407"}],"curies":[{"name":"wp","href":"https:\/\/api.w.org\/{rel}","templated":true}]}}