{"id":141408,"date":"2017-05-12T18:47:47","date_gmt":"2017-05-12T18:47:47","guid":{"rendered":"https:\/\/www.delideli.zoner.dev\/tuote\/grillattu-artisokka-oliivioljyssa\/"},"modified":"2026-05-04T16:09:01","modified_gmt":"2026-05-04T16:09:01","slug":"grillattu-artisokka-oliivioljyssa","status":"publish","type":"product","link":"https:\/\/www.delideli.zoner.dev\/fin\/tuote\/grillattu-artisokka-oliivioljyssa\/","title":{"rendered":"Grillattu artisokka oliivi\u00f6ljyss\u00e4 320g"},"content":{"rendered":"<p>Italialaisen Mariangela Prunotton grillatut artisokat oliivi\u00f6ljyss\u00e4 on valmistettu k\u00e4sin poimituista ja tarkkaan valituista tuoreista artisokista. Poimimisen j\u00e4lkeen tuoreet artisokat puhdistetaan varovasti ja uloimmat lehdet poistetaan. T\u00e4m\u00e4n j\u00e4lkeen ne grillataan ja annetaan j\u00e4\u00e4hty\u00e4 hetki ennen s\u00e4il\u00f6mist\u00e4 ekstraneitsytoliivi\u00f6ljyyn, johon on lis\u00e4tty yrttej\u00e4 maun viimeistelemiseksi. S\u00e4il\u00f6nn\u00e4ss\u00e4 k\u00e4ytet\u00e4\u00e4n perinteist\u00e4 resepti\u00e4, joka aidosti s\u00e4il\u00f6\u00f6 artisokan oman, tuoreen maun.<\/p>\n","protected":false},"excerpt":{"rendered":"<p>Kun haluat nauttia aidoista italialaisista artisokista, kokeile Mariangela Prunotton grillattuja artisokkia oliivi\u00f6ljyss\u00e4. Saat t\u00e4st\u00e4 helpon ja herkullisen lisukkeen monelle erilaiselle ruoalle, ainesosan salaattiin tai tarjottavan antipastolautaselle. Kokeile my\u00f6s artisokkapastassa!<\/p>\n","protected":false},"featured_media":139708,"comment_status":"open","ping_status":"open","template":"","meta":{"_acf_changed":false},"product_brand":[645],"product_cat":[676,701],"product_tag":[],"class_list":{"0":"post-141408","1":"product","2":"type-product","3":"status-publish","4":"has-post-thumbnail","6":"product_brand-mariangela-prunotto","7":"product_cat-suolaiset","8":"product_cat-vihannekset","9":"product_shipping_class-shipping-discount","10":"pa_alkuperamaa-italia","11":"pa_ruokavalio-vegaanituote","13":"first","14":"instock","15":"taxable","16":"shipping-taxable","17":"purchasable","18":"product-type-simple","swatches":"rey-swatches","show_selected":""},"acf":[],"_links":{"self":[{"href":"https:\/\/www.delideli.zoner.dev\/fin\/wp-json\/wp\/v2\/product\/141408","targetHints":{"allow":["GET"]}}],"collection":[{"href":"https:\/\/www.delideli.zoner.dev\/fin\/wp-json\/wp\/v2\/product"}],"about":[{"href":"https:\/\/www.delideli.zoner.dev\/fin\/wp-json\/wp\/v2\/types\/product"}],"replies":[{"embeddable":true,"href":"https:\/\/www.delideli.zoner.dev\/fin\/wp-json\/wp\/v2\/comments?post=141408"}],"version-history":[{"count":0,"href":"https:\/\/www.delideli.zoner.dev\/fin\/wp-json\/wp\/v2\/product\/141408\/revisions"}],"wp:featuredmedia":[{"embeddable":true,"href":"https:\/\/www.delideli.zoner.dev\/fin\/wp-json\/wp\/v2\/media\/139708"}],"wp:attachment":[{"href":"https:\/\/www.delideli.zoner.dev\/fin\/wp-json\/wp\/v2\/media?parent=141408"}],"wp:term":[{"taxonomy":"product_brand","embeddable":true,"href":"https:\/\/www.delideli.zoner.dev\/fin\/wp-json\/wp\/v2\/product_brand?post=141408"},{"taxonomy":"product_cat","embeddable":true,"href":"https:\/\/www.delideli.zoner.dev\/fin\/wp-json\/wp\/v2\/product_cat?post=141408"},{"taxonomy":"product_tag","embeddable":true,"href":"https:\/\/www.delideli.zoner.dev\/fin\/wp-json\/wp\/v2\/product_tag?post=141408"}],"curies":[{"name":"wp","href":"https:\/\/api.w.org\/{rel}","templated":true}]}}