{"id":141409,"date":"2017-05-12T18:47:48","date_gmt":"2017-05-12T18:47:48","guid":{"rendered":"https:\/\/www.delideli.zoner.dev\/tuote\/luomupesto-punainen\/"},"modified":"2026-05-04T16:09:05","modified_gmt":"2026-05-04T16:09:05","slug":"luomupesto-punainen","status":"publish","type":"product","link":"https:\/\/www.delideli.zoner.dev\/fin\/tuote\/luomupesto-punainen\/","title":{"rendered":"Punainen pesto, luomu ja vegaani 130 g"},"content":{"rendered":"<p>Piemontelaisen Mariangela Prunotton punaisen pestokastikkeen resepti mukailee alkuper\u00e4ist\u00e4 vihre\u00e4\u00e4 pestoa, mutta tomaatti ja muut reseptin raaka-aineet muuttavat maun t\u00e4ysin. Punaisessa pestossa k\u00e4ytetyt luomutomaatit valitaan tarkoin ja kuivataan auringossa. Pestossa ei ole k\u00e4ytetty lis\u00e4ksi mit\u00e4\u00e4n keinotekoisia aromeja, lis\u00e4- tai s\u00e4il\u00f6nt\u00e4aineita.<br \/>\nVinkki: Kun k\u00e4yt\u00e4t punaista pestoa pastan kastikkeena, laimenna sit\u00e4 hieman pastan keittovedell\u00e4 ja sekoita hyvin valutetun pastan kanssa. Annostele punaista pestoa noin 2 teelusikallista per henkil\u00f6. Voit halutessasi viimeistell\u00e4 annoksen tilkalla ekstraneitsytoliivi\u00f6ljy\u00e4.<\/p>\n","protected":false},"excerpt":{"rendered":"<p>Aito italialainen punainen pesto valmistetaan auringon kypsytt\u00e4mist\u00e4 luomutomaateista ja muun muassa cashewp\u00e4hkin\u00f6ist\u00e4, jotka antavat oman erityislaatuisen arominsa t\u00e4lle herkulliselle luomupestolle. Voimakkaanmakuinen mutta tasapainoinen pesto sopii moneen k\u00e4ytt\u00f6tarkoitukseen aina bruschetasta pastaan ja crostineille. Kokeile my\u00f6s sellaisenaan esimerkiksi punaisen lihan tai kanan lisukkeena tai t\u00e4ytteen\u00e4!<\/p>\n","protected":false},"featured_media":139710,"comment_status":"open","ping_status":"open","template":"","meta":{"_acf_changed":false},"product_brand":[645],"product_cat":[677,688,718,699,733,676,734],"product_tag":[174],"class_list":{"0":"post-141409","1":"product","2":"type-product","3":"status-publish","4":"has-post-thumbnail","6":"product_brand-mariangela-prunotto","7":"product_cat-ajankohtaisia","8":"product_cat-kastikkeet","9":"product_cat-levitteet","10":"product_cat-luomutuotteet","11":"product_cat-pasta-italiana","12":"product_cat-suolaiset","13":"product_cat-teemat","14":"product_tag-luomu","15":"product_shipping_class-shipping-discount","16":"pa_alkuperamaa-italia","17":"pa_ruokavalio-luomu","18":"pa_ruokavalio-vegaanituote","20":"first","21":"instock","22":"taxable","23":"shipping-taxable","24":"purchasable","25":"product-type-simple","swatches":"rey-swatches","show_selected":""},"acf":[],"_links":{"self":[{"href":"https:\/\/www.delideli.zoner.dev\/fin\/wp-json\/wp\/v2\/product\/141409","targetHints":{"allow":["GET"]}}],"collection":[{"href":"https:\/\/www.delideli.zoner.dev\/fin\/wp-json\/wp\/v2\/product"}],"about":[{"href":"https:\/\/www.delideli.zoner.dev\/fin\/wp-json\/wp\/v2\/types\/product"}],"replies":[{"embeddable":true,"href":"https:\/\/www.delideli.zoner.dev\/fin\/wp-json\/wp\/v2\/comments?post=141409"}],"version-history":[{"count":0,"href":"https:\/\/www.delideli.zoner.dev\/fin\/wp-json\/wp\/v2\/product\/141409\/revisions"}],"wp:featuredmedia":[{"embeddable":true,"href":"https:\/\/www.delideli.zoner.dev\/fin\/wp-json\/wp\/v2\/media\/139710"}],"wp:attachment":[{"href":"https:\/\/www.delideli.zoner.dev\/fin\/wp-json\/wp\/v2\/media?parent=141409"}],"wp:term":[{"taxonomy":"product_brand","embeddable":true,"href":"https:\/\/www.delideli.zoner.dev\/fin\/wp-json\/wp\/v2\/product_brand?post=141409"},{"taxonomy":"product_cat","embeddable":true,"href":"https:\/\/www.delideli.zoner.dev\/fin\/wp-json\/wp\/v2\/product_cat?post=141409"},{"taxonomy":"product_tag","embeddable":true,"href":"https:\/\/www.delideli.zoner.dev\/fin\/wp-json\/wp\/v2\/product_tag?post=141409"}],"curies":[{"name":"wp","href":"https:\/\/api.w.org\/{rel}","templated":true}]}}