{"id":141410,"date":"2017-05-12T18:47:48","date_gmt":"2017-05-12T18:47:48","guid":{"rendered":"https:\/\/www.delideli.zoner.dev\/tuote\/luomupesto\/"},"modified":"2026-05-04T16:09:06","modified_gmt":"2026-05-04T16:09:06","slug":"luomupesto","status":"publish","type":"product","link":"https:\/\/www.delideli.zoner.dev\/fin\/tuote\/luomupesto\/","title":{"rendered":"Vihre\u00e4 pesto, luomu ja vegaani 130 g"},"content":{"rendered":"<p>Piemontelaisen Mariangela Prunotton vihre\u00e4 pesto on makuhermoja hivelev\u00e4, luomuraaka-aineista perinteisell\u00e4 reseptill\u00e4 valmistettu valmis vihre\u00e4 pestokastike. Herkullisen maun ja koostumuksen salaisuus on vain paraslaatuinen tuore luomubasilika, joka k\u00e4ytet\u00e4\u00e4n murskaamalla suoraan kastikkeeseen. Pestossa ei k\u00e4ytet\u00e4 mit\u00e4\u00e4n keinotekoisia aromeja tai lis\u00e4- ja s\u00e4il\u00f6nt\u00e4aineita. T\u00e4ss\u00e4 on t\u00e4ydellinen pesto esimerkiksi bruschettaan tai pastaan!<br \/>\nTiesitk\u00f6, ett\u00e4 peston juuret ovat jo antiikin Roomassa, jossa se tunnettiin nimell\u00e4 \u201dMoretum\u201d? Ensimm\u00e4inen pestoresepti taas tunnetaan jo 1800-luvulta.<\/p>\n","protected":false},"excerpt":{"rendered":"<p>Aito italialainen vihre\u00e4 pesto valmistetaan tuoreesta luomubasilikasta, ekstraneitsytoliivi\u00f6ljyst\u00e4, pinjansiemenist\u00e4, merisuolasta ja sitruunamehusta \u2013 ilman mit\u00e4\u00e4n keinotekoisia aromeja tai ainesosia. Elokuussa k\u00e4sin ker\u00e4tt\u00e4v\u00e4 basilika k\u00e4ytet\u00e4\u00e4n heti tuoreeltaan, mik\u00e4 takaa peston aidot ja herkulliset aromit. Kokeile ja l\u00f6yd\u00e4 uusi suosikkipestosi!<\/p>\n","protected":false},"featured_media":139712,"comment_status":"open","ping_status":"open","template":"","meta":{"_acf_changed":false},"product_brand":[645],"product_cat":[677,688,718,699,733,676,734],"product_tag":[174],"class_list":{"0":"post-141410","1":"product","2":"type-product","3":"status-publish","4":"has-post-thumbnail","6":"product_brand-mariangela-prunotto","7":"product_cat-ajankohtaisia","8":"product_cat-kastikkeet","9":"product_cat-levitteet","10":"product_cat-luomutuotteet","11":"product_cat-pasta-italiana","12":"product_cat-suolaiset","13":"product_cat-teemat","14":"product_tag-luomu","15":"product_shipping_class-shipping-discount","16":"pa_alkuperamaa-italia","17":"pa_ruokavalio-luomu","18":"pa_ruokavalio-vegaanituote","20":"first","21":"instock","22":"taxable","23":"shipping-taxable","24":"purchasable","25":"product-type-simple","swatches":"rey-swatches","show_selected":""},"acf":[],"_links":{"self":[{"href":"https:\/\/www.delideli.zoner.dev\/fin\/wp-json\/wp\/v2\/product\/141410","targetHints":{"allow":["GET"]}}],"collection":[{"href":"https:\/\/www.delideli.zoner.dev\/fin\/wp-json\/wp\/v2\/product"}],"about":[{"href":"https:\/\/www.delideli.zoner.dev\/fin\/wp-json\/wp\/v2\/types\/product"}],"replies":[{"embeddable":true,"href":"https:\/\/www.delideli.zoner.dev\/fin\/wp-json\/wp\/v2\/comments?post=141410"}],"version-history":[{"count":0,"href":"https:\/\/www.delideli.zoner.dev\/fin\/wp-json\/wp\/v2\/product\/141410\/revisions"}],"wp:featuredmedia":[{"embeddable":true,"href":"https:\/\/www.delideli.zoner.dev\/fin\/wp-json\/wp\/v2\/media\/139712"}],"wp:attachment":[{"href":"https:\/\/www.delideli.zoner.dev\/fin\/wp-json\/wp\/v2\/media?parent=141410"}],"wp:term":[{"taxonomy":"product_brand","embeddable":true,"href":"https:\/\/www.delideli.zoner.dev\/fin\/wp-json\/wp\/v2\/product_brand?post=141410"},{"taxonomy":"product_cat","embeddable":true,"href":"https:\/\/www.delideli.zoner.dev\/fin\/wp-json\/wp\/v2\/product_cat?post=141410"},{"taxonomy":"product_tag","embeddable":true,"href":"https:\/\/www.delideli.zoner.dev\/fin\/wp-json\/wp\/v2\/product_tag?post=141410"}],"curies":[{"name":"wp","href":"https:\/\/api.w.org\/{rel}","templated":true}]}}