{"id":141411,"date":"2017-05-12T18:47:50","date_gmt":"2017-05-12T18:47:50","guid":{"rendered":"https:\/\/www.delideli.zoner.dev\/tuote\/eucalyptus-hunaja\/"},"modified":"2026-05-04T16:09:06","modified_gmt":"2026-05-04T16:09:06","slug":"eucalyptus-hunaja","status":"publish","type":"product","link":"https:\/\/www.delideli.zoner.dev\/fin\/tuote\/eucalyptus-hunaja\/","title":{"rendered":"Eukalyptushunaja, Italia 100 g"},"content":{"rendered":"<p>Italialaisen Mariangela Prunotton eukalyptushunaja ker\u00e4t\u00e4\u00e4n kes\u00e4isin eukalyptuspuiden katveessa sijaitsevista mehil\u00e4ispesist\u00e4. Se onkin aito yksikukkahunaja. Hunaja on hienosti kiteytynyt ja kehitt\u00e4nyt itselleen monisyisen beigen v\u00e4rin. Sen tuoksu on eritt\u00e4in erottuva, ominainen ja voimakas. Eukalyptushunajan maku on makea ja tuo mieleen maitosokerin. Eukalyptushunaja sopii makeutensa takia erinomaisesti makeuttajaksi erilaisille teejuomille sokerin sijaan.<\/p>\n","protected":false},"excerpt":{"rendered":"<p>Aito italialainen eukalyptushunaja valmistetaan eukalyptuspuita p\u00f6lytt\u00e4neiden mehil\u00e4isten tuottamasta hunajasta. Sill\u00e4 sanotaan olevan monia hyvinvointia edist\u00e4vi\u00e4 vaikutuksia aina keuhkoista ruoansulatukseen. Kokeile sit\u00e4 niin erilaisissa kuumissa juomissa, leivonnaisissa kuin ruoanlaitossakin!<\/p>\n","protected":false},"featured_media":139714,"comment_status":"open","ping_status":"open","template":"","meta":{"_acf_changed":false},"product_brand":[645],"product_cat":[711,681],"product_tag":[],"class_list":{"0":"post-141411","1":"product","2":"type-product","3":"status-publish","4":"has-post-thumbnail","6":"product_brand-mariangela-prunotto","7":"product_cat-hunajat","8":"product_cat-marjat-hedelmat","9":"product_shipping_class-shipping-discount","10":"pa_alkuperamaa-italia","11":"pa_ruokavalio-vegaanituote","13":"first","14":"outofstock","15":"taxable","16":"shipping-taxable","17":"purchasable","18":"product-type-simple","swatches":"rey-swatches","show_selected":""},"acf":[],"_links":{"self":[{"href":"https:\/\/www.delideli.zoner.dev\/fin\/wp-json\/wp\/v2\/product\/141411","targetHints":{"allow":["GET"]}}],"collection":[{"href":"https:\/\/www.delideli.zoner.dev\/fin\/wp-json\/wp\/v2\/product"}],"about":[{"href":"https:\/\/www.delideli.zoner.dev\/fin\/wp-json\/wp\/v2\/types\/product"}],"replies":[{"embeddable":true,"href":"https:\/\/www.delideli.zoner.dev\/fin\/wp-json\/wp\/v2\/comments?post=141411"}],"version-history":[{"count":0,"href":"https:\/\/www.delideli.zoner.dev\/fin\/wp-json\/wp\/v2\/product\/141411\/revisions"}],"wp:featuredmedia":[{"embeddable":true,"href":"https:\/\/www.delideli.zoner.dev\/fin\/wp-json\/wp\/v2\/media\/139714"}],"wp:attachment":[{"href":"https:\/\/www.delideli.zoner.dev\/fin\/wp-json\/wp\/v2\/media?parent=141411"}],"wp:term":[{"taxonomy":"product_brand","embeddable":true,"href":"https:\/\/www.delideli.zoner.dev\/fin\/wp-json\/wp\/v2\/product_brand?post=141411"},{"taxonomy":"product_cat","embeddable":true,"href":"https:\/\/www.delideli.zoner.dev\/fin\/wp-json\/wp\/v2\/product_cat?post=141411"},{"taxonomy":"product_tag","embeddable":true,"href":"https:\/\/www.delideli.zoner.dev\/fin\/wp-json\/wp\/v2\/product_tag?post=141411"}],"curies":[{"name":"wp","href":"https:\/\/api.w.org\/{rel}","templated":true}]}}