{"id":141412,"date":"2017-05-12T18:47:59","date_gmt":"2017-05-12T18:47:59","guid":{"rendered":"https:\/\/www.delideli.zoner.dev\/tuote\/tryffeli-brossees-extra-kokonainen\/"},"modified":"2026-05-04T16:09:06","modified_gmt":"2026-05-04T16:09:06","slug":"tryffeli-brossees-extra-kokonainen","status":"publish","type":"product","link":"https:\/\/www.delideli.zoner.dev\/fin\/tuote\/tryffeli-brossees-extra-kokonainen\/","title":{"rendered":"Tryffeli Brossees Extra -kokonainen talvitryffeli 12,5g"},"content":{"rendered":"<p>La Maison Godardin kokonainen mustatryffeli, \u201d Truffes Noires Bross\u00e9es\u201d on korkealaatuinen, kokonainen s\u00e4il\u00f6tty mustatryffeli (Tuber Melanosporum), jonka muoto on hieman ep\u00e4tasainen. T\u00e4m\u00e4 musta timantti k\u00e4y kaikenlaiseen ruoanlaittoon, jossa haluat maustaa ruoan herkullisella ja ylellisell\u00e4 tryffelill\u00e4. Suositeltu tarjoilutapa on viipaloida se ohuiksi siivuiksi annokseen juuri ennen tarjoilua.<br \/>\nTryffeleit\u00e4 on s\u00e4il\u00f6tty jo 1800-luvulta l\u00e4htien niiden rajallisen satokauden ja pitkien kuljetusaikojen takia. S\u00e4il\u00f6tyn tryffelin aromit ovat kuitenkin jopa monitahoisempia kuin tuoreella tryffelill\u00e4, mink\u00e4 takia huippukokitkin ovat kelpuuttaneet s\u00e4il\u00f6ttyjen tryffeleiden k\u00e4yt\u00f6n omissa keitti\u00f6iss\u00e4\u00e4n.<\/p>\n","protected":false},"excerpt":{"rendered":"<p>Tryffelikauden ulkopuolellakin voi nauttia kokonaisista mustatryffeleist\u00e4 La Maison Godardin s\u00e4il\u00f6tyll\u00e4 mustatryffelill\u00e4. Tarjoile se sellaisenaan ohueksi viipaloituna tai k\u00e4yt\u00e4 maustamassa erilaisia ruokia. S\u00e4il\u00f6nn\u00e4ss\u00e4 mustatryffelin ylellinen maku vain voimistuu, mink\u00e4 takia se on pidetty ja arvostettu raaka-aine ranskalaisessa keitti\u00f6ss\u00e4.<\/p>\n","protected":false},"featured_media":139716,"comment_status":"open","ping_status":"open","template":"","meta":{"_acf_changed":false},"product_brand":[635],"product_cat":[676,714],"product_tag":[181],"class_list":{"0":"post-141412","1":"product","2":"type-product","3":"status-publish","4":"has-post-thumbnail","6":"product_brand-godard","7":"product_cat-suolaiset","8":"product_cat-tryffeli","9":"product_tag-godard","10":"product_shipping_class-shipping-discount","11":"pa_alkuperamaa-ranska","13":"first","14":"instock","15":"taxable","16":"shipping-taxable","17":"purchasable","18":"product-type-simple","swatches":"rey-swatches","show_selected":""},"acf":[],"_links":{"self":[{"href":"https:\/\/www.delideli.zoner.dev\/fin\/wp-json\/wp\/v2\/product\/141412","targetHints":{"allow":["GET"]}}],"collection":[{"href":"https:\/\/www.delideli.zoner.dev\/fin\/wp-json\/wp\/v2\/product"}],"about":[{"href":"https:\/\/www.delideli.zoner.dev\/fin\/wp-json\/wp\/v2\/types\/product"}],"replies":[{"embeddable":true,"href":"https:\/\/www.delideli.zoner.dev\/fin\/wp-json\/wp\/v2\/comments?post=141412"}],"version-history":[{"count":0,"href":"https:\/\/www.delideli.zoner.dev\/fin\/wp-json\/wp\/v2\/product\/141412\/revisions"}],"wp:featuredmedia":[{"embeddable":true,"href":"https:\/\/www.delideli.zoner.dev\/fin\/wp-json\/wp\/v2\/media\/139716"}],"wp:attachment":[{"href":"https:\/\/www.delideli.zoner.dev\/fin\/wp-json\/wp\/v2\/media?parent=141412"}],"wp:term":[{"taxonomy":"product_brand","embeddable":true,"href":"https:\/\/www.delideli.zoner.dev\/fin\/wp-json\/wp\/v2\/product_brand?post=141412"},{"taxonomy":"product_cat","embeddable":true,"href":"https:\/\/www.delideli.zoner.dev\/fin\/wp-json\/wp\/v2\/product_cat?post=141412"},{"taxonomy":"product_tag","embeddable":true,"href":"https:\/\/www.delideli.zoner.dev\/fin\/wp-json\/wp\/v2\/product_tag?post=141412"}],"curies":[{"name":"wp","href":"https:\/\/api.w.org\/{rel}","templated":true}]}}