{"id":141413,"date":"2017-06-06T15:49:11","date_gmt":"2017-06-06T15:49:11","guid":{"rendered":"https:\/\/www.delideli.zoner.dev\/tuote\/keksilajitelma-trinitaine-2\/"},"modified":"2026-05-04T16:09:07","modified_gmt":"2026-05-04T16:09:07","slug":"keksilajitelma-trinitaine-2","status":"publish","type":"product","link":"https:\/\/www.delideli.zoner.dev\/fin\/tuote\/keksilajitelma-trinitaine-2\/","title":{"rendered":"Keksilajitelma (Galette, Palet &#038; Cigarette), La Trinitaine 300 g"},"content":{"rendered":"<p>Bretagnelainen La Trinitaine tunnetaan herkullisista kahvip\u00f6yd\u00e4n tuotteistaan, jotka on leivottu puhtaista raaka-aineista ilman turhia lis\u00e4aineita. Bretagnelaiseen ruokaperinteeseen kuuluvat erilaiset voihin leivotut keksit, jotka ovat loppupeleiss\u00e4 hyvin yksinkertaisella reseptill\u00e4 valmistettuja mutta yll\u00e4tt\u00e4v\u00e4t ihanan koukuttavalla maullaan.<\/p>\n","protected":false},"excerpt":{"rendered":"<p>Kun haluat maistella kaikkia La Trinitainen suussa sulavia, perinteisi\u00e4 bretagnelaisia keksej\u00e4, tilaa kolme herkullista keksilajia sis\u00e4lt\u00e4v\u00e4 lajitelma. Se sis\u00e4lt\u00e4\u00e4 DeliDelin valikoimista l\u00f6ytyvi\u00e4 galette-, palet- ja cigarette-keksej\u00e4. Keksit on leivottu aitoon voihin, mik\u00e4 takaa niiden rapeuden ja ihanan kinuskimaisen maun.<\/p>\n","protected":false},"featured_media":139718,"comment_status":"open","ping_status":"open","template":"","meta":{"_acf_changed":false},"product_brand":[637],"product_cat":[706,680],"product_tag":[],"class_list":{"0":"post-141413","1":"product","2":"type-product","3":"status-publish","4":"has-post-thumbnail","6":"product_brand-la-trinitaine","7":"product_cat-keksit","8":"product_cat-makeat","9":"product_shipping_class-shipping-discount","10":"pa_alkuperamaa-ranska","12":"first","13":"outofstock","14":"taxable","15":"shipping-taxable","16":"purchasable","17":"product-type-simple","swatches":"rey-swatches","show_selected":""},"acf":[],"_links":{"self":[{"href":"https:\/\/www.delideli.zoner.dev\/fin\/wp-json\/wp\/v2\/product\/141413","targetHints":{"allow":["GET"]}}],"collection":[{"href":"https:\/\/www.delideli.zoner.dev\/fin\/wp-json\/wp\/v2\/product"}],"about":[{"href":"https:\/\/www.delideli.zoner.dev\/fin\/wp-json\/wp\/v2\/types\/product"}],"replies":[{"embeddable":true,"href":"https:\/\/www.delideli.zoner.dev\/fin\/wp-json\/wp\/v2\/comments?post=141413"}],"version-history":[{"count":0,"href":"https:\/\/www.delideli.zoner.dev\/fin\/wp-json\/wp\/v2\/product\/141413\/revisions"}],"wp:featuredmedia":[{"embeddable":true,"href":"https:\/\/www.delideli.zoner.dev\/fin\/wp-json\/wp\/v2\/media\/139718"}],"wp:attachment":[{"href":"https:\/\/www.delideli.zoner.dev\/fin\/wp-json\/wp\/v2\/media?parent=141413"}],"wp:term":[{"taxonomy":"product_brand","embeddable":true,"href":"https:\/\/www.delideli.zoner.dev\/fin\/wp-json\/wp\/v2\/product_brand?post=141413"},{"taxonomy":"product_cat","embeddable":true,"href":"https:\/\/www.delideli.zoner.dev\/fin\/wp-json\/wp\/v2\/product_cat?post=141413"},{"taxonomy":"product_tag","embeddable":true,"href":"https:\/\/www.delideli.zoner.dev\/fin\/wp-json\/wp\/v2\/product_tag?post=141413"}],"curies":[{"name":"wp","href":"https:\/\/api.w.org\/{rel}","templated":true}]}}