{"id":141414,"date":"2017-07-07T18:05:01","date_gmt":"2017-07-07T18:05:01","guid":{"rendered":"https:\/\/www.delideli.zoner.dev\/tuote\/savustettu-oliivioljy-finca-la-barca-2\/"},"modified":"2026-05-04T16:09:07","modified_gmt":"2026-05-04T16:09:07","slug":"savustettu-oliivioljy-finca-la-barca-2","status":"publish","type":"product","link":"https:\/\/www.delideli.zoner.dev\/fin\/tuote\/savustettu-oliivioljy-finca-la-barca-2\/","title":{"rendered":"Savustettu oliivi\u00f6ljy, Finca la Barca 250 ml"},"content":{"rendered":"<p>Savustettu oliivi\u00f6ljy, Finca la Barca, valmistetaan Arbequina-lajikkeesta. Sen k\u00e4ytt\u00e4m\u00e4 savustusmetodi on perinteinen, \u201dLa Veran\u201d alueelta Extremadurasta per\u00e4isin. Savun muodostamiseksi savustamossa poltetaan tammisia polttopuita.<br \/>\nKaksi viikkoa kest\u00e4v\u00e4n savustuksen aikana \u00f6ljy saa sille ainutlaatuiset savuiset aromit ja makujen uuden ulottuvuuden.<br \/>\nSavustetun oliivi\u00f6ljyn tuotanto rajoittuu ainoastaan kyseiseen valmistajaan. Jokainen pullo on numeroitu, ja pullon korkki on suljettu sinetill\u00e4. Yhdess\u00e4 sopivan annostelijan kanssa t\u00e4ss\u00e4 onkin t\u00e4ydellinen ja hieman erikoisempi lahja herkkusuille!<\/p>\n","protected":false},"excerpt":{"rendered":"<p>Espanjalainen Finca la Barca -oliivi\u00f6ljy on saanut erityisen, savuisen arominsa perinteisell\u00e4 extremaduralaisella savustusmetodilla. Savustuksessa k\u00e4ytet\u00e4\u00e4n vain ensiluokkaista puuta, ja \u00f6ljy saa lev\u00e4t\u00e4 \u201dsavustamossa\u201d kaksi viikkoa, mist\u00e4 \u00f6ljy saa savuiset vivahteensa.<\/p>\n","protected":false},"featured_media":139720,"comment_status":"open","ping_status":"open","template":"","meta":{"_acf_changed":false},"product_brand":[628],"product_cat":[677,689,678,764],"product_tag":[],"class_list":{"0":"post-141414","1":"product","2":"type-product","3":"status-publish","4":"has-post-thumbnail","6":"product_brand-finca-la-barca","7":"product_cat-ajankohtaisia","8":"product_cat-maustetut-oljyt","9":"product_cat-oljyt-etikat","10":"product_cat-paella","11":"product_shipping_class-shipping-discount","12":"pa_alkuperamaa-espanja","14":"first","15":"outofstock","16":"taxable","17":"shipping-taxable","18":"purchasable","19":"product-type-simple","swatches":"rey-swatches","show_selected":""},"acf":[],"_links":{"self":[{"href":"https:\/\/www.delideli.zoner.dev\/fin\/wp-json\/wp\/v2\/product\/141414","targetHints":{"allow":["GET"]}}],"collection":[{"href":"https:\/\/www.delideli.zoner.dev\/fin\/wp-json\/wp\/v2\/product"}],"about":[{"href":"https:\/\/www.delideli.zoner.dev\/fin\/wp-json\/wp\/v2\/types\/product"}],"replies":[{"embeddable":true,"href":"https:\/\/www.delideli.zoner.dev\/fin\/wp-json\/wp\/v2\/comments?post=141414"}],"version-history":[{"count":0,"href":"https:\/\/www.delideli.zoner.dev\/fin\/wp-json\/wp\/v2\/product\/141414\/revisions"}],"wp:featuredmedia":[{"embeddable":true,"href":"https:\/\/www.delideli.zoner.dev\/fin\/wp-json\/wp\/v2\/media\/139720"}],"wp:attachment":[{"href":"https:\/\/www.delideli.zoner.dev\/fin\/wp-json\/wp\/v2\/media?parent=141414"}],"wp:term":[{"taxonomy":"product_brand","embeddable":true,"href":"https:\/\/www.delideli.zoner.dev\/fin\/wp-json\/wp\/v2\/product_brand?post=141414"},{"taxonomy":"product_cat","embeddable":true,"href":"https:\/\/www.delideli.zoner.dev\/fin\/wp-json\/wp\/v2\/product_cat?post=141414"},{"taxonomy":"product_tag","embeddable":true,"href":"https:\/\/www.delideli.zoner.dev\/fin\/wp-json\/wp\/v2\/product_tag?post=141414"}],"curies":[{"name":"wp","href":"https:\/\/api.w.org\/{rel}","templated":true}]}}