{"id":141416,"date":"2017-09-17T09:56:45","date_gmt":"2017-09-17T09:56:45","guid":{"rendered":"https:\/\/www.delideli.zoner.dev\/tuote\/alziarin-kannu\/"},"modified":"2026-05-04T16:09:09","modified_gmt":"2026-05-04T16:09:09","slug":"alziarin-kannu","status":"publish","type":"product","link":"https:\/\/www.delideli.zoner.dev\/fin\/tuote\/alziarin-kannu\/","title":{"rendered":"Oliivi\u00f6ljykannu, La Maison Alziari"},"content":{"rendered":"<p>La Maison Alziarin metallinen oliivi\u00f6ljykannu tarjoaa t\u00e4ydellisen tavan tarjoilla oliivi\u00f6ljy\u00e4 p\u00f6yd\u00e4ss\u00e4 elegantisti ja vaivattomasti. Molemminpuolinen Alzarin v\u00e4reill\u00e4 retrotyyliin kuvitettu kannu pirist\u00e4\u00e4 my\u00f6s keitti\u00f6n sisustusta.<br \/>\nKannu suositellaan t\u00e4ytt\u00e4m\u00e4\u00e4n vain enint\u00e4\u00e4n 200 ml verran, jotta \u00f6ljyn vaihtuvuus kannussa s\u00e4ilyy hyv\u00e4n\u00e4. Mitat: korkeus 21 cm, leveys 15,5 cm ja syvyys 6 cm. Valmistettu Taiwanissa yksinoikeudella La Maison Alziarille.<\/p>\n","protected":false},"excerpt":{"rendered":"<p>V\u00e4limerellisen retroon tyylin suunniteltu La Maison Alziarin oliivi\u00f6ljykannu sek\u00e4 koristaa keitti\u00f6t\u00e4 ett\u00e4 tekee oliivi\u00f6ljyn annostelusta helpompaa. Kannun tilavuus on 500 ml. Kannu myyd\u00e4\u00e4n tyhj\u00e4n\u00e4.<\/p>\n","protected":false},"featured_media":139722,"comment_status":"open","ping_status":"open","template":"","meta":{"_acf_changed":false},"product_brand":[634],"product_cat":[677,753,691,678],"product_tag":[185,186],"class_list":{"0":"post-141416","1":"product","2":"type-product","3":"status-publish","4":"has-post-thumbnail","6":"product_brand-alziari","7":"product_cat-ajankohtaisia","8":"product_cat-my-healthy-oils","9":"product_cat-oliivioljyt","10":"product_cat-oljyt-etikat","11":"product_tag-alziari","12":"product_tag-kannu","13":"product_shipping_class-shipping-discount","14":"pa_alkuperamaa-ranska","16":"first","17":"instock","18":"taxable","19":"shipping-taxable","20":"purchasable","21":"product-type-simple","swatches":"rey-swatches","show_selected":""},"acf":[],"_links":{"self":[{"href":"https:\/\/www.delideli.zoner.dev\/fin\/wp-json\/wp\/v2\/product\/141416","targetHints":{"allow":["GET"]}}],"collection":[{"href":"https:\/\/www.delideli.zoner.dev\/fin\/wp-json\/wp\/v2\/product"}],"about":[{"href":"https:\/\/www.delideli.zoner.dev\/fin\/wp-json\/wp\/v2\/types\/product"}],"replies":[{"embeddable":true,"href":"https:\/\/www.delideli.zoner.dev\/fin\/wp-json\/wp\/v2\/comments?post=141416"}],"version-history":[{"count":0,"href":"https:\/\/www.delideli.zoner.dev\/fin\/wp-json\/wp\/v2\/product\/141416\/revisions"}],"wp:featuredmedia":[{"embeddable":true,"href":"https:\/\/www.delideli.zoner.dev\/fin\/wp-json\/wp\/v2\/media\/139722"}],"wp:attachment":[{"href":"https:\/\/www.delideli.zoner.dev\/fin\/wp-json\/wp\/v2\/media?parent=141416"}],"wp:term":[{"taxonomy":"product_brand","embeddable":true,"href":"https:\/\/www.delideli.zoner.dev\/fin\/wp-json\/wp\/v2\/product_brand?post=141416"},{"taxonomy":"product_cat","embeddable":true,"href":"https:\/\/www.delideli.zoner.dev\/fin\/wp-json\/wp\/v2\/product_cat?post=141416"},{"taxonomy":"product_tag","embeddable":true,"href":"https:\/\/www.delideli.zoner.dev\/fin\/wp-json\/wp\/v2\/product_tag?post=141416"}],"curies":[{"name":"wp","href":"https:\/\/api.w.org\/{rel}","templated":true}]}}