{"id":141418,"date":"2017-10-01T13:49:55","date_gmt":"2017-10-01T13:49:55","guid":{"rendered":"https:\/\/www.delideli.zoner.dev\/tuote\/piedmonten-paahdettu-hasselpahkina-200g\/"},"modified":"2026-05-04T16:09:09","modified_gmt":"2026-05-04T16:09:09","slug":"piedmonten-paahdettu-hasselpahkina-200g","status":"publish","type":"product","link":"https:\/\/www.delideli.zoner.dev\/fin\/tuote\/piedmonten-paahdettu-hasselpahkina-200g\/","title":{"rendered":"Piedmonten paahdettu hasselp\u00e4hkin\u00e4 IGP 200g"},"content":{"rendered":"<p>Piemonten hasselp\u00e4hkin\u00f6it\u00e4 kutsutaan monesti maailman parhaiksi hasselp\u00e4hkin\u00f6iksi. D. Barberon paahdetut hasselp\u00e4hkin\u00e4t ovat aitoja Piemonten alueella kasvatettuja hasselp\u00e4hkin\u00f6it\u00e4, joilla on aitouden todistava IGP-alkuper\u00e4issertifikaatti. K\u00e4yt\u00e4 n\u00e4it\u00e4 aromikkaita hasselp\u00e4hkin\u00f6it\u00e4 erityisesti leivonnassa.<\/p>\n","protected":false},"excerpt":{"rendered":"<p>Piemonten paahdetut hasselp\u00e4hkin\u00e4t, IGP 200 g<\/p>\n","protected":false},"featured_media":139724,"comment_status":"open","ping_status":"open","template":"","meta":{"_acf_changed":false},"product_brand":[624],"product_cat":[712,681],"product_tag":[],"class_list":{"0":"post-141418","1":"product","2":"type-product","3":"status-publish","4":"has-post-thumbnail","6":"product_brand-d-barbero","7":"product_cat-kastanjat","8":"product_cat-marjat-hedelmat","9":"product_shipping_class-shipping-discount","10":"pa_alkuperamaa-italia","12":"first","13":"instock","14":"taxable","15":"shipping-taxable","16":"purchasable","17":"product-type-simple","swatches":"rey-swatches","show_selected":""},"acf":[],"_links":{"self":[{"href":"https:\/\/www.delideli.zoner.dev\/fin\/wp-json\/wp\/v2\/product\/141418","targetHints":{"allow":["GET"]}}],"collection":[{"href":"https:\/\/www.delideli.zoner.dev\/fin\/wp-json\/wp\/v2\/product"}],"about":[{"href":"https:\/\/www.delideli.zoner.dev\/fin\/wp-json\/wp\/v2\/types\/product"}],"replies":[{"embeddable":true,"href":"https:\/\/www.delideli.zoner.dev\/fin\/wp-json\/wp\/v2\/comments?post=141418"}],"version-history":[{"count":0,"href":"https:\/\/www.delideli.zoner.dev\/fin\/wp-json\/wp\/v2\/product\/141418\/revisions"}],"wp:featuredmedia":[{"embeddable":true,"href":"https:\/\/www.delideli.zoner.dev\/fin\/wp-json\/wp\/v2\/media\/139724"}],"wp:attachment":[{"href":"https:\/\/www.delideli.zoner.dev\/fin\/wp-json\/wp\/v2\/media?parent=141418"}],"wp:term":[{"taxonomy":"product_brand","embeddable":true,"href":"https:\/\/www.delideli.zoner.dev\/fin\/wp-json\/wp\/v2\/product_brand?post=141418"},{"taxonomy":"product_cat","embeddable":true,"href":"https:\/\/www.delideli.zoner.dev\/fin\/wp-json\/wp\/v2\/product_cat?post=141418"},{"taxonomy":"product_tag","embeddable":true,"href":"https:\/\/www.delideli.zoner.dev\/fin\/wp-json\/wp\/v2\/product_tag?post=141418"}],"curies":[{"name":"wp","href":"https:\/\/api.w.org\/{rel}","templated":true}]}}