{"id":141425,"date":"2017-12-02T17:20:06","date_gmt":"2017-12-02T17:20:06","guid":{"rendered":"https:\/\/www.delideli.zoner.dev\/tuote\/a-tuore-musta-talvitryffeli\/"},"modified":"2026-05-04T16:09:35","modified_gmt":"2026-05-04T16:09:35","slug":"a-tuore-musta-talvitryffeli","status":"publish","type":"product","link":"https:\/\/www.delideli.zoner.dev\/fin\/tuote\/a-tuore-musta-talvitryffeli\/","title":{"rendered":"Tuore musta talvitryffeli (Tuber Melanosporum)"},"content":{"rendered":"<p>Pid\u00e4mme tryffeliviikot noin 2-6.12. Talvitryffeliaika alkaa tuohon aikaan ja otamme sis\u00e4\u00e4n pienen er\u00e4 tuber melanosphorum talvitryffeli\u00e4. Tee ennakkotilaus ajoissa niin varmistat itsellesi t\u00e4t\u00e4 superherkkua!<br \/>\nReseptej\u00e4 ja muuta kivaa my\u00f6s viikoille tulossa!<br \/>\nTalvitryffelin aika on ihan kohta. Hinta noin 2000\u20ac\/kg T\u00e4m\u00e4 hinta on suunta antava jos paino on 20g.<br \/>\nYhden tryffelin paino on ka 20-40g<br \/>\n<strong>Tryffelikausi jatkuu alkukev\u00e4\u00e4lle. Seuraava tilaus tulossa viikko 6.<\/strong><br \/>\nVoit my\u00f6s tiedustella puhelimitse 09 2694 2010 tai s\u00e4hk\u00f6postilla info@delideli.fi<\/p>\n","protected":false},"excerpt":{"rendered":"<p>Tuber Melanosporum on arvokkain talvitryffeli.<br \/>\nTryffeliaika alkaa noin 1.12, joten tarkka saapumisp\u00e4iv\u00e4 tiedet\u00e4\u00e4n vasta kun kausi on virallisesti alkanut. Tilaamme tryffelit niin, ett\u00e4 sammme ne noin 02.12.2025. Hinta-arvio on noin 2000\u20ac\/kg. Tuotteen hinta on laskettu t\u00e4ll\u00e4 kilohinnalla ja on noin 25 g.<br \/>\n<strong>Pieni m\u00e4\u00e4r\u00e4 tulee my\u00f6s hallikauppaamme. Suosittelemme ennakkotilausta Seuraava tilaus tulossa viikko 6.<\/strong><\/p>\n","protected":false},"featured_media":139730,"comment_status":"open","ping_status":"open","template":"","meta":{"_acf_changed":false},"product_brand":[625],"product_cat":[676,714],"product_tag":[191],"class_list":{"0":"post-141425","1":"product","2":"type-product","3":"status-publish","4":"has-post-thumbnail","6":"product_brand-delideli","7":"product_cat-suolaiset","8":"product_cat-tryffeli","9":"product_tag-tryffeli","10":"product_shipping_class-shipping-discount","11":"pa_alkuperamaa-ranska","13":"first","14":"outofstock","15":"taxable","16":"shipping-taxable","17":"purchasable","18":"product-type-simple","swatches":"rey-swatches","show_selected":""},"acf":[],"_links":{"self":[{"href":"https:\/\/www.delideli.zoner.dev\/fin\/wp-json\/wp\/v2\/product\/141425","targetHints":{"allow":["GET"]}}],"collection":[{"href":"https:\/\/www.delideli.zoner.dev\/fin\/wp-json\/wp\/v2\/product"}],"about":[{"href":"https:\/\/www.delideli.zoner.dev\/fin\/wp-json\/wp\/v2\/types\/product"}],"replies":[{"embeddable":true,"href":"https:\/\/www.delideli.zoner.dev\/fin\/wp-json\/wp\/v2\/comments?post=141425"}],"version-history":[{"count":0,"href":"https:\/\/www.delideli.zoner.dev\/fin\/wp-json\/wp\/v2\/product\/141425\/revisions"}],"wp:featuredmedia":[{"embeddable":true,"href":"https:\/\/www.delideli.zoner.dev\/fin\/wp-json\/wp\/v2\/media\/139730"}],"wp:attachment":[{"href":"https:\/\/www.delideli.zoner.dev\/fin\/wp-json\/wp\/v2\/media?parent=141425"}],"wp:term":[{"taxonomy":"product_brand","embeddable":true,"href":"https:\/\/www.delideli.zoner.dev\/fin\/wp-json\/wp\/v2\/product_brand?post=141425"},{"taxonomy":"product_cat","embeddable":true,"href":"https:\/\/www.delideli.zoner.dev\/fin\/wp-json\/wp\/v2\/product_cat?post=141425"},{"taxonomy":"product_tag","embeddable":true,"href":"https:\/\/www.delideli.zoner.dev\/fin\/wp-json\/wp\/v2\/product_tag?post=141425"}],"curies":[{"name":"wp","href":"https:\/\/api.w.org\/{rel}","templated":true}]}}