{"id":141431,"date":"2018-01-25T10:49:43","date_gmt":"2018-01-25T10:49:43","guid":{"rendered":"https:\/\/www.delideli.zoner.dev\/tuote\/alziari-ekstra-neitsytoliivioljy-500ml-pauline\/"},"modified":"2026-05-04T16:09:36","modified_gmt":"2026-05-04T16:09:36","slug":"alziari-ekstra-neitsytoliivioljy-500ml-pauline","status":"publish","type":"product","link":"https:\/\/www.delideli.zoner.dev\/fin\/tuote\/alziari-ekstra-neitsytoliivioljy-500ml-pauline\/","title":{"rendered":"Ekstraneitsytoliivi\u00f6ljy, luomu, Cuv\u00e9e Pauline, La Maison Alziari 500 ml"},"content":{"rendered":"<p>La Maison Alziarin Cuv\u00e9e Pauline -ekstraneitsytoliivi\u00f6ljy\u00e4 on valmistettu jo sukupolvien ajan varovasti ker\u00e4tyist\u00e4, hyvin nuorista oliiveista. Parhailta Euroopan alueilta ker\u00e4ttyjen luomuna tuotettujen oliivien lajikkeet ovat kuitenkin talon oma salaisuus. Oliivit kylm\u00e4puristetaan tarkassa prosessissa, jonka aikana \u00f6ljyn l\u00e4mp\u00f6tila ei nouse yli 27 asteen.<br \/>\nuv\u00e9e Pauline -oliivi\u00f6ljyn v\u00e4ri on raikkaan vihert\u00e4v\u00e4 ja tuoksussa on tuoretta ruohoa. \u00d6ljyn ensimm\u00e4inen havaittava maku on runsas vihreys, mink\u00e4 j\u00e4lkeen \u00f6ljyn hyvin puhdas \u201doliivimaisuus\u201d p\u00e4\u00e4see valloilleen. J\u00e4lkimakuna \u00f6ljyss\u00e4 on viel\u00e4 pient\u00e4 pippurisuutta ja potkua. \u00d6ljyn happopitoisuus on alle 0,8 %.<br \/>\nOliivi\u00f6ljy s\u00e4ilyy hyvin metallisessa purkissaan, joka suojaa sit\u00e4 niin valolta kuin kuljetuksen t\u00f6yssyilt\u00e4. Purkista ei kuitenkaan irtoa mink\u00e4\u00e4nlaista metallista makua itse \u00f6ljyyn. Kuten laadukkaat viinitkin, oliivi\u00f6ljyt eiv\u00e4t pid\u00e4 l\u00e4mp\u00f6tilojen vaihtelusta. T\u00e4m\u00e4n takia \u00f6ljy\u00e4 kannattaa s\u00e4ilytt\u00e4\u00e4 kaapin sis\u00e4ll\u00e4 tai ainakin kauempana ikkunasta.<\/p>\n","protected":false},"excerpt":{"rendered":"<p>Cuv\u00e9e Pauline -ekstraneitsytoliivi\u00f6ljy on huippulaadukas \u201dgrand cru\u201d -luomuoliivi\u00f6ljy. T\u00e4ss\u00e4 kylm\u00e4puristetussa oliivi\u00f6ljyss\u00e4 k\u00e4ytet\u00e4\u00e4n Euroopan parhailta alueilta ker\u00e4ttyj\u00e4, tarkkaan valikoitujen lajikkeiden oliiveja, jotka ker\u00e4t\u00e4\u00e4n viel\u00e4 hyvin nuorina. Aikainen keruu saa aikaan \u00f6ljyyn sen suoraviivaisen maun ja el\u00e4v\u00e4iset aromit. Kokeile erityisesti salaateissa, tomaattien sek\u00e4 muiden tuoreiden vihannesten kanssa!<\/p>\n","protected":false},"featured_media":139734,"comment_status":"open","ping_status":"open","template":"","meta":{"_acf_changed":false},"product_brand":[634],"product_cat":[677,753,691,678],"product_tag":[185,177],"class_list":{"0":"post-141431","1":"product","2":"type-product","3":"status-publish","4":"has-post-thumbnail","6":"product_brand-alziari","7":"product_cat-ajankohtaisia","8":"product_cat-my-healthy-oils","9":"product_cat-oliivioljyt","10":"product_cat-oljyt-etikat","11":"product_tag-alziari","12":"product_tag-oliivioljy","13":"product_shipping_class-shipping-discount","14":"pa_alkuperamaa-ranska","15":"pa_oliivioljy-keskivahva","16":"pa_ruokavalio-luomu","18":"first","19":"instock","20":"taxable","21":"shipping-taxable","22":"purchasable","23":"product-type-simple","swatches":"rey-swatches","show_selected":""},"acf":[],"_links":{"self":[{"href":"https:\/\/www.delideli.zoner.dev\/fin\/wp-json\/wp\/v2\/product\/141431","targetHints":{"allow":["GET"]}}],"collection":[{"href":"https:\/\/www.delideli.zoner.dev\/fin\/wp-json\/wp\/v2\/product"}],"about":[{"href":"https:\/\/www.delideli.zoner.dev\/fin\/wp-json\/wp\/v2\/types\/product"}],"replies":[{"embeddable":true,"href":"https:\/\/www.delideli.zoner.dev\/fin\/wp-json\/wp\/v2\/comments?post=141431"}],"version-history":[{"count":0,"href":"https:\/\/www.delideli.zoner.dev\/fin\/wp-json\/wp\/v2\/product\/141431\/revisions"}],"wp:featuredmedia":[{"embeddable":true,"href":"https:\/\/www.delideli.zoner.dev\/fin\/wp-json\/wp\/v2\/media\/139734"}],"wp:attachment":[{"href":"https:\/\/www.delideli.zoner.dev\/fin\/wp-json\/wp\/v2\/media?parent=141431"}],"wp:term":[{"taxonomy":"product_brand","embeddable":true,"href":"https:\/\/www.delideli.zoner.dev\/fin\/wp-json\/wp\/v2\/product_brand?post=141431"},{"taxonomy":"product_cat","embeddable":true,"href":"https:\/\/www.delideli.zoner.dev\/fin\/wp-json\/wp\/v2\/product_cat?post=141431"},{"taxonomy":"product_tag","embeddable":true,"href":"https:\/\/www.delideli.zoner.dev\/fin\/wp-json\/wp\/v2\/product_tag?post=141431"}],"curies":[{"name":"wp","href":"https:\/\/api.w.org\/{rel}","templated":true}]}}