{"id":141432,"date":"2018-02-21T16:26:01","date_gmt":"2018-02-21T16:26:01","guid":{"rendered":"https:\/\/www.delideli.zoner.dev\/tuote\/sardiineja-ruodoton-oliivioljyssa-maustettu-sitruunalla-115g\/"},"modified":"2026-05-04T16:09:37","modified_gmt":"2026-05-04T16:09:37","slug":"sardiineja-ruodoton-oliivioljyssa-maustettu-sitruunalla-115g","status":"publish","type":"product","link":"https:\/\/www.delideli.zoner.dev\/fin\/tuote\/sardiineja-ruodoton-oliivioljyssa-maustettu-sitruunalla-115g\/","title":{"rendered":"Sardiineja ruodoton oliivi\u00f6ljyss\u00e4 maustettu sitruunalla 115g"},"content":{"rendered":"<p>N\u00e4iden ensiluokkaisten sitruunalla maustettujen ja oliivi\u00f6ljyyn s\u00e4il\u00f6ttyjen sardiinien valmistuksessa kuluu kymmeni\u00e4 tunteja. Hienovaraisessa ty\u00f6ss\u00e4 kalasta poistetaan ruodot, ilman ett\u00e4 kalaa fileoidaan osiin. T\u00e4ll\u00f6in kalan liha ei kuivu keitt\u00e4misen aikana, ja tuote s\u00e4ilytt\u00e4\u00e4 arominsa ja pehmeytens\u00e4. Makunautinnon kruunaa ekstra-neitsytoliivi\u00f6ljy sek\u00e4 raikas sitruuna. Ilman mit\u00e4\u00e4n muita turhia lis\u00e4- tai s\u00e4il\u00f6nt\u00e4aineita!<\/p>\n","protected":false},"excerpt":{"rendered":"<p>Koe raikkaita ja v\u00e4limerellisi\u00e4 makuja ilman ruotoja!<\/p>\n<p>Sitruunalla maustetut sardiinit oliivi\u00f6ljyss\u00e4 ovat t\u00e4ysin ruodottomia t\u00e4ynn\u00e4 raikkaita ja aitoja makuja. Hienovaraisen valmistustekniikan ansiosta kalat s\u00e4ilyv\u00e4t kokonaisena valmistuksen ajan, jolloin ne s\u00e4ilytt\u00e4v\u00e4t pehmeytens\u00e4 ja arominsa. Kokeile vaikka salaatissa, voileiv\u00e4ll\u00e4 tai suolaisessa piiraassa!<\/p>\n","protected":false},"featured_media":139736,"comment_status":"open","ping_status":"open","template":"","meta":{"_acf_changed":false},"product_brand":[632],"product_cat":[728,676],"product_tag":[],"class_list":{"0":"post-141432","1":"product","2":"type-product","3":"status-publish","4":"has-post-thumbnail","6":"product_brand-la-belle-iloise","7":"product_cat-kalatuotteet","8":"product_cat-suolaiset","9":"product_shipping_class-shipping-discount","10":"pa_alkuperamaa-ranska","12":"first","13":"outofstock","14":"taxable","15":"shipping-taxable","16":"purchasable","17":"product-type-simple","swatches":"rey-swatches","show_selected":""},"acf":[],"_links":{"self":[{"href":"https:\/\/www.delideli.zoner.dev\/fin\/wp-json\/wp\/v2\/product\/141432","targetHints":{"allow":["GET"]}}],"collection":[{"href":"https:\/\/www.delideli.zoner.dev\/fin\/wp-json\/wp\/v2\/product"}],"about":[{"href":"https:\/\/www.delideli.zoner.dev\/fin\/wp-json\/wp\/v2\/types\/product"}],"replies":[{"embeddable":true,"href":"https:\/\/www.delideli.zoner.dev\/fin\/wp-json\/wp\/v2\/comments?post=141432"}],"version-history":[{"count":0,"href":"https:\/\/www.delideli.zoner.dev\/fin\/wp-json\/wp\/v2\/product\/141432\/revisions"}],"wp:featuredmedia":[{"embeddable":true,"href":"https:\/\/www.delideli.zoner.dev\/fin\/wp-json\/wp\/v2\/media\/139736"}],"wp:attachment":[{"href":"https:\/\/www.delideli.zoner.dev\/fin\/wp-json\/wp\/v2\/media?parent=141432"}],"wp:term":[{"taxonomy":"product_brand","embeddable":true,"href":"https:\/\/www.delideli.zoner.dev\/fin\/wp-json\/wp\/v2\/product_brand?post=141432"},{"taxonomy":"product_cat","embeddable":true,"href":"https:\/\/www.delideli.zoner.dev\/fin\/wp-json\/wp\/v2\/product_cat?post=141432"},{"taxonomy":"product_tag","embeddable":true,"href":"https:\/\/www.delideli.zoner.dev\/fin\/wp-json\/wp\/v2\/product_tag?post=141432"}],"curies":[{"name":"wp","href":"https:\/\/api.w.org\/{rel}","templated":true}]}}