{"id":141434,"date":"2018-03-12T09:07:54","date_gmt":"2018-03-12T09:07:54","guid":{"rendered":"https:\/\/www.delideli.zoner.dev\/tuote\/ankanmaksa-bloc-lounais-ranska-3\/"},"modified":"2026-05-04T16:09:38","modified_gmt":"2026-05-04T16:09:38","slug":"ankanmaksa-bloc-lounais-ranska-3","status":"publish","type":"product","link":"https:\/\/www.delideli.zoner.dev\/fin\/tuote\/ankanmaksa-bloc-lounais-ranska-3\/","title":{"rendered":"Ankanmaksa -bloc, Lounais-Ranska 200 g"},"content":{"rendered":"<p>La Maison Godardin ankanleverbloc on valmistettu P\u00e9rigord-alueen perinteit\u00e4 kunnioittaen. Ankan foie gras emulsoidaan hienoksi tasaiseksi tahnaksi, jonka viimeistely Portolla ja mausteilla antaa sille hienostuneen makuprofiilin. Tarjoile viile\u00e4n\u00e4 toasteilla tai ruisleiv\u00e4ll\u00e4.<\/p>\n","protected":false},"excerpt":{"rendered":"<p>Lounais-Ranskalainen ankanleverbloc \u2013 pehme\u00e4, sile\u00e4 ja ylenpalttinen herkkusyvill\u00e4.<\/p>\n","protected":false},"featured_media":139738,"comment_status":"open","ping_status":"open","template":"","meta":{"_acf_changed":false},"product_brand":[635],"product_cat":[697,676],"product_tag":[180,181],"class_list":{"0":"post-141434","1":"product","2":"type-product","3":"status-publish","4":"has-post-thumbnail","6":"product_brand-godard","7":"product_cat-foie-gras","8":"product_cat-suolaiset","9":"product_tag-foie-gras","10":"product_tag-godard","11":"product_shipping_class-shipping-discount","12":"pa_alkuperamaa-ranska","14":"first","15":"instock","16":"taxable","17":"shipping-taxable","18":"purchasable","19":"product-type-simple","swatches":"rey-swatches","show_selected":""},"acf":[],"_links":{"self":[{"href":"https:\/\/www.delideli.zoner.dev\/fin\/wp-json\/wp\/v2\/product\/141434","targetHints":{"allow":["GET"]}}],"collection":[{"href":"https:\/\/www.delideli.zoner.dev\/fin\/wp-json\/wp\/v2\/product"}],"about":[{"href":"https:\/\/www.delideli.zoner.dev\/fin\/wp-json\/wp\/v2\/types\/product"}],"replies":[{"embeddable":true,"href":"https:\/\/www.delideli.zoner.dev\/fin\/wp-json\/wp\/v2\/comments?post=141434"}],"version-history":[{"count":0,"href":"https:\/\/www.delideli.zoner.dev\/fin\/wp-json\/wp\/v2\/product\/141434\/revisions"}],"wp:featuredmedia":[{"embeddable":true,"href":"https:\/\/www.delideli.zoner.dev\/fin\/wp-json\/wp\/v2\/media\/139738"}],"wp:attachment":[{"href":"https:\/\/www.delideli.zoner.dev\/fin\/wp-json\/wp\/v2\/media?parent=141434"}],"wp:term":[{"taxonomy":"product_brand","embeddable":true,"href":"https:\/\/www.delideli.zoner.dev\/fin\/wp-json\/wp\/v2\/product_brand?post=141434"},{"taxonomy":"product_cat","embeddable":true,"href":"https:\/\/www.delideli.zoner.dev\/fin\/wp-json\/wp\/v2\/product_cat?post=141434"},{"taxonomy":"product_tag","embeddable":true,"href":"https:\/\/www.delideli.zoner.dev\/fin\/wp-json\/wp\/v2\/product_tag?post=141434"}],"curies":[{"name":"wp","href":"https:\/\/api.w.org\/{rel}","templated":true}]}}