{"id":141438,"date":"2018-04-02T17:09:55","date_gmt":"2018-04-02T17:09:55","guid":{"rendered":"https:\/\/www.delideli.zoner.dev\/tuote\/oliivioljy-litaliano-10l\/"},"modified":"2026-05-04T16:09:48","modified_gmt":"2026-05-04T16:09:48","slug":"oliivioljy-litaliano-10l","status":"publish","type":"product","link":"https:\/\/www.delideli.zoner.dev\/fin\/tuote\/oliivioljy-litaliano-10l\/","title":{"rendered":"Oliivi\u00f6ljy, L\u2019Italiano, Terre Francescane 1 l"},"content":{"rendered":"<p>Italialaisen Terre Francescanen L\u2019Italiano-oliivi\u00f6ljy on nimens\u00e4 mukaisesti valmistettu 100-prosenttisesti italialaisista oliiveista. Tarkkaan valitut oliivit on kylm\u00e4puristettu ekstraneitsytoliivi\u00f6ljyksi. \u00d6ljyss\u00e4 k\u00e4ytetyt p\u00e4\u00e4asialliset oliivilajikkeet ovat Leccino, Ogliarola, Frantoio sek\u00e4 Coratina.<br \/>\nN\u00e4iden lajikkeiden yhdistelm\u00e4n\u00e4 syntyy hedelm\u00e4inen oliivi\u00f6ljy, jossa on aistittavissa vihreiden, juuri puristettujen oliivien aromeja, hentoa mausteisuutta sek\u00e4 miellytt\u00e4v\u00e4n katkeraan taittava j\u00e4lkimaku. L\u2019Italiano-oliivi\u00f6ljy on paras k\u00e4ytettyn\u00e4 kylm\u00e4n\u00e4 esimerkiksi pastojen, vaaleiden lihojen, tomaatin ja mozzarellan, kalan ja keitettyjen vihannesten kera. Se sopii loistavasti my\u00f6s j\u00e4lkiruokaresepteihin sek\u00e4 kastikkeisiin.<\/p>\n","protected":false},"excerpt":{"rendered":"<p>L\u2019Italiano-oliivi\u00f6ljy on nimens\u00e4 mukaisesti 100-prosenttisesti italialaista. Siin\u00e4 yhdistyv\u00e4t tarkkaan valittujen eri lajikkeiden italialaiset oliivit, joista syntyy kylm\u00e4puristamalla hedelm\u00e4inen ja hieman mausteinen ekstraneitsytoliivi\u00f6ljy. Monik\u00e4ytt\u00f6inen L\u2019Italiano on t\u00e4ydellinen makupari erityisesti punasalaatille, h\u00f6yrytetylle valkoiselle kalalle sek\u00e4 vihanneksille.<\/p>\n","protected":false},"featured_media":139742,"comment_status":"open","ping_status":"open","template":"","meta":{"_acf_changed":false},"product_brand":[655],"product_cat":[677,753,691,678],"product_tag":[177],"class_list":{"0":"post-141438","1":"product","2":"type-product","3":"status-publish","4":"has-post-thumbnail","6":"product_brand-terre-francescane","7":"product_cat-ajankohtaisia","8":"product_cat-my-healthy-oils","9":"product_cat-oliivioljyt","10":"product_cat-oljyt-etikat","11":"product_tag-oliivioljy","12":"product_shipping_class-shipping-discount","13":"pa_alkuperamaa-italia","14":"pa_oliivioljy-mieto","16":"first","17":"instock","18":"taxable","19":"shipping-taxable","20":"purchasable","21":"product-type-simple","swatches":"rey-swatches","show_selected":""},"acf":[],"_links":{"self":[{"href":"https:\/\/www.delideli.zoner.dev\/fin\/wp-json\/wp\/v2\/product\/141438","targetHints":{"allow":["GET"]}}],"collection":[{"href":"https:\/\/www.delideli.zoner.dev\/fin\/wp-json\/wp\/v2\/product"}],"about":[{"href":"https:\/\/www.delideli.zoner.dev\/fin\/wp-json\/wp\/v2\/types\/product"}],"replies":[{"embeddable":true,"href":"https:\/\/www.delideli.zoner.dev\/fin\/wp-json\/wp\/v2\/comments?post=141438"}],"version-history":[{"count":0,"href":"https:\/\/www.delideli.zoner.dev\/fin\/wp-json\/wp\/v2\/product\/141438\/revisions"}],"wp:featuredmedia":[{"embeddable":true,"href":"https:\/\/www.delideli.zoner.dev\/fin\/wp-json\/wp\/v2\/media\/139742"}],"wp:attachment":[{"href":"https:\/\/www.delideli.zoner.dev\/fin\/wp-json\/wp\/v2\/media?parent=141438"}],"wp:term":[{"taxonomy":"product_brand","embeddable":true,"href":"https:\/\/www.delideli.zoner.dev\/fin\/wp-json\/wp\/v2\/product_brand?post=141438"},{"taxonomy":"product_cat","embeddable":true,"href":"https:\/\/www.delideli.zoner.dev\/fin\/wp-json\/wp\/v2\/product_cat?post=141438"},{"taxonomy":"product_tag","embeddable":true,"href":"https:\/\/www.delideli.zoner.dev\/fin\/wp-json\/wp\/v2\/product_tag?post=141438"}],"curies":[{"name":"wp","href":"https:\/\/api.w.org\/{rel}","templated":true}]}}