{"id":141441,"date":"2018-04-09T14:40:32","date_gmt":"2018-04-09T14:40:32","guid":{"rendered":"https:\/\/www.delideli.zoner.dev\/tuote\/cigarettes\/"},"modified":"2026-05-04T16:09:53","modified_gmt":"2026-05-04T16:09:53","slug":"cigarettes","status":"publish","type":"product","link":"https:\/\/www.delideli.zoner.dev\/fin\/tuote\/cigarettes\/","title":{"rendered":"Cigarette-keksit 150 g"},"content":{"rendered":"<p>Cigarette-keksit syntyiv\u00e4t alkujaan vahingossa, kun leipuri Lucian Petit\u2019lle sattui virhe yhdess\u00e4 reseptiss\u00e4\u00e4n. Jottei h\u00e4n joutuisi heitt\u00e4m\u00e4\u00e4n taikinaa pois, h\u00e4n p\u00e4\u00e4tti k\u00e4\u00e4r\u00e4ist\u00e4 keksin rullalle ja n\u00e4in syntyiv\u00e4t cigarette-keksit. Kekseist\u00e4 tuli paikallisen pienen leipomon hittituote ja on yll\u00e4pit\u00e4nyt suosiotaan vuosien saatossa. Reseptiss\u00e4 ei ole n\u00e4hty paljoa muutosta alkuper\u00e4isest\u00e4, ja t\u00e4m\u00e4 herkku on edelleen yksi la Trinitainen erikoisuuksista.<\/p>\n","protected":false},"excerpt":{"rendered":"<p>Cigarette-keksit ovat saaneet nimens\u00e4 sikarimaisesta muodostaan. Ohut ja rapea herkkukeksi sopii erityisen hyvin nautittavaksi samppanjalasillisen kanssa, j\u00e4\u00e4tel\u00f6annoksessa tai vaikka h\u00f6yry\u00e4v\u00e4n kahvi- tai kaakaokupillisen seurana. N\u00e4iden perinteisesti, puhtaista raaka-aineista leivottujen keksien resepti on kulkenut samanlaisena sukupolvelta toiselle.<\/p>\n","protected":false},"featured_media":139748,"comment_status":"open","ping_status":"open","template":"","meta":{"_acf_changed":false},"product_brand":[637],"product_cat":[706,680],"product_tag":[],"class_list":{"0":"post-141441","1":"product","2":"type-product","3":"status-publish","4":"has-post-thumbnail","6":"product_brand-la-trinitaine","7":"product_cat-keksit","8":"product_cat-makeat","9":"product_shipping_class-shipping-discount","10":"pa_alkuperamaa-ranska","12":"first","13":"outofstock","14":"taxable","15":"shipping-taxable","16":"purchasable","17":"product-type-simple","swatches":"rey-swatches","show_selected":""},"acf":[],"_links":{"self":[{"href":"https:\/\/www.delideli.zoner.dev\/fin\/wp-json\/wp\/v2\/product\/141441","targetHints":{"allow":["GET"]}}],"collection":[{"href":"https:\/\/www.delideli.zoner.dev\/fin\/wp-json\/wp\/v2\/product"}],"about":[{"href":"https:\/\/www.delideli.zoner.dev\/fin\/wp-json\/wp\/v2\/types\/product"}],"replies":[{"embeddable":true,"href":"https:\/\/www.delideli.zoner.dev\/fin\/wp-json\/wp\/v2\/comments?post=141441"}],"version-history":[{"count":0,"href":"https:\/\/www.delideli.zoner.dev\/fin\/wp-json\/wp\/v2\/product\/141441\/revisions"}],"wp:featuredmedia":[{"embeddable":true,"href":"https:\/\/www.delideli.zoner.dev\/fin\/wp-json\/wp\/v2\/media\/139748"}],"wp:attachment":[{"href":"https:\/\/www.delideli.zoner.dev\/fin\/wp-json\/wp\/v2\/media?parent=141441"}],"wp:term":[{"taxonomy":"product_brand","embeddable":true,"href":"https:\/\/www.delideli.zoner.dev\/fin\/wp-json\/wp\/v2\/product_brand?post=141441"},{"taxonomy":"product_cat","embeddable":true,"href":"https:\/\/www.delideli.zoner.dev\/fin\/wp-json\/wp\/v2\/product_cat?post=141441"},{"taxonomy":"product_tag","embeddable":true,"href":"https:\/\/www.delideli.zoner.dev\/fin\/wp-json\/wp\/v2\/product_tag?post=141441"}],"curies":[{"name":"wp","href":"https:\/\/api.w.org\/{rel}","templated":true}]}}