{"id":141443,"date":"2018-04-13T14:10:17","date_gmt":"2018-04-13T14:10:17","guid":{"rendered":"https:\/\/www.delideli.zoner.dev\/tuote\/carnarolli\/"},"modified":"2026-05-04T16:09:54","modified_gmt":"2026-05-04T16:09:54","slug":"carnarolli","status":"publish","type":"product","link":"https:\/\/www.delideli.zoner.dev\/fin\/tuote\/carnarolli\/","title":{"rendered":"Carnaroli -risottoriisi 500g"},"content":{"rendered":"<p>Tenuta Venerian carnaroli-riisi on yksi maailman korkealaatuisimmista riiseist\u00e4 ja on voittanut kultamitalin maailmanlaajuisessa riisikilpailussa vuonna 2006. Carnaroli-riisi on ekstrahieno riisi, jonka jyv\u00e4t ovat hieman suuremmat kuin tavallisesti. Sen t\u00e4rkkelyspitoisuus on my\u00f6s matalampi, mink\u00e4 takia riisi imee itseens\u00e4 enemm\u00e4n nestett\u00e4 ja sopii erityisen hyvin risottoon.<br \/>\nTenuta Venerian erityinen riisin k\u00e4sittelymenetelm\u00e4 j\u00e4tt\u00e4\u00e4 riisiin enemm\u00e4n ravintoaineita kuin normaalisti. Riisin laatua tarkkaillaan kiinte\u00e4sti pellolta tuotantotilaan asti, mink\u00e4 ansiosta Tenuta Venerian riiseiss\u00e4 on hyvin v\u00e4h\u00e4n luonnollisia ep\u00e4puhtauksia tai vikoja, ja vain 1 % koko tuotannosta k\u00e4rsii riisinjyvien rikkoontumisesta.<br \/>\nCarnaroli-risottoriisi on pakattu erityisell\u00e4 tavalla, mink\u00e4 takia sit\u00e4 suositellaan s\u00e4ilytett\u00e4v\u00e4n viile\u00e4ss\u00e4 ja kuivassa ymp\u00e4rist\u00f6ss\u00e4, jonka l\u00e4mp\u00f6tila on enint\u00e4\u00e4n +4\u20136 astetta.<\/p>\n","protected":false},"excerpt":{"rendered":"<p>Carnaroli-riisi\u00e4 kutsutaan monesti risottoriisien kuninkaaksi. Sen suuret jyv\u00e4t ja t\u00e4rkkelyspitoisuus sopivat t\u00e4ydellisesti aidon italialaistyylisen risoton tekoon. Oikealla valmistustavalla saat luotua kotioloissa herkullisen t\u00e4ytel\u00e4isen ja koostumukseltaan t\u00e4ydellisen risoton. Hanki kaikki ainesosat ja kokeile vaikka itse!<\/p>\n","protected":false},"featured_media":139750,"comment_status":"open","ping_status":"open","template":"","meta":{"_acf_changed":false},"product_brand":[653],"product_cat":[682,723],"product_tag":[],"class_list":{"0":"post-141443","1":"product","2":"type-product","3":"status-publish","4":"has-post-thumbnail","6":"product_brand-tenuta-veneria","7":"product_cat-kuivatuotteet","8":"product_cat-riisit","9":"product_shipping_class-shipping-discount","10":"pa_alkuperamaa-italia","12":"first","13":"instock","14":"taxable","15":"shipping-taxable","16":"purchasable","17":"product-type-simple","swatches":"rey-swatches","show_selected":""},"acf":[],"_links":{"self":[{"href":"https:\/\/www.delideli.zoner.dev\/fin\/wp-json\/wp\/v2\/product\/141443","targetHints":{"allow":["GET"]}}],"collection":[{"href":"https:\/\/www.delideli.zoner.dev\/fin\/wp-json\/wp\/v2\/product"}],"about":[{"href":"https:\/\/www.delideli.zoner.dev\/fin\/wp-json\/wp\/v2\/types\/product"}],"replies":[{"embeddable":true,"href":"https:\/\/www.delideli.zoner.dev\/fin\/wp-json\/wp\/v2\/comments?post=141443"}],"version-history":[{"count":0,"href":"https:\/\/www.delideli.zoner.dev\/fin\/wp-json\/wp\/v2\/product\/141443\/revisions"}],"wp:featuredmedia":[{"embeddable":true,"href":"https:\/\/www.delideli.zoner.dev\/fin\/wp-json\/wp\/v2\/media\/139750"}],"wp:attachment":[{"href":"https:\/\/www.delideli.zoner.dev\/fin\/wp-json\/wp\/v2\/media?parent=141443"}],"wp:term":[{"taxonomy":"product_brand","embeddable":true,"href":"https:\/\/www.delideli.zoner.dev\/fin\/wp-json\/wp\/v2\/product_brand?post=141443"},{"taxonomy":"product_cat","embeddable":true,"href":"https:\/\/www.delideli.zoner.dev\/fin\/wp-json\/wp\/v2\/product_cat?post=141443"},{"taxonomy":"product_tag","embeddable":true,"href":"https:\/\/www.delideli.zoner.dev\/fin\/wp-json\/wp\/v2\/product_tag?post=141443"}],"curies":[{"name":"wp","href":"https:\/\/api.w.org\/{rel}","templated":true}]}}