{"id":141445,"date":"2018-04-19T15:57:23","date_gmt":"2018-04-19T15:57:23","guid":{"rendered":"https:\/\/www.delideli.zoner.dev\/tuote\/kirsikkahillo-100-hedelmasta-300g\/"},"modified":"2026-05-04T16:09:57","modified_gmt":"2026-05-04T16:09:57","slug":"kirsikkahillo-100-hedelmasta-300g","status":"publish","type":"product","link":"https:\/\/www.delideli.zoner.dev\/fin\/tuote\/kirsikkahillo-100-hedelmasta-300g\/","title":{"rendered":"Musta kirsikka-hapankirsikkahillo 100% 300g"},"content":{"rendered":"<p>Ihanan hedelm\u00e4iset ja herkulliset Lucien Georgelinin hillot valmistetaan edelleen suuressa padassa pitk\u00e4\u00e4n keitt\u00e4en, kuten on tehty vuosikymmenien ajan valmistajan \u00e4idin reseptien mukaan. Kahden kirsikan hillossa kohtaavat kaksi erilaista kirsikkalajiketta: makea mustakirsikka ja hapokkaampi hapankirsikka.<br \/>\nHerkullisen reseptin salaisuutena on aito perinteinen valmistustapa, puhtaat raaka-aineet sek\u00e4 luonnollinen pektiini \u2013 ilman lis\u00e4- tai s\u00e4il\u00f6nt\u00e4aineita, v\u00e4riaineita tai keinotekoisia aromeja. Marjojen lis\u00e4ksi hillo on makeutettu vain luonnollisella hedelm\u00e4sokerilla ja maustettu tilkalla sitruunamehua. Hillo sis\u00e4lt\u00e4\u00e4 aitoa kirsikkaa jopa 60 %.<br \/>\nKahden kirsikan hillo sopii t\u00e4ydellisesti sellaisenaan nautittavaksi esimerkiksi leiv\u00e4n p\u00e4\u00e4ll\u00e4, croissantin kanssa, juustojen kera tai j\u00e4lkiruokien ja leivonnaisten t\u00e4ytteen\u00e4!<\/p>\n","protected":false},"excerpt":{"rendered":"<p>Lucien Georgelinin kahden kirsikan hillo sis\u00e4lt\u00e4\u00e4 niin makeampaa mustakirsikkaa kuin nimens\u00e4 mukaisesti happamampaa hapankirsikkaa. Hillo saa makeutensa itse kirsikoiden lis\u00e4ksi vain luonnollisesta hedelm\u00e4sokerista. Hillo t\u00e4ytt\u00e4\u00e4 vaativimpienkin herkkusuiden kriteerit puhtaalla koostumuksellaan ja aidon kirsikkaisella maullaan!<\/p>\n","protected":false},"featured_media":139752,"comment_status":"open","ping_status":"open","template":"","meta":{"_acf_changed":false},"product_brand":[641],"product_cat":[710,681],"product_tag":[],"class_list":{"0":"post-141445","1":"product","2":"type-product","3":"status-publish","4":"has-post-thumbnail","6":"product_brand-lucien-georgelin","7":"product_cat-hillot","8":"product_cat-marjat-hedelmat","9":"product_shipping_class-shipping-discount","10":"pa_alkuperamaa-ranska","12":"first","13":"instock","14":"taxable","15":"shipping-taxable","16":"purchasable","17":"product-type-simple","swatches":"rey-swatches","show_selected":""},"acf":[],"_links":{"self":[{"href":"https:\/\/www.delideli.zoner.dev\/fin\/wp-json\/wp\/v2\/product\/141445","targetHints":{"allow":["GET"]}}],"collection":[{"href":"https:\/\/www.delideli.zoner.dev\/fin\/wp-json\/wp\/v2\/product"}],"about":[{"href":"https:\/\/www.delideli.zoner.dev\/fin\/wp-json\/wp\/v2\/types\/product"}],"replies":[{"embeddable":true,"href":"https:\/\/www.delideli.zoner.dev\/fin\/wp-json\/wp\/v2\/comments?post=141445"}],"version-history":[{"count":0,"href":"https:\/\/www.delideli.zoner.dev\/fin\/wp-json\/wp\/v2\/product\/141445\/revisions"}],"wp:featuredmedia":[{"embeddable":true,"href":"https:\/\/www.delideli.zoner.dev\/fin\/wp-json\/wp\/v2\/media\/139752"}],"wp:attachment":[{"href":"https:\/\/www.delideli.zoner.dev\/fin\/wp-json\/wp\/v2\/media?parent=141445"}],"wp:term":[{"taxonomy":"product_brand","embeddable":true,"href":"https:\/\/www.delideli.zoner.dev\/fin\/wp-json\/wp\/v2\/product_brand?post=141445"},{"taxonomy":"product_cat","embeddable":true,"href":"https:\/\/www.delideli.zoner.dev\/fin\/wp-json\/wp\/v2\/product_cat?post=141445"},{"taxonomy":"product_tag","embeddable":true,"href":"https:\/\/www.delideli.zoner.dev\/fin\/wp-json\/wp\/v2\/product_tag?post=141445"}],"curies":[{"name":"wp","href":"https:\/\/api.w.org\/{rel}","templated":true}]}}