{"id":141446,"date":"2018-04-19T17:01:27","date_gmt":"2018-04-19T17:01:27","guid":{"rendered":"https:\/\/www.delideli.zoner.dev\/tuote\/appelsiinihillo-100-hedelmasta-300g\/"},"modified":"2026-05-04T16:09:57","modified_gmt":"2026-05-04T16:09:57","slug":"appelsiinihillo-100-hedelmasta-300g","status":"publish","type":"product","link":"https:\/\/www.delideli.zoner.dev\/fin\/tuote\/appelsiinihillo-100-hedelmasta-300g\/","title":{"rendered":"Appelsiinihillo, 100 % hedelm\u00e4\u00e4 300 g"},"content":{"rendered":"<p>Ihanan hedelm\u00e4iset ja herkulliset Lucien Georgelinin hillot valmistetaan edelleen pitk\u00e4\u00e4n keitt\u00e4en suuressa keittopadassa, kuten on tehty vuosikymmenien ajan valmistajan \u00e4idin reseptien mukaan. Appelsiinihillossa k\u00e4ytetyt hedelm\u00e4t on valittu huolella ja k\u00e4sitelty k\u00e4sin parhaan lopputuloksen varmistamiseksi. Appelsiinihillo on makeutettu ainoastaan luonnollisella hedelm\u00e4sokerilla ja maustettu pienell\u00e4 tilkalla sitruunaa.<br \/>\nHerkullisen reseptin salaisuutena on aito perinteinen valmistustapa, puhtaat raaka-aineet sek\u00e4 luonnollinen pektiini. Hillossa ei ole k\u00e4ytetty lainkaan lis\u00e4- tai s\u00e4il\u00f6nt\u00e4aineita, v\u00e4riaineita tai keinotekoisia aromeja. Appelsiinihillo sopii t\u00e4ydellisesti esimerkiksi leiv\u00e4n p\u00e4\u00e4lle, croissantin v\u00e4liin, krepin kanssa tai j\u00e4lkiruokien ja leivonnaisten t\u00e4ytteen\u00e4!<\/p>\n","protected":false},"excerpt":{"rendered":"<p>Lucien Georgelinin appelsiinihillo on valmistettu 100 % hedelmist\u00e4 per\u00e4isin olevista raaka-aineista. Appelsiinien aurinkoinen aromi on saatu s\u00e4ilytetty\u00e4 perinteisess\u00e4 valmistus- ja keittomenetelm\u00e4ss\u00e4. Hillon makeus tulee itse appelsiineist\u00e4 ja lis\u00e4tyst\u00e4 hedelm\u00e4sokerista. Appelsiinia hillossa on jopa 58 % \u2013 ilman mit\u00e4\u00e4n turhia lis\u00e4- tai s\u00e4il\u00f6nt\u00e4aineita.<\/p>\n","protected":false},"featured_media":139754,"comment_status":"open","ping_status":"open","template":"","meta":{"_acf_changed":false},"product_brand":[641],"product_cat":[710,681],"product_tag":[],"class_list":{"0":"post-141446","1":"product","2":"type-product","3":"status-publish","4":"has-post-thumbnail","6":"product_brand-lucien-georgelin","7":"product_cat-hillot","8":"product_cat-marjat-hedelmat","9":"product_shipping_class-shipping-discount","10":"pa_alkuperamaa-ranska","12":"first","13":"instock","14":"taxable","15":"shipping-taxable","16":"purchasable","17":"product-type-simple","swatches":"rey-swatches","show_selected":""},"acf":[],"_links":{"self":[{"href":"https:\/\/www.delideli.zoner.dev\/fin\/wp-json\/wp\/v2\/product\/141446","targetHints":{"allow":["GET"]}}],"collection":[{"href":"https:\/\/www.delideli.zoner.dev\/fin\/wp-json\/wp\/v2\/product"}],"about":[{"href":"https:\/\/www.delideli.zoner.dev\/fin\/wp-json\/wp\/v2\/types\/product"}],"replies":[{"embeddable":true,"href":"https:\/\/www.delideli.zoner.dev\/fin\/wp-json\/wp\/v2\/comments?post=141446"}],"version-history":[{"count":0,"href":"https:\/\/www.delideli.zoner.dev\/fin\/wp-json\/wp\/v2\/product\/141446\/revisions"}],"wp:featuredmedia":[{"embeddable":true,"href":"https:\/\/www.delideli.zoner.dev\/fin\/wp-json\/wp\/v2\/media\/139754"}],"wp:attachment":[{"href":"https:\/\/www.delideli.zoner.dev\/fin\/wp-json\/wp\/v2\/media?parent=141446"}],"wp:term":[{"taxonomy":"product_brand","embeddable":true,"href":"https:\/\/www.delideli.zoner.dev\/fin\/wp-json\/wp\/v2\/product_brand?post=141446"},{"taxonomy":"product_cat","embeddable":true,"href":"https:\/\/www.delideli.zoner.dev\/fin\/wp-json\/wp\/v2\/product_cat?post=141446"},{"taxonomy":"product_tag","embeddable":true,"href":"https:\/\/www.delideli.zoner.dev\/fin\/wp-json\/wp\/v2\/product_tag?post=141446"}],"curies":[{"name":"wp","href":"https:\/\/api.w.org\/{rel}","templated":true}]}}