{"id":141447,"date":"2018-04-27T08:45:13","date_gmt":"2018-04-27T08:45:13","guid":{"rendered":"https:\/\/www.delideli.zoner.dev\/tuote\/provencen-laventeli-vintage-50g\/"},"modified":"2026-05-04T16:09:57","modified_gmt":"2026-05-04T16:09:57","slug":"provencen-laventeli-vintage-50g","status":"publish","type":"product","link":"https:\/\/www.delideli.zoner.dev\/fin\/tuote\/provencen-laventeli-vintage-50g\/","title":{"rendered":"Provencen laventeli, vintage-rasia 50 g"},"content":{"rendered":"<p>Provencen violeteiksi v\u00e4rj\u00e4ytyneilt\u00e4, silm\u00e4nkantamattomiin jatkuvilta laventelipelloilta on ker\u00e4tty my\u00f6s Dynamique Proven\u00e7alen k\u00e4ytt\u00e4m\u00e4 laventeli. Laventeli on kasvatettu perinteisin menetelmin ilman geenimanipuloituja kasvinosia (GMO), ja tuote ei sis\u00e4ll\u00e4 lainkaan keinotekoisia ainesosia.<\/p>\n","protected":false},"excerpt":{"rendered":"<p>Kauniiseen vintage-purkkiin pakattu kuivattu Provencen laventeli sopii niin mausteeksi, teehen kuin vaikka vaatekaapin tuoksupussiin. Laventeli tunnetaan sen rauhoittavasta tuoksustaan, joka tuo monelle apua illalla rentoutumiseen ja nukahtamiseen. Laventelia voi k\u00e4ytt\u00e4\u00e4 my\u00f6s omatekoisessa kosmetiikassa.<\/p>\n","protected":false},"featured_media":139756,"comment_status":"open","ping_status":"open","template":"","meta":{"_acf_changed":false},"product_brand":[627],"product_cat":[682,715],"product_tag":[],"class_list":{"0":"post-141447","1":"product","2":"type-product","3":"status-publish","4":"has-post-thumbnail","6":"product_brand-dynamique-provencale","7":"product_cat-kuivatuotteet","8":"product_cat-mausteet-mausteet","9":"product_shipping_class-shipping-discount","10":"pa_alkuperamaa-ranska","12":"first","13":"instock","14":"taxable","15":"shipping-taxable","16":"purchasable","17":"product-type-simple","swatches":"rey-swatches","show_selected":""},"acf":[],"_links":{"self":[{"href":"https:\/\/www.delideli.zoner.dev\/fin\/wp-json\/wp\/v2\/product\/141447","targetHints":{"allow":["GET"]}}],"collection":[{"href":"https:\/\/www.delideli.zoner.dev\/fin\/wp-json\/wp\/v2\/product"}],"about":[{"href":"https:\/\/www.delideli.zoner.dev\/fin\/wp-json\/wp\/v2\/types\/product"}],"replies":[{"embeddable":true,"href":"https:\/\/www.delideli.zoner.dev\/fin\/wp-json\/wp\/v2\/comments?post=141447"}],"version-history":[{"count":0,"href":"https:\/\/www.delideli.zoner.dev\/fin\/wp-json\/wp\/v2\/product\/141447\/revisions"}],"wp:featuredmedia":[{"embeddable":true,"href":"https:\/\/www.delideli.zoner.dev\/fin\/wp-json\/wp\/v2\/media\/139756"}],"wp:attachment":[{"href":"https:\/\/www.delideli.zoner.dev\/fin\/wp-json\/wp\/v2\/media?parent=141447"}],"wp:term":[{"taxonomy":"product_brand","embeddable":true,"href":"https:\/\/www.delideli.zoner.dev\/fin\/wp-json\/wp\/v2\/product_brand?post=141447"},{"taxonomy":"product_cat","embeddable":true,"href":"https:\/\/www.delideli.zoner.dev\/fin\/wp-json\/wp\/v2\/product_cat?post=141447"},{"taxonomy":"product_tag","embeddable":true,"href":"https:\/\/www.delideli.zoner.dev\/fin\/wp-json\/wp\/v2\/product_tag?post=141447"}],"curies":[{"name":"wp","href":"https:\/\/api.w.org\/{rel}","templated":true}]}}