{"id":141448,"date":"2018-06-05T11:40:11","date_gmt":"2018-06-05T11:40:11","guid":{"rendered":"https:\/\/www.delideli.zoner.dev\/tuote\/suklaa-hasselpahkinalevite-280g\/"},"modified":"2026-05-04T16:09:58","modified_gmt":"2026-05-04T16:09:58","slug":"suklaa-hasselpahkinalevite-280g","status":"publish","type":"product","link":"https:\/\/www.delideli.zoner.dev\/fin\/tuote\/suklaa-hasselpahkinalevite-280g\/","title":{"rendered":"Suklaa-hasselp\u00e4hkin\u00e4levite, ei palmu\u00f6ljy\u00e4 280 g"},"content":{"rendered":"<p>Ranskalaisen Lucien Georgelinin suklaa-hasselp\u00e4hkin\u00e4 nostaa veden kielelle kaikille vauvasta vaariin. Sen samettinen ja helposti levittyv\u00e4 koostumus varmasti erottuu herkullisuudellaan! Kyseess\u00e4 on my\u00f6s hyvin laadukas levite, joka sis\u00e4lt\u00e4\u00e4 keskim\u00e4\u00e4rin runsaammin hasselp\u00e4hkin\u00e4\u00e4 kuin vastaavat levitteet.<br \/>\nLevitteen hasselp\u00e4hkin\u00e4t tulevat Ranskan Lot-et-Garonnesta, joka on kuuluisa aromikkaista p\u00e4hkin\u00f6ist\u00e4\u00e4n. Hasselp\u00e4hkin\u00e4t ker\u00e4t\u00e4\u00e4n korkeintaan 30 km p\u00e4\u00e4st\u00e4 valmistajan tehtaalta, ja itse levitteess\u00e4 k\u00e4ytet\u00e4\u00e4n vain parhaimpia raaka-aineita. Sen takia et l\u00f6yd\u00e4 levitteest\u00e4 lainkaan palmu\u00f6ljy\u00e4 tai hydrattuja \u00f6ljyj\u00e4, keinotekoisia v\u00e4riaineita, lis\u00e4aineita tai s\u00e4il\u00f6nt\u00e4aineita.<br \/>\nJos avatun purkin pinnalla n\u00e4kyy hieman rasvaa, se johtuu vain lis\u00e4aineiden puutteesta, ja tilanne korjaantuu sekoittamalla levitett\u00e4 muutaman py\u00f6r\u00e4ytyksen lusikalla. Nauti niin leiv\u00e4ll\u00e4, krepill\u00e4, vohvelilla, j\u00e4\u00e4tel\u00f6n kanssa tai vaikka suoraan purkista lusikoiden!<\/p>\n","protected":false},"excerpt":{"rendered":"<p>Kun haluat aidosti laadukkaan ja herkullisen suklaa-hasselp\u00e4hkin\u00e4levitteen herkutteluun tai v\u00e4lipalalle, kokeile Lucien Georgelinin suklaa-hasselp\u00e4hkin\u00e4levitett\u00e4! Levitteess\u00e4 ei ole k\u00e4ytetty lainkaan palmu\u00f6ljy\u00e4, keinotekoisia aromeja, v\u00e4riaineita tai lis\u00e4- ja s\u00e4il\u00f6nt\u00e4aineita. Levitteess\u00e4 k\u00e4ytetyt aromikkaat hasselp\u00e4hkin\u00e4t ker\u00e4t\u00e4\u00e4n korkeintaan 30 kilometrin p\u00e4\u00e4st\u00e4 valmistajan tehtaasta Lounais-Ranskassa, ja niit\u00e4 onkin k\u00e4ytetty levitteess\u00e4 reilummin kuin muiden valmistajien vastaavissa levitteiss\u00e4. Kokeile ja hurmaannu!<\/p>\n","protected":false},"featured_media":139758,"comment_status":"open","ping_status":"open","template":"","meta":{"_acf_changed":false},"product_brand":[641],"product_cat":[702,680],"product_tag":[],"class_list":{"0":"post-141448","1":"product","2":"type-product","3":"status-publish","4":"has-post-thumbnail","6":"product_brand-lucien-georgelin","7":"product_cat-jalkiruuat","8":"product_cat-makeat","9":"product_shipping_class-shipping-discount","10":"pa_alkuperamaa-ranska","12":"first","13":"instock","14":"taxable","15":"shipping-taxable","16":"purchasable","17":"product-type-simple","swatches":"rey-swatches","show_selected":""},"acf":[],"_links":{"self":[{"href":"https:\/\/www.delideli.zoner.dev\/fin\/wp-json\/wp\/v2\/product\/141448","targetHints":{"allow":["GET"]}}],"collection":[{"href":"https:\/\/www.delideli.zoner.dev\/fin\/wp-json\/wp\/v2\/product"}],"about":[{"href":"https:\/\/www.delideli.zoner.dev\/fin\/wp-json\/wp\/v2\/types\/product"}],"replies":[{"embeddable":true,"href":"https:\/\/www.delideli.zoner.dev\/fin\/wp-json\/wp\/v2\/comments?post=141448"}],"version-history":[{"count":0,"href":"https:\/\/www.delideli.zoner.dev\/fin\/wp-json\/wp\/v2\/product\/141448\/revisions"}],"wp:featuredmedia":[{"embeddable":true,"href":"https:\/\/www.delideli.zoner.dev\/fin\/wp-json\/wp\/v2\/media\/139758"}],"wp:attachment":[{"href":"https:\/\/www.delideli.zoner.dev\/fin\/wp-json\/wp\/v2\/media?parent=141448"}],"wp:term":[{"taxonomy":"product_brand","embeddable":true,"href":"https:\/\/www.delideli.zoner.dev\/fin\/wp-json\/wp\/v2\/product_brand?post=141448"},{"taxonomy":"product_cat","embeddable":true,"href":"https:\/\/www.delideli.zoner.dev\/fin\/wp-json\/wp\/v2\/product_cat?post=141448"},{"taxonomy":"product_tag","embeddable":true,"href":"https:\/\/www.delideli.zoner.dev\/fin\/wp-json\/wp\/v2\/product_tag?post=141448"}],"curies":[{"name":"wp","href":"https:\/\/api.w.org\/{rel}","templated":true}]}}