{"id":141449,"date":"2018-06-12T11:39:04","date_gmt":"2018-06-12T11:39:04","guid":{"rendered":"https:\/\/www.delideli.zoner.dev\/tuote\/age-old-seasoning-white-label-vegan-100ml\/"},"modified":"2026-05-04T16:09:58","modified_gmt":"2026-05-04T16:09:58","slug":"age-old-seasoning-white-label-vegan-100ml","status":"publish","type":"product","link":"https:\/\/www.delideli.zoner.dev\/fin\/tuote\/age-old-seasoning-white-label-vegan-100ml\/","title":{"rendered":"Modenalainen vaalea balsamikokastike, White Label, vegaaninen 100 ml"},"content":{"rendered":"<p>La Bonissiman aito modenalainen vaalea balsamikokastike, \u201dWhite Label\u201d, on t\u00e4ysin vegaaninen, laadukas vaalea balsamico. Sen samettinen, pehme\u00e4 ja hedelm\u00e4inen maku p\u00e4\u00e4see oikeuksiinsa monenlaisissa erilaisissa ruoissa korostaen niiden parhaita puolia. La Bonissiman balsamicot valmistaa modenalainen De Pietrin perheyritys, joka aloitti toimintansa jo 1900-luvun alussa. Balsamico on my\u00f6s gluteeniton, eik\u00e4 se sis\u00e4ll\u00e4 sulfiitteja, lis\u00e4aineita tai v\u00e4riaineita.<\/p>\n","protected":false},"excerpt":{"rendered":"<p>Italialaisen La Bonissiman vaalea balsamikokastike on korkealaatuinen vaalea balsamico Modenasta, joka on my\u00f6s t\u00e4ysin vegaaninen. Sen samettinen ja pehme\u00e4 maku ja tiivis koostumus tekev\u00e4t siit\u00e4 tunnistettavan ja korkealaatuisen vaalean balsamicon. K\u00e4ytetty luonnollinen valmistusprosessi saa aikaan sen kauniin kultaisen v\u00e4rin.<\/p>\n","protected":false},"featured_media":139760,"comment_status":"open","ping_status":"open","template":"","meta":{"_acf_changed":false},"product_brand":[633],"product_cat":[730,678],"product_tag":[],"class_list":{"0":"post-141449","1":"product","2":"type-product","3":"status-publish","4":"has-post-thumbnail","6":"product_brand-la-bonissima","7":"product_cat-balsamicot","8":"product_cat-oljyt-etikat","9":"product_shipping_class-shipping-discount","10":"pa_alkuperamaa-italia","12":"first","13":"instock","14":"taxable","15":"shipping-taxable","16":"purchasable","17":"product-type-simple","swatches":"rey-swatches","show_selected":""},"acf":[],"_links":{"self":[{"href":"https:\/\/www.delideli.zoner.dev\/fin\/wp-json\/wp\/v2\/product\/141449","targetHints":{"allow":["GET"]}}],"collection":[{"href":"https:\/\/www.delideli.zoner.dev\/fin\/wp-json\/wp\/v2\/product"}],"about":[{"href":"https:\/\/www.delideli.zoner.dev\/fin\/wp-json\/wp\/v2\/types\/product"}],"replies":[{"embeddable":true,"href":"https:\/\/www.delideli.zoner.dev\/fin\/wp-json\/wp\/v2\/comments?post=141449"}],"version-history":[{"count":0,"href":"https:\/\/www.delideli.zoner.dev\/fin\/wp-json\/wp\/v2\/product\/141449\/revisions"}],"wp:featuredmedia":[{"embeddable":true,"href":"https:\/\/www.delideli.zoner.dev\/fin\/wp-json\/wp\/v2\/media\/139760"}],"wp:attachment":[{"href":"https:\/\/www.delideli.zoner.dev\/fin\/wp-json\/wp\/v2\/media?parent=141449"}],"wp:term":[{"taxonomy":"product_brand","embeddable":true,"href":"https:\/\/www.delideli.zoner.dev\/fin\/wp-json\/wp\/v2\/product_brand?post=141449"},{"taxonomy":"product_cat","embeddable":true,"href":"https:\/\/www.delideli.zoner.dev\/fin\/wp-json\/wp\/v2\/product_cat?post=141449"},{"taxonomy":"product_tag","embeddable":true,"href":"https:\/\/www.delideli.zoner.dev\/fin\/wp-json\/wp\/v2\/product_tag?post=141449"}],"curies":[{"name":"wp","href":"https:\/\/api.w.org\/{rel}","templated":true}]}}