{"id":141451,"date":"2018-08-02T12:30:17","date_gmt":"2018-08-02T12:30:17","guid":{"rendered":"https:\/\/www.delideli.zoner.dev\/tuote\/lemon-curd\/"},"modified":"2026-05-04T16:09:59","modified_gmt":"2026-05-04T16:09:59","slug":"lemon-curd","status":"publish","type":"product","link":"https:\/\/www.delideli.zoner.dev\/fin\/tuote\/lemon-curd\/","title":{"rendered":"Lemon Curd 125g"},"content":{"rendered":"<p>Raikkaan herkullinen sitruunatahna eli lemon curd tunnetaan Ranskassa my\u00f6s nimell\u00e4 cr\u00e8me de citron. DeliDelin lemon curd on puhtaista ja paikallisista raaka-aineista valmistettu herkku, johon ei ole lis\u00e4tty turhia lis\u00e4- tai s\u00e4il\u00f6nt\u00e4aineita. Kokeile sit\u00e4 ranskalaisittain vaikka cr\u00eapeille, tuulihattujen t\u00e4ytteeksi, macaronien v\u00e4liin, tiramisun raikastajaksi, tartelettien pohjakreemiksi tai muffinien syd\u00e4meksi.<\/p>\n","protected":false},"excerpt":{"rendered":"<p>Kanaalin toisella puolella lemon curdina tunnettu suosittu sitruunatahna l\u00f6ytyy my\u00f6s monen ranskalaisen j\u00e4lkiruoan pohjana. DeliDelin lemon curd on ihanan samettista ja sitruunaista, puhtaista raaka-aineista k\u00e4sity\u00f6n\u00e4 valmistettua. Nauti sellaisenaan tai kokeile leivonnaisissa, esimerkiksi taivaallisessa sitruuna-marenkipiiraassa!<\/p>\n","protected":false},"featured_media":139764,"comment_status":"open","ping_status":"open","template":"","meta":{"_acf_changed":false},"product_brand":[626],"product_cat":[677,763,710,681],"product_tag":[],"class_list":{"0":"post-141451","1":"product","2":"type-product","3":"status-publish","4":"has-post-thumbnail","6":"product_brand-delideli-herkkukauppa","7":"product_cat-ajankohtaisia","8":"product_cat-delidelin-tuotemerkki","9":"product_cat-hillot","10":"product_cat-marjat-hedelmat","11":"product_shipping_class-shipping-discount","12":"pa_alkuperamaa-ranska","14":"first","15":"outofstock","16":"taxable","17":"shipping-taxable","18":"purchasable","19":"product-type-simple","swatches":"rey-swatches","show_selected":""},"acf":[],"_links":{"self":[{"href":"https:\/\/www.delideli.zoner.dev\/fin\/wp-json\/wp\/v2\/product\/141451","targetHints":{"allow":["GET"]}}],"collection":[{"href":"https:\/\/www.delideli.zoner.dev\/fin\/wp-json\/wp\/v2\/product"}],"about":[{"href":"https:\/\/www.delideli.zoner.dev\/fin\/wp-json\/wp\/v2\/types\/product"}],"replies":[{"embeddable":true,"href":"https:\/\/www.delideli.zoner.dev\/fin\/wp-json\/wp\/v2\/comments?post=141451"}],"version-history":[{"count":0,"href":"https:\/\/www.delideli.zoner.dev\/fin\/wp-json\/wp\/v2\/product\/141451\/revisions"}],"wp:featuredmedia":[{"embeddable":true,"href":"https:\/\/www.delideli.zoner.dev\/fin\/wp-json\/wp\/v2\/media\/139764"}],"wp:attachment":[{"href":"https:\/\/www.delideli.zoner.dev\/fin\/wp-json\/wp\/v2\/media?parent=141451"}],"wp:term":[{"taxonomy":"product_brand","embeddable":true,"href":"https:\/\/www.delideli.zoner.dev\/fin\/wp-json\/wp\/v2\/product_brand?post=141451"},{"taxonomy":"product_cat","embeddable":true,"href":"https:\/\/www.delideli.zoner.dev\/fin\/wp-json\/wp\/v2\/product_cat?post=141451"},{"taxonomy":"product_tag","embeddable":true,"href":"https:\/\/www.delideli.zoner.dev\/fin\/wp-json\/wp\/v2\/product_tag?post=141451"}],"curies":[{"name":"wp","href":"https:\/\/api.w.org\/{rel}","templated":true}]}}