{"id":141452,"date":"2018-08-24T09:19:24","date_gmt":"2018-08-24T09:19:24","guid":{"rendered":"https:\/\/www.delideli.zoner.dev\/tuote\/savustettu-majoneesi\/"},"modified":"2026-05-04T16:09:59","modified_gmt":"2026-05-04T16:09:59","slug":"savustettu-majoneesi","status":"publish","type":"product","link":"https:\/\/www.delideli.zoner.dev\/fin\/tuote\/savustettu-majoneesi\/","title":{"rendered":"Savustettu majoneesi \u201cFINCA LA BARCA\u201d 120ml"},"content":{"rendered":"<p>Finca la Barcan savustettu majoneesi sis\u00e4lt\u00e4\u00e4 oliivi\u00f6ljy\u00e4, joka on savustettu polttamalla tammihalkoja. Siit\u00e4 majoneesiin syntyy sen autenttinen ja erottuva savuinen aromi.<br \/>\nS\u00e4ilyt\u00e4 purkki avaamattomana viile\u00e4ss\u00e4, kuivassa paikassa valolta suojattuna. Avattuna s\u00e4ilyt\u00e4 sit\u00e4 j\u00e4\u00e4kaapissa ja k\u00e4yt\u00e4 seitsem\u00e4n  p\u00e4iv\u00e4n kuluessa.<br \/>\nSavustettu majoneesi on gluteeniton.<\/p>\n","protected":false},"excerpt":{"rendered":"<p>Finca la Barcan savustettu majoneesi saa ainutlaatuisen arominsa valmistajan kuuluisasta savustetusta oliivi\u00f6ljyst\u00e4. Maistettuasi t\u00e4t\u00e4 majoneesia, siit\u00e4 tulee ruokakaappisi perustuote. Kokeile sit\u00e4 lihoilla, voileiviss\u00e4, burgereissa, merenel\u00e4vien kanssa\u2026<\/p>\n","protected":false},"featured_media":139766,"comment_status":"open","ping_status":"open","template":"","meta":{"_acf_changed":false},"product_brand":[628],"product_cat":[677,688,764,676],"product_tag":[],"class_list":{"0":"post-141452","1":"product","2":"type-product","3":"status-publish","4":"has-post-thumbnail","6":"product_brand-finca-la-barca","7":"product_cat-ajankohtaisia","8":"product_cat-kastikkeet","9":"product_cat-paella","10":"product_cat-suolaiset","11":"product_shipping_class-shipping-discount","12":"pa_alkuperamaa-espanja","14":"first","15":"instock","16":"taxable","17":"shipping-taxable","18":"purchasable","19":"product-type-simple","swatches":"rey-swatches","show_selected":""},"acf":[],"_links":{"self":[{"href":"https:\/\/www.delideli.zoner.dev\/fin\/wp-json\/wp\/v2\/product\/141452","targetHints":{"allow":["GET"]}}],"collection":[{"href":"https:\/\/www.delideli.zoner.dev\/fin\/wp-json\/wp\/v2\/product"}],"about":[{"href":"https:\/\/www.delideli.zoner.dev\/fin\/wp-json\/wp\/v2\/types\/product"}],"replies":[{"embeddable":true,"href":"https:\/\/www.delideli.zoner.dev\/fin\/wp-json\/wp\/v2\/comments?post=141452"}],"version-history":[{"count":0,"href":"https:\/\/www.delideli.zoner.dev\/fin\/wp-json\/wp\/v2\/product\/141452\/revisions"}],"wp:featuredmedia":[{"embeddable":true,"href":"https:\/\/www.delideli.zoner.dev\/fin\/wp-json\/wp\/v2\/media\/139766"}],"wp:attachment":[{"href":"https:\/\/www.delideli.zoner.dev\/fin\/wp-json\/wp\/v2\/media?parent=141452"}],"wp:term":[{"taxonomy":"product_brand","embeddable":true,"href":"https:\/\/www.delideli.zoner.dev\/fin\/wp-json\/wp\/v2\/product_brand?post=141452"},{"taxonomy":"product_cat","embeddable":true,"href":"https:\/\/www.delideli.zoner.dev\/fin\/wp-json\/wp\/v2\/product_cat?post=141452"},{"taxonomy":"product_tag","embeddable":true,"href":"https:\/\/www.delideli.zoner.dev\/fin\/wp-json\/wp\/v2\/product_tag?post=141452"}],"curies":[{"name":"wp","href":"https:\/\/api.w.org\/{rel}","templated":true}]}}