{"id":141453,"date":"2018-08-24T10:07:35","date_gmt":"2018-08-24T10:07:35","guid":{"rendered":"https:\/\/www.delideli.zoner.dev\/tuote\/tryffelikori-delux\/"},"modified":"2026-05-04T16:09:59","modified_gmt":"2026-05-04T16:09:59","slug":"tryffelikori-delux","status":"publish","type":"product","link":"https:\/\/www.delideli.zoner.dev\/fin\/tuote\/tryffelikori-delux\/","title":{"rendered":"Herkkukori Tryffeli DELUX"},"content":{"rendered":"<p>Tryffeli Delux korin saaja p\u00e4\u00e4see todella sis\u00e4\u00e4n tryffelin maailmaan. T\u00e4ll\u00e4 yhdell\u00e4 maailman kalleimmasta mausteesta saa loihdittua uskomattomia aterioita lis\u00e4\u00e4m\u00e4ll\u00e4 jotain korin tuotteista esim. pastaan, lihalle, risottoihin, keittoihin tai vaikka perunalle. Vitsin\u00e4 mukana my\u00f6s suklaatryffeli, jossa ei t\u00e4t\u00e4 maustetta ole, mutta nimi on varmasti alkujaan per\u00e4isin t\u00e4st\u00e4 sienikasvista.<br \/>\nTodellinen luksus lahja tryffeli\u00e4 arvostavalle tai yll\u00e4tys henkil\u00f6lle, joka ei koskaan ennen ole tryffeli\u00e4 maistanut.<br \/>\n1599 \u2013 KORI kartonkikori soikea 23x19x8cm<br \/>\n1324 \u2013 Maalaisterrini maustettu tryffelin mehulla 90g<br \/>\n2165 \u2013 Kes\u00e4tryffeli carpaccio \u2013 Godard \u2013 20g<br \/>\n2232 \u2013 Tryffelipasta 250g -Linguine<br \/>\n5231 \u2013 Tryffelill\u00e4 maustettu sipulihilloke 150g<br \/>\n9160 \u2013 Valkotryffelill\u00e4 maustettu oliivi\u00f6ljy-100ml<br \/>\n9161 \u2013 Kes\u00e4tryffelimajoneesi 180g<br \/>\n9165 \u2013 Tryffelisuola 50 g<br \/>\n1048 \u2013 Luomu ja reilun kaupan suklaatryffeli 160g<\/p>\n<p>*Mik\u00e4li joku tuote on loppunut varastosta, voimme vaihtaa sen toiseen vastaavaan.<\/p>\n","protected":false},"excerpt":{"rendered":"<p>Tryffeli Delux korin saaja p\u00e4\u00e4see todella sis\u00e4\u00e4n tryffelin maailmaan. T\u00e4ll\u00e4 yhdell\u00e4 maailman kalleimmasta mausteesta saa loihdittua uskomattomia aterioita lis\u00e4\u00e4m\u00e4ll\u00e4 jotain korin tuotteista esim. pastaan, lihalle, risottoihin, keittoihin tai vaikka perunalle. Vitsin\u00e4 mukana my\u00f6s suklaatryffeli, jossa ei t\u00e4t\u00e4 maustetta ole, mutta nimi on varmasti alkujaan per\u00e4isin t\u00e4st\u00e4 sienikasvista.<br \/>\nTodellinen luksus lahja tryffeli\u00e4 arvostavalle tai yll\u00e4tys henkil\u00f6lle, joka ei koskaan ennen ole tryffeli\u00e4 maistanut.<br \/>\n1599 \u2013 KORI kartonkikori soikea 23x19x8cm<br \/>\n1324 \u2013 Maalaisterrini maustettu tryffelin mehulla 90g<br \/>\n2165 \u2013 Kes\u00e4tryffeli carpaccio \u2013 Godard \u2013 20g<br \/>\n2232 \u2013 Tryffelipasta 250g -Linguine<br \/>\n5231 \u2013 Tryffelill\u00e4 maustettu sipulihilloke 150g<br \/>\n9160 \u2013 Valkotryffelill\u00e4 maustettu oliivi\u00f6ljy-100ml<br \/>\n9161 \u2013 Kes\u00e4tryffelimajoneesi 180g<br \/>\n9165 \u2013 Tryffelisuola 50 g<br \/>\n1048 \u2013 Luomu ja reilun kaupan suklaatryffeli 160g<\/p>\n<p>*Mik\u00e4li joku tuote on loppunut varastosta, voimme vaihtaa sen toiseen vastaavaan.<\/p>\n","protected":false},"featured_media":139768,"comment_status":"open","ping_status":"open","template":"","meta":{"_acf_changed":false},"product_brand":[625],"product_cat":[684,727],"product_tag":[192,182,191],"class_list":{"0":"post-141453","1":"product","2":"type-product","3":"status-publish","4":"has-post-thumbnail","6":"product_brand-delideli","7":"product_cat-herkkukorit","8":"product_cat-lahjaksi","9":"product_tag-herkkukori","10":"product_tag-lahja","11":"product_tag-tryffeli","12":"product_shipping_class-shipping-discount","13":"pa_alkuperamaa-ranska","15":"first","16":"outofstock","17":"taxable","18":"shipping-taxable","19":"purchasable","20":"product-type-simple","swatches":"rey-swatches","show_selected":""},"acf":[],"_links":{"self":[{"href":"https:\/\/www.delideli.zoner.dev\/fin\/wp-json\/wp\/v2\/product\/141453","targetHints":{"allow":["GET"]}}],"collection":[{"href":"https:\/\/www.delideli.zoner.dev\/fin\/wp-json\/wp\/v2\/product"}],"about":[{"href":"https:\/\/www.delideli.zoner.dev\/fin\/wp-json\/wp\/v2\/types\/product"}],"replies":[{"embeddable":true,"href":"https:\/\/www.delideli.zoner.dev\/fin\/wp-json\/wp\/v2\/comments?post=141453"}],"version-history":[{"count":0,"href":"https:\/\/www.delideli.zoner.dev\/fin\/wp-json\/wp\/v2\/product\/141453\/revisions"}],"wp:featuredmedia":[{"embeddable":true,"href":"https:\/\/www.delideli.zoner.dev\/fin\/wp-json\/wp\/v2\/media\/139768"}],"wp:attachment":[{"href":"https:\/\/www.delideli.zoner.dev\/fin\/wp-json\/wp\/v2\/media?parent=141453"}],"wp:term":[{"taxonomy":"product_brand","embeddable":true,"href":"https:\/\/www.delideli.zoner.dev\/fin\/wp-json\/wp\/v2\/product_brand?post=141453"},{"taxonomy":"product_cat","embeddable":true,"href":"https:\/\/www.delideli.zoner.dev\/fin\/wp-json\/wp\/v2\/product_cat?post=141453"},{"taxonomy":"product_tag","embeddable":true,"href":"https:\/\/www.delideli.zoner.dev\/fin\/wp-json\/wp\/v2\/product_tag?post=141453"}],"curies":[{"name":"wp","href":"https:\/\/api.w.org\/{rel}","templated":true}]}}