{"id":141454,"date":"2018-08-27T15:29:17","date_gmt":"2018-08-27T15:29:17","guid":{"rendered":"https:\/\/www.delideli.zoner.dev\/tuote\/herkkukori-kahvihetki\/"},"modified":"2026-05-04T16:09:59","modified_gmt":"2026-05-04T16:09:59","slug":"herkkukori-kahvihetki","status":"publish","type":"product","link":"https:\/\/www.delideli.zoner.dev\/fin\/tuote\/herkkukori-kahvihetki\/","title":{"rendered":"Herkkukori Kahvihetki"},"content":{"rendered":"<p>Makea herkullinen kahvihetki saajalle. Siit\u00e4 on kyse t\u00e4ss\u00e4 korissa, joka sis\u00e4lt\u00e4\u00e4 ranskalaisen paahtimon reilua kahvia, voilla leivottuja Bretagnelaisia keksej\u00e4 ja valkosuklaa-hasselp\u00e4hkin\u00e4levitett\u00e4, italialaisia pistaasisuklaakonvehteja Astin vahnasta kaupungista, saksanp\u00e4hkin\u00f6it\u00e4 ranskasta ja k\u00e4sintehtyj\u00e4 reilun kaupan luomusuklaatryffeleit\u00e4, joiden tarjoiluun vinkki. Laita paketti j\u00e4\u00e4kaappiin ennen tarjoilua!Kori sis\u00e4lt\u00e4\u00e4<br \/>\n1626S &#8211; KORI kartonkitarjotin ruskea lehtikuvio 27x20x5cm<br \/>\n1048 &#8211; Luomu ja reilun kaupan suklaatryffeli 160g<br \/>\n1202 &#8211; Minimarenki kirsikka pussi 80g<br \/>\n1388 &#8211; Pistacciotti pistaasisuklaakonvehti irto KG<br \/>\n5020 &#8211; Pure origine Peru kahvi -jauhettu 250g<br \/>\n5230 &#8211; Valkosuklaa-hasselp\u00e4hkin\u00e4levite 150g<br \/>\n6300 &#8211; DeliDeli saksanp\u00e4hkin\u00e4 kuorittu AOP Noix du P\u00e9rigord 150g<br \/>\n7031 &#8211; Palet Bretagnelainen voikeksi DeliDeli 220g<\/p>\n<p>*Mik\u00e4li joku tuote on loppunut varastosta, voimme vaihtaa sen toiseen vastaavaan.<\/p>\n","protected":false},"excerpt":{"rendered":"<p>Makea herkullinen kahvihetki saajalle. Siit\u00e4 on kyse t\u00e4ss\u00e4 korissa, joka sis\u00e4lt\u00e4\u00e4 ranskalaisen paahtimon reilua kahvia, voilla leivottuja Bretagnelaisia keksej\u00e4 ja valkosuklaa-hasselp\u00e4hkin\u00e4levitett\u00e4, italialaisia pistaasisuklaakonvehteja Astin vahnasta kaupungista, saksanp\u00e4hkin\u00f6it\u00e4 ranskasta ja k\u00e4sintehtyj\u00e4 reilun kaupan luomusuklaatryffeleit\u00e4, joiden tarjoiluun vinkki. Laita paketti j\u00e4\u00e4kaappiin ennen tarjoilua!Kori sis\u00e4lt\u00e4\u00e4<br \/>\n1626S &#8211; KORI kartonkitarjotin ruskea lehtikuvio 27x20x5cm<br \/>\n1048 &#8211; Luomu ja reilun kaupan suklaatryffeli 160g<br \/>\n1202 &#8211; Minimarenki kirsikka pussi 80g<br \/>\n1388 &#8211; Pistacciotti pistaasisuklaakonvehti irto KG<br \/>\n5020 &#8211; Pure origine Peru kahvi -jauhettu 250g<br \/>\n5230 &#8211; Valkosuklaa-hasselp\u00e4hkin\u00e4levite 150g<br \/>\n6300 &#8211; DeliDeli saksanp\u00e4hkin\u00e4 kuorittu AOP Noix du P\u00e9rigord 150g<br \/>\n7031 &#8211; Palet Bretagnelainen voikeksi DeliDeli 220g<\/p>\n<p>*Mik\u00e4li joku tuote on loppunut varastosta, voimme vaihtaa sen toiseen vastaavaan.\u00a7<\/p>\n","protected":false},"featured_media":139770,"comment_status":"open","ping_status":"open","template":"","meta":{"_acf_changed":false},"product_brand":[625],"product_cat":[684,727],"product_tag":[192,182,193],"class_list":{"0":"post-141454","1":"product","2":"type-product","3":"status-publish","4":"has-post-thumbnail","6":"product_brand-delideli","7":"product_cat-herkkukorit","8":"product_cat-lahjaksi","9":"product_tag-herkkukori","10":"product_tag-lahja","11":"product_tag-lahjaidea","12":"product_shipping_class-shipping-discount","13":"pa_alkuperamaa-ranska","15":"first","16":"outofstock","17":"taxable","18":"shipping-taxable","19":"purchasable","20":"product-type-simple","swatches":"rey-swatches","show_selected":""},"acf":[],"_links":{"self":[{"href":"https:\/\/www.delideli.zoner.dev\/fin\/wp-json\/wp\/v2\/product\/141454","targetHints":{"allow":["GET"]}}],"collection":[{"href":"https:\/\/www.delideli.zoner.dev\/fin\/wp-json\/wp\/v2\/product"}],"about":[{"href":"https:\/\/www.delideli.zoner.dev\/fin\/wp-json\/wp\/v2\/types\/product"}],"replies":[{"embeddable":true,"href":"https:\/\/www.delideli.zoner.dev\/fin\/wp-json\/wp\/v2\/comments?post=141454"}],"version-history":[{"count":0,"href":"https:\/\/www.delideli.zoner.dev\/fin\/wp-json\/wp\/v2\/product\/141454\/revisions"}],"wp:featuredmedia":[{"embeddable":true,"href":"https:\/\/www.delideli.zoner.dev\/fin\/wp-json\/wp\/v2\/media\/139770"}],"wp:attachment":[{"href":"https:\/\/www.delideli.zoner.dev\/fin\/wp-json\/wp\/v2\/media?parent=141454"}],"wp:term":[{"taxonomy":"product_brand","embeddable":true,"href":"https:\/\/www.delideli.zoner.dev\/fin\/wp-json\/wp\/v2\/product_brand?post=141454"},{"taxonomy":"product_cat","embeddable":true,"href":"https:\/\/www.delideli.zoner.dev\/fin\/wp-json\/wp\/v2\/product_cat?post=141454"},{"taxonomy":"product_tag","embeddable":true,"href":"https:\/\/www.delideli.zoner.dev\/fin\/wp-json\/wp\/v2\/product_tag?post=141454"}],"curies":[{"name":"wp","href":"https:\/\/api.w.org\/{rel}","templated":true}]}}