{"id":141457,"date":"2018-10-07T09:54:54","date_gmt":"2018-10-07T09:54:54","guid":{"rendered":"https:\/\/www.delideli.zoner.dev\/tuote\/aprikoosihillo-roussillon-300g\/"},"modified":"2026-05-04T16:10:02","modified_gmt":"2026-05-04T16:10:02","slug":"aprikoosihillo-roussillon-300g","status":"publish","type":"product","link":"https:\/\/www.delideli.zoner.dev\/fin\/tuote\/aprikoosihillo-roussillon-300g\/","title":{"rendered":"Aprikoosihillo, 100 % hedelm\u00e4\u00e4 300 g"},"content":{"rendered":"<p>Ihanan hedelm\u00e4iset ja herkulliset Lucien Georgelinin hillot valmistetaan edelleen pitk\u00e4\u00e4n keitt\u00e4en suuressa padassa, kuten on tehty vuosikymmenien ajan valmistajan \u00e4idin reseptin mukaan. Aprikoosihillossa k\u00e4ytetyt hedelm\u00e4t on poimittu tarkasti vain parhaiten kypsyneet hedelm\u00e4t valiten. Itse hedelmien lis\u00e4ksi hillo on makeutettu ainoastaan luonnollisella hedelm\u00e4sokerilla.<br \/>\nHerkullisen reseptin salaisuutena onkin aito perinteinen valmistustapa, puhtaat raaka-aineet sek\u00e4 luonnollinen pektiini \u2013 ilman lis\u00e4- tai s\u00e4il\u00f6nt\u00e4aineita, v\u00e4riaineita tai keinotekoisia aromeja. Aprikoosihillo maistuu t\u00e4ydellisesti esimerkiksi leiv\u00e4n p\u00e4\u00e4ll\u00e4, croissantilla, puurossa tai j\u00e4lkiruokien ja leivonnaisten t\u00e4ytteen\u00e4!<\/p>\n","protected":false},"excerpt":{"rendered":"<p>Aprikoosihillon yst\u00e4ville Lucien Georgelinin 100 % hedelm\u00e4\u00e4n sis\u00e4lt\u00e4v\u00e4 Roussilonin aprikooseista valmistettu hillo on t\u00e4ydellinen valinta. Hillo sis\u00e4lt\u00e4\u00e4 60 % t\u00e4ytt\u00e4 hedelm\u00e4\u00e4, ja makeutuksessa on k\u00e4ytetty hedelm\u00e4sokeria. T\u00e4m\u00e4n lis\u00e4ksi aprikoosihilloon on lis\u00e4tty ainoastaan luonnollista pektiini\u00e4 sakeuttamiseen sek\u00e4 hieman sitruunamehua korostamaan aprikoosin omaa hedelm\u00e4ist\u00e4 makua.<\/p>\n","protected":false},"featured_media":139774,"comment_status":"open","ping_status":"open","template":"","meta":{"_acf_changed":false},"product_brand":[641],"product_cat":[710,681],"product_tag":[],"class_list":{"0":"post-141457","1":"product","2":"type-product","3":"status-publish","4":"has-post-thumbnail","6":"product_brand-lucien-georgelin","7":"product_cat-hillot","8":"product_cat-marjat-hedelmat","9":"product_shipping_class-shipping-discount","10":"pa_alkuperamaa-ranska","12":"first","13":"instock","14":"taxable","15":"shipping-taxable","16":"purchasable","17":"product-type-simple","swatches":"rey-swatches","show_selected":""},"acf":[],"_links":{"self":[{"href":"https:\/\/www.delideli.zoner.dev\/fin\/wp-json\/wp\/v2\/product\/141457","targetHints":{"allow":["GET"]}}],"collection":[{"href":"https:\/\/www.delideli.zoner.dev\/fin\/wp-json\/wp\/v2\/product"}],"about":[{"href":"https:\/\/www.delideli.zoner.dev\/fin\/wp-json\/wp\/v2\/types\/product"}],"replies":[{"embeddable":true,"href":"https:\/\/www.delideli.zoner.dev\/fin\/wp-json\/wp\/v2\/comments?post=141457"}],"version-history":[{"count":0,"href":"https:\/\/www.delideli.zoner.dev\/fin\/wp-json\/wp\/v2\/product\/141457\/revisions"}],"wp:featuredmedia":[{"embeddable":true,"href":"https:\/\/www.delideli.zoner.dev\/fin\/wp-json\/wp\/v2\/media\/139774"}],"wp:attachment":[{"href":"https:\/\/www.delideli.zoner.dev\/fin\/wp-json\/wp\/v2\/media?parent=141457"}],"wp:term":[{"taxonomy":"product_brand","embeddable":true,"href":"https:\/\/www.delideli.zoner.dev\/fin\/wp-json\/wp\/v2\/product_brand?post=141457"},{"taxonomy":"product_cat","embeddable":true,"href":"https:\/\/www.delideli.zoner.dev\/fin\/wp-json\/wp\/v2\/product_cat?post=141457"},{"taxonomy":"product_tag","embeddable":true,"href":"https:\/\/www.delideli.zoner.dev\/fin\/wp-json\/wp\/v2\/product_tag?post=141457"}],"curies":[{"name":"wp","href":"https:\/\/api.w.org\/{rel}","templated":true}]}}