{"id":141458,"date":"2018-10-09T12:53:35","date_gmt":"2018-10-09T12:53:35","guid":{"rendered":"https:\/\/www.delideli.zoner.dev\/tuote\/kes%c3%a4tryffelimajoneesi-180g\/"},"modified":"2026-05-04T16:10:02","modified_gmt":"2026-05-04T16:10:02","slug":"kes%c3%a4tryffelimajoneesi-180g","status":"publish","type":"product","link":"https:\/\/www.delideli.zoner.dev\/fin\/tuote\/kes%c3%a4tryffelimajoneesi-180g\/","title":{"rendered":"Kes\u00e4tryffelimajoneesi 180g"},"content":{"rendered":"<p>Maison P\u00e9beyren kes\u00e4tryffelimajoneesi valmistetaan korkealaatuisista raaka-aineista, yhden ollessa aito kes\u00e4tryffeli. Pohjassa k\u00e4ytet\u00e4\u00e4n auringonkukka\u00f6ljy\u00e4. Tuotteessa ei k\u00e4ytet\u00e4 lainkaan keinotekoisia aromeja tai lis\u00e4- ja s\u00e4il\u00f6nt\u00e4aineita. Kokeile tryffelimajoneesia kuten tavallistakin majoneesia esimerkiksi lihojen, kalojen tai vihannesten kanssa. Eron kyll\u00e4 huomaa!<\/p>\n","protected":false},"excerpt":{"rendered":"<p>Niin burgeri, pihvi kuin ranskanperunatkin nousevat aivan uudelle tasolle, kun tarjoilet ne tryffelimajoneesin kanssa. Tryffelituotteisiin erikoistuneen Maison P\u00e9beyren tryffelimajoneesi sis\u00e4lt\u00e4\u00e4 aitoa kes\u00e4tryffeli\u00e4, joka tuo majoneesiin herkullisen ja ylellisen aromin.<\/p>\n","protected":false},"featured_media":139776,"comment_status":"open","ping_status":"open","template":"","meta":{"_acf_changed":false},"product_brand":[643],"product_cat":[688,676,714],"product_tag":[],"class_list":{"0":"post-141458","1":"product","2":"type-product","3":"status-publish","4":"has-post-thumbnail","6":"product_brand-maison-pebeyre","7":"product_cat-kastikkeet","8":"product_cat-suolaiset","9":"product_cat-tryffeli","10":"product_shipping_class-shipping-discount","11":"pa_alkuperamaa-ranska","13":"first","14":"instock","15":"taxable","16":"shipping-taxable","17":"purchasable","18":"product-type-simple","swatches":"rey-swatches","show_selected":""},"acf":[],"_links":{"self":[{"href":"https:\/\/www.delideli.zoner.dev\/fin\/wp-json\/wp\/v2\/product\/141458","targetHints":{"allow":["GET"]}}],"collection":[{"href":"https:\/\/www.delideli.zoner.dev\/fin\/wp-json\/wp\/v2\/product"}],"about":[{"href":"https:\/\/www.delideli.zoner.dev\/fin\/wp-json\/wp\/v2\/types\/product"}],"replies":[{"embeddable":true,"href":"https:\/\/www.delideli.zoner.dev\/fin\/wp-json\/wp\/v2\/comments?post=141458"}],"version-history":[{"count":0,"href":"https:\/\/www.delideli.zoner.dev\/fin\/wp-json\/wp\/v2\/product\/141458\/revisions"}],"wp:featuredmedia":[{"embeddable":true,"href":"https:\/\/www.delideli.zoner.dev\/fin\/wp-json\/wp\/v2\/media\/139776"}],"wp:attachment":[{"href":"https:\/\/www.delideli.zoner.dev\/fin\/wp-json\/wp\/v2\/media?parent=141458"}],"wp:term":[{"taxonomy":"product_brand","embeddable":true,"href":"https:\/\/www.delideli.zoner.dev\/fin\/wp-json\/wp\/v2\/product_brand?post=141458"},{"taxonomy":"product_cat","embeddable":true,"href":"https:\/\/www.delideli.zoner.dev\/fin\/wp-json\/wp\/v2\/product_cat?post=141458"},{"taxonomy":"product_tag","embeddable":true,"href":"https:\/\/www.delideli.zoner.dev\/fin\/wp-json\/wp\/v2\/product_tag?post=141458"}],"curies":[{"name":"wp","href":"https:\/\/api.w.org\/{rel}","templated":true}]}}